{"id":21070,"date":"2020-01-27T14:44:09","date_gmt":"2020-01-27T12:44:09","guid":{"rendered":"https:\/\/ddt.lv\/lv\/product\/kustibu-sensors-180-max-12m-1200w-ip44-balts-emos\/"},"modified":"2026-04-08T14:30:52","modified_gmt":"2026-04-08T11:30:52","slug":"kustibu-sensors-180-max-12m-1200w-ip44-balts-emos","status":"publish","type":"product","link":"https:\/\/ddt.lv\/lv\/product\/kustibu-sensors-180-max-12m-1200w-ip44-balts-emos\/","title":{"rendered":"Kust\u012bbu sensors EMOS 180&#8242;, max 12m 1200W IP44"},"content":{"rendered":"<p>Kust\u012bbu sensors 180&#8242; no ra\u017eot\u0101ja Emos.<\/p>\n","protected":false},"excerpt":{"rendered":"<p>Kust\u012bbu sensors 180&#8242; no ra\u017eot\u0101ja Emos.<\/p>\n","protected":false},"featured_media":21116,"comment_status":"closed","ping_status":"closed","template":"","meta":{"inline_featured_image":false},"product_cat":[900],"product_tag":[],"yst_prominent_words":[],"class_list":{"0":"post-21070","1":"product","2":"type-product","3":"status-publish","4":"has-post-thumbnail","6":"product_cat-sensori-u-c-piederumi","8":"first","9":"instock","10":"taxable","11":"shipping-taxable","12":"purchasable","13":"product-type-simple"},"jetpack_sharing_enabled":true,"_links":{"self":[{"href":"https:\/\/ddt.lv\/lv\/wp-json\/wp\/v2\/product\/21070"}],"collection":[{"href":"https:\/\/ddt.lv\/lv\/wp-json\/wp\/v2\/product"}],"about":[{"href":"https:\/\/ddt.lv\/lv\/wp-json\/wp\/v2\/types\/product"}],"replies":[{"embeddable":true,"href":"https:\/\/ddt.lv\/lv\/wp-json\/wp\/v2\/comments?post=21070"}],"wp:featuredmedia":[{"embeddable":true,"href":"https:\/\/ddt.lv\/lv\/wp-json\/wp\/v2\/media\/21116"}],"wp:attachment":[{"href":"https:\/\/ddt.lv\/lv\/wp-json\/wp\/v2\/media?parent=21070"}],"wp:term":[{"taxonomy":"product_cat","embeddable":true,"href":"https:\/\/ddt.lv\/lv\/wp-json\/wp\/v2\/product_cat?post=21070"},{"taxonomy":"product_tag","embeddable":true,"href":"https:\/\/ddt.lv\/lv\/wp-json\/wp\/v2\/product_tag?post=21070"},{"taxonomy":"yst_prominent_words","embeddable":true,"href":"https:\/\/ddt.lv\/lv\/wp-json\/wp\/v2\/yst_prominent_words?post=21070"}],"curies":[{"name":"wp","href":"https:\/\/api.w.org\/{rel}","templated":true}]}}