{"id":20684,"date":"2020-01-14T14:47:31","date_gmt":"2020-01-14T12:47:31","guid":{"rendered":"https:\/\/ddt.lv\/lv\/product\/virtuves-svari-digitalie-ar-trauku-5kg-balti-2xaaa-emos\/"},"modified":"2026-04-06T10:50:44","modified_gmt":"2026-04-06T07:50:44","slug":"virtuves-svari-digitalie-ar-trauku-5kg-balti-2xaaa-emos","status":"publish","type":"product","link":"https:\/\/ddt.lv\/lv\/product\/virtuves-svari-digitalie-ar-trauku-5kg-balti-2xaaa-emos\/","title":{"rendered":"Virtuves svari digit\u0101li, ar trauku 5kg, balti (2xAAA) EMOS"},"content":{"rendered":"<p>Virtuves svari ir praktisks piederums ikvienai virtuvei. Pateicoties to stil\u012bgajam dizainam, tiem noteikti atrad\u012bsies vieta katr\u0101 virtuv\u0113!<\/p>\n","protected":false},"excerpt":{"rendered":"<p>Virtuves svari ir praktisks piederums ikvienai virtuvei. Pateicoties to stil\u012bgajam dizainam, tiem noteikti atrad\u012bsies vieta katr\u0101 virtuv\u0113!<\/p>\n","protected":false},"featured_media":20724,"comment_status":"closed","ping_status":"closed","template":"","meta":{"inline_featured_image":false},"product_cat":[793],"product_tag":[],"yst_prominent_words":[],"class_list":{"0":"post-20684","1":"product","2":"type-product","3":"status-publish","4":"has-post-thumbnail","6":"product_cat-virtuves-svari","8":"first","9":"instock","10":"taxable","11":"shipping-taxable","12":"purchasable","13":"product-type-simple"},"jetpack_sharing_enabled":true,"_links":{"self":[{"href":"https:\/\/ddt.lv\/lv\/wp-json\/wp\/v2\/product\/20684"}],"collection":[{"href":"https:\/\/ddt.lv\/lv\/wp-json\/wp\/v2\/product"}],"about":[{"href":"https:\/\/ddt.lv\/lv\/wp-json\/wp\/v2\/types\/product"}],"replies":[{"embeddable":true,"href":"https:\/\/ddt.lv\/lv\/wp-json\/wp\/v2\/comments?post=20684"}],"wp:featuredmedia":[{"embeddable":true,"href":"https:\/\/ddt.lv\/lv\/wp-json\/wp\/v2\/media\/20724"}],"wp:attachment":[{"href":"https:\/\/ddt.lv\/lv\/wp-json\/wp\/v2\/media?parent=20684"}],"wp:term":[{"taxonomy":"product_cat","embeddable":true,"href":"https:\/\/ddt.lv\/lv\/wp-json\/wp\/v2\/product_cat?post=20684"},{"taxonomy":"product_tag","embeddable":true,"href":"https:\/\/ddt.lv\/lv\/wp-json\/wp\/v2\/product_tag?post=20684"},{"taxonomy":"yst_prominent_words","embeddable":true,"href":"https:\/\/ddt.lv\/lv\/wp-json\/wp\/v2\/yst_prominent_words?post=20684"}],"curies":[{"name":"wp","href":"https:\/\/api.w.org\/{rel}","templated":true}]}}