{"id":20653,"date":"2020-01-14T12:05:25","date_gmt":"2020-01-14T10:05:25","guid":{"rendered":"https:\/\/ddt.lv\/lv\/product\/svari-digitalie-180kg-melni-2xaaa-emos\/"},"modified":"2026-04-13T09:52:25","modified_gmt":"2026-04-13T06:52:25","slug":"svari-digitalie-180kg-melni-2xaaa-emos","status":"publish","type":"product","link":"https:\/\/ddt.lv\/lv\/product\/svari-digitalie-180kg-melni-2xaaa-emos\/","title":{"rendered":"Svari digit\u0101li 180kg, melni (2xAAA) EMOS"},"content":{"rendered":"<p>Vannas istabas svariem vajadz\u0113tu b\u016bt katras m\u0101jsaimniec\u012bbas neat\u0146emamai sast\u0101vda\u013cai, pat ja j\u016bs \u0161obr\u012bd neiev\u0113rojat di\u0113tu. Izmantojot \u0161os svarus, j\u016bs varat prec\u012bzi sekot l\u012bdzi savam svaram.<\/p>\n","protected":false},"excerpt":{"rendered":"<p>Vannas istabas svariem vajadz\u0113tu b\u016bt katras m\u0101jsaimniec\u012bbas neat\u0146emamai sast\u0101vda\u013cai, pat ja j\u016bs \u0161obr\u012bd neiev\u0113rojat di\u0113tu. Izmantojot \u0161os svarus, j\u016bs varat prec\u012bzi sekot l\u012bdzi savam svaram.<\/p>\n","protected":false},"featured_media":20676,"comment_status":"closed","ping_status":"closed","template":"","meta":{"inline_featured_image":false},"product_cat":[794],"product_tag":[],"yst_prominent_words":[],"class_list":{"0":"post-20653","1":"product","2":"type-product","3":"status-publish","4":"has-post-thumbnail","6":"product_cat-kermena-bagazas-svari","8":"first","9":"instock","10":"taxable","11":"shipping-taxable","12":"purchasable","13":"product-type-simple"},"jetpack_sharing_enabled":true,"_links":{"self":[{"href":"https:\/\/ddt.lv\/lv\/wp-json\/wp\/v2\/product\/20653"}],"collection":[{"href":"https:\/\/ddt.lv\/lv\/wp-json\/wp\/v2\/product"}],"about":[{"href":"https:\/\/ddt.lv\/lv\/wp-json\/wp\/v2\/types\/product"}],"replies":[{"embeddable":true,"href":"https:\/\/ddt.lv\/lv\/wp-json\/wp\/v2\/comments?post=20653"}],"wp:featuredmedia":[{"embeddable":true,"href":"https:\/\/ddt.lv\/lv\/wp-json\/wp\/v2\/media\/20676"}],"wp:attachment":[{"href":"https:\/\/ddt.lv\/lv\/wp-json\/wp\/v2\/media?parent=20653"}],"wp:term":[{"taxonomy":"product_cat","embeddable":true,"href":"https:\/\/ddt.lv\/lv\/wp-json\/wp\/v2\/product_cat?post=20653"},{"taxonomy":"product_tag","embeddable":true,"href":"https:\/\/ddt.lv\/lv\/wp-json\/wp\/v2\/product_tag?post=20653"},{"taxonomy":"yst_prominent_words","embeddable":true,"href":"https:\/\/ddt.lv\/lv\/wp-json\/wp\/v2\/yst_prominent_words?post=20653"}],"curies":[{"name":"wp","href":"https:\/\/api.w.org\/{rel}","templated":true}]}}