{"id":20652,"date":"2020-01-14T12:05:25","date_gmt":"2020-01-14T10:05:25","guid":{"rendered":"https:\/\/ddt.lv\/lv\/product\/bagazas-svari-digitalie-50kghroms-balts1xcr2032emos\/"},"modified":"2026-04-13T09:50:42","modified_gmt":"2026-04-13T06:50:42","slug":"bagazas-svari-digitalie-50kghroms-balts1xcr2032emos","status":"publish","type":"product","link":"https:\/\/ddt.lv\/lv\/product\/bagazas-svari-digitalie-50kghroms-balts1xcr2032emos\/","title":{"rendered":"Bag\u0101\u017eas svari digit\u0101li 50kg, hroms\/balts (1xCR2032) EMOS"},"content":{"rendered":"<p>Digit\u0101l\u0101s bag\u0101\u017eas svari ir praktisks pal\u012bgs, lai noteiktu somu, koferu vai priek\u0161meta svaru l\u012bdz 50 kg. Pateicoties \u0161iem svariem, ce\u013cojot ar lidma\u0161\u012bnu jums vairs nekad neb\u016bs j\u0101maks\u0101 par to, ka bag\u0101\u017ea p\u0101rsniedz svara ierobe\u017eojumu.<\/p>\n","protected":false},"excerpt":{"rendered":"<p>Digit\u0101l\u0101s bag\u0101\u017eas svari ir praktisks pal\u012bgs, lai noteiktu somu, koferu vai priek\u0161meta svaru l\u012bdz 50 kg. Pateicoties \u0161iem svariem, ce\u013cojot ar lidma\u0161\u012bnu jums vairs nekad neb\u016bs j\u0101maks\u0101 par to, ka bag\u0101\u017ea p\u0101rsniedz svara ierobe\u017eojumu.<\/p>\n","protected":false},"featured_media":20673,"comment_status":"closed","ping_status":"closed","template":"","meta":{"inline_featured_image":false},"product_cat":[794],"product_tag":[],"yst_prominent_words":[],"class_list":{"0":"post-20652","1":"product","2":"type-product","3":"status-publish","4":"has-post-thumbnail","6":"product_cat-kermena-bagazas-svari","8":"first","9":"instock","10":"taxable","11":"shipping-taxable","12":"purchasable","13":"product-type-simple"},"jetpack_sharing_enabled":true,"_links":{"self":[{"href":"https:\/\/ddt.lv\/lv\/wp-json\/wp\/v2\/product\/20652"}],"collection":[{"href":"https:\/\/ddt.lv\/lv\/wp-json\/wp\/v2\/product"}],"about":[{"href":"https:\/\/ddt.lv\/lv\/wp-json\/wp\/v2\/types\/product"}],"replies":[{"embeddable":true,"href":"https:\/\/ddt.lv\/lv\/wp-json\/wp\/v2\/comments?post=20652"}],"wp:featuredmedia":[{"embeddable":true,"href":"https:\/\/ddt.lv\/lv\/wp-json\/wp\/v2\/media\/20673"}],"wp:attachment":[{"href":"https:\/\/ddt.lv\/lv\/wp-json\/wp\/v2\/media?parent=20652"}],"wp:term":[{"taxonomy":"product_cat","embeddable":true,"href":"https:\/\/ddt.lv\/lv\/wp-json\/wp\/v2\/product_cat?post=20652"},{"taxonomy":"product_tag","embeddable":true,"href":"https:\/\/ddt.lv\/lv\/wp-json\/wp\/v2\/product_tag?post=20652"},{"taxonomy":"yst_prominent_words","embeddable":true,"href":"https:\/\/ddt.lv\/lv\/wp-json\/wp\/v2\/yst_prominent_words?post=20652"}],"curies":[{"name":"wp","href":"https:\/\/api.w.org\/{rel}","templated":true}]}}