{"id":20338,"date":"2020-01-02T09:39:57","date_gmt":"2020-01-02T07:39:57","guid":{"rendered":"https:\/\/ddt.lv\/lv\/product\/sviestmaizu-tosters-24520-56-rh-russell-hobbs-melns\/"},"modified":"2026-04-08T14:36:14","modified_gmt":"2026-04-08T11:36:14","slug":"sviestmaizu-tosters-24520-56-rh-russell-hobbs-melns","status":"publish","type":"product","link":"https:\/\/ddt.lv\/lv\/product\/sviestmaizu-tosters-24520-56-rh-russell-hobbs-melns\/","title":{"rendered":"Sviestmai\u017eu tosteris 24520-56\/RH Russell Hobbs melns"},"content":{"rendered":"<p>Lielisks virtuves pal\u012bgs no ra\u017eot\u0101ja Russell Hobbs!<\/p>\n","protected":false},"excerpt":{"rendered":"<p>Lielisks virtuves pal\u012bgs no ra\u017eot\u0101ja Russell Hobbs!<\/p>\n","protected":false},"featured_media":20360,"comment_status":"closed","ping_status":"closed","template":"","meta":{"inline_featured_image":false},"product_cat":[531],"product_tag":[],"yst_prominent_words":[],"class_list":{"0":"post-20338","1":"product","2":"type-product","3":"status-publish","4":"has-post-thumbnail","6":"product_cat-tosteri","8":"first","9":"outofstock","10":"taxable","11":"shipping-taxable","12":"purchasable","13":"product-type-simple"},"jetpack_sharing_enabled":true,"_links":{"self":[{"href":"https:\/\/ddt.lv\/lv\/wp-json\/wp\/v2\/product\/20338"}],"collection":[{"href":"https:\/\/ddt.lv\/lv\/wp-json\/wp\/v2\/product"}],"about":[{"href":"https:\/\/ddt.lv\/lv\/wp-json\/wp\/v2\/types\/product"}],"replies":[{"embeddable":true,"href":"https:\/\/ddt.lv\/lv\/wp-json\/wp\/v2\/comments?post=20338"}],"wp:featuredmedia":[{"embeddable":true,"href":"https:\/\/ddt.lv\/lv\/wp-json\/wp\/v2\/media\/20360"}],"wp:attachment":[{"href":"https:\/\/ddt.lv\/lv\/wp-json\/wp\/v2\/media?parent=20338"}],"wp:term":[{"taxonomy":"product_cat","embeddable":true,"href":"https:\/\/ddt.lv\/lv\/wp-json\/wp\/v2\/product_cat?post=20338"},{"taxonomy":"product_tag","embeddable":true,"href":"https:\/\/ddt.lv\/lv\/wp-json\/wp\/v2\/product_tag?post=20338"},{"taxonomy":"yst_prominent_words","embeddable":true,"href":"https:\/\/ddt.lv\/lv\/wp-json\/wp\/v2\/yst_prominent_words?post=20338"}],"curies":[{"name":"wp","href":"https:\/\/api.w.org\/{rel}","templated":true}]}}