{"id":20334,"date":"2020-01-02T09:39:55","date_gmt":"2020-01-02T07:39:55","guid":{"rendered":"https:\/\/ddt.lv\/lv\/product\/elektriska-tejkanna-travel-23840-70-rh-1-0w-0-85l-balta\/"},"modified":"2026-04-01T00:16:23","modified_gmt":"2026-03-31T21:16:23","slug":"elektriska-tejkanna-travel-23840-70-rh-1-0w-0-85l-balta","status":"publish","type":"product","link":"https:\/\/ddt.lv\/lv\/product\/elektriska-tejkanna-travel-23840-70-rh-1-0w-0-85l-balta\/","title":{"rendered":"Elektrisk\u0101 t\u0113jkanna Russell Hobbs Travel 23840-70 1.0W 0.85l, balta"},"content":{"rendered":"<p>Kompakta un praktiska ce\u013cojumu t\u0113jkanna no ra\u017eot\u0101ja Russell Hobbs.<\/p>\n","protected":false},"excerpt":{"rendered":"<p>Kompakta un praktiska ce\u013cojumu t\u0113jkanna no ra\u017eot\u0101ja Russell Hobbs.<\/p>\n","protected":false},"featured_media":20377,"comment_status":"closed","ping_status":"closed","template":"","meta":{"inline_featured_image":false},"product_cat":[523],"product_tag":[],"yst_prominent_words":[],"class_list":{"0":"post-20334","1":"product","2":"type-product","3":"status-publish","4":"has-post-thumbnail","6":"product_cat-tejkannas-kafijas-automati","8":"first","9":"outofstock","10":"taxable","11":"shipping-taxable","12":"purchasable","13":"product-type-simple"},"jetpack_sharing_enabled":true,"_links":{"self":[{"href":"https:\/\/ddt.lv\/lv\/wp-json\/wp\/v2\/product\/20334"}],"collection":[{"href":"https:\/\/ddt.lv\/lv\/wp-json\/wp\/v2\/product"}],"about":[{"href":"https:\/\/ddt.lv\/lv\/wp-json\/wp\/v2\/types\/product"}],"replies":[{"embeddable":true,"href":"https:\/\/ddt.lv\/lv\/wp-json\/wp\/v2\/comments?post=20334"}],"wp:featuredmedia":[{"embeddable":true,"href":"https:\/\/ddt.lv\/lv\/wp-json\/wp\/v2\/media\/20377"}],"wp:attachment":[{"href":"https:\/\/ddt.lv\/lv\/wp-json\/wp\/v2\/media?parent=20334"}],"wp:term":[{"taxonomy":"product_cat","embeddable":true,"href":"https:\/\/ddt.lv\/lv\/wp-json\/wp\/v2\/product_cat?post=20334"},{"taxonomy":"product_tag","embeddable":true,"href":"https:\/\/ddt.lv\/lv\/wp-json\/wp\/v2\/product_tag?post=20334"},{"taxonomy":"yst_prominent_words","embeddable":true,"href":"https:\/\/ddt.lv\/lv\/wp-json\/wp\/v2\/yst_prominent_words?post=20334"}],"curies":[{"name":"wp","href":"https:\/\/api.w.org\/{rel}","templated":true}]}}