{"id":20333,"date":"2020-01-02T09:39:55","date_gmt":"2020-01-02T07:39:55","guid":{"rendered":"https:\/\/ddt.lv\/lv\/product\/blenderis-explore-22240-56-rh-russell-hobbs\/"},"modified":"2026-04-08T14:31:52","modified_gmt":"2026-04-08T11:31:52","slug":"blenderis-explore-22240-56-rh-russell-hobbs","status":"publish","type":"product","link":"https:\/\/ddt.lv\/lv\/product\/blenderis-explore-22240-56-rh-russell-hobbs\/","title":{"rendered":"Blenderis EXPLORE 22240-56\/RH Russell Hobbs"},"content":{"rendered":"<p>Explore Hand blenderis ar vienas pogas darb\u012bbu ir lieliski piem\u0113rots \u0101trai un \u0113rtai \u0113st gatavo\u0161anai.\u0112rta t\u012br\u012b\u0161ana, jo tam ir no\u0146emama plastmasas k\u0101ja ar iztur\u012bgu ner\u016bs\u0113jo\u0161\u0101 t\u0113rauda asmeni, kuru j\u016bs varat vienk\u0101r\u0161i no\u0146emt. Blenderis Explore ir lielisks risin\u0101jums aiz\u0146emtiem cilv\u0113kiem, kuri m\u012bl svaigi pagatavotu \u0113dienu, bet nev\u0113las t\u0113r\u0113t papildu laiku sast\u0101vda\u013cu sagatavo\u0161anai.<\/p>\n","protected":false},"excerpt":{"rendered":"<p>Explore Hand blenderis ar vienas pogas darb\u012bbu ir lieliski piem\u0113rots \u0101trai un \u0113rtai \u0113st gatavo\u0161anai.\u0112rta t\u012br\u012b\u0161ana, jo tam ir no\u0146emama plastmasas k\u0101ja ar iztur\u012bgu ner\u016bs\u0113jo\u0161\u0101 t\u0113rauda asmeni, kuru j\u016bs varat vienk\u0101r\u0161i no\u0146emt. Blenderis Explore ir lielisks risin\u0101jums aiz\u0146emtiem cilv\u0113kiem, kuri m\u012bl svaigi pagatavotu \u0113dienu, bet nev\u0113las t\u0113r\u0113t papildu laiku sast\u0101vda\u013cu sagatavo\u0161anai.<\/p>\n","protected":false},"featured_media":20382,"comment_status":"closed","ping_status":"closed","template":"","meta":{"inline_featured_image":false},"product_cat":[535],"product_tag":[],"yst_prominent_words":[],"class_list":{"0":"post-20333","1":"product","2":"type-product","3":"status-publish","4":"has-post-thumbnail","6":"product_cat-blenderimikserisulasspiedes","8":"first","9":"outofstock","10":"taxable","11":"shipping-taxable","12":"purchasable","13":"product-type-simple"},"jetpack_sharing_enabled":true,"_links":{"self":[{"href":"https:\/\/ddt.lv\/lv\/wp-json\/wp\/v2\/product\/20333"}],"collection":[{"href":"https:\/\/ddt.lv\/lv\/wp-json\/wp\/v2\/product"}],"about":[{"href":"https:\/\/ddt.lv\/lv\/wp-json\/wp\/v2\/types\/product"}],"replies":[{"embeddable":true,"href":"https:\/\/ddt.lv\/lv\/wp-json\/wp\/v2\/comments?post=20333"}],"wp:featuredmedia":[{"embeddable":true,"href":"https:\/\/ddt.lv\/lv\/wp-json\/wp\/v2\/media\/20382"}],"wp:attachment":[{"href":"https:\/\/ddt.lv\/lv\/wp-json\/wp\/v2\/media?parent=20333"}],"wp:term":[{"taxonomy":"product_cat","embeddable":true,"href":"https:\/\/ddt.lv\/lv\/wp-json\/wp\/v2\/product_cat?post=20333"},{"taxonomy":"product_tag","embeddable":true,"href":"https:\/\/ddt.lv\/lv\/wp-json\/wp\/v2\/product_tag?post=20333"},{"taxonomy":"yst_prominent_words","embeddable":true,"href":"https:\/\/ddt.lv\/lv\/wp-json\/wp\/v2\/yst_prominent_words?post=20333"}],"curies":[{"name":"wp","href":"https:\/\/api.w.org\/{rel}","templated":true}]}}