{"id":20332,"date":"2020-01-02T09:39:55","date_gmt":"2020-01-02T07:39:55","guid":{"rendered":"https:\/\/ddt.lv\/lv\/product\/rokas-blenderis-ar-glaz-desire-24690-56-rh-sarkans-russ-hob\/"},"modified":"2026-04-08T14:36:08","modified_gmt":"2026-04-08T11:36:08","slug":"rokas-blenderis-ar-glaz-desire-24690-56-rh-sarkans-russ-hob","status":"publish","type":"product","link":"https:\/\/ddt.lv\/lv\/product\/rokas-blenderis-ar-glaz-desire-24690-56-rh-sarkans-russ-hob\/","title":{"rendered":"Rokas Blenderis ar gl\u0101zi DESIRE 24690-56\/RH Russell Hobbs"},"content":{"rendered":"<p>Rokas blender\u012b Desire ir apr\u012bkots ar visu nepiecie\u0161amo lai veiksm\u012bgi darbotos virtuv\u0113! Blenderis \u013cauj Jums piln\u012bb\u0101 kontrol\u0113t sast\u0101vda\u013cu sasmalcin\u0101\u0161anu, sajauk\u0161anu un puto\u0161anu. Lieliski ieder\u0113sies jebkur\u0101 virtuves dizain\u0101. Neatkar\u012bgi no t\u0101, vai jums ir j\u0101sagatavo bieze\u0146a zupa vai atsvaidzino\u0161a k\u016bka &#8211; ar \u0161o blenderi visu \u0113rti iesp\u0113jams paveikt!<\/p>\n","protected":false},"excerpt":{"rendered":"<p>Rokas blender\u012b Desire ir apr\u012bkots ar visu nepiecie\u0161amo lai veiksm\u012bgi darbotos virtuv\u0113! Blenderis \u013cauj Jums piln\u012bb\u0101 kontrol\u0113t sast\u0101vda\u013cu sasmalcin\u0101\u0161anu, sajauk\u0161anu un puto\u0161anu. Lieliski ieder\u0113sies jebkur\u0101 virtuves dizain\u0101. Neatkar\u012bgi no t\u0101, vai jums ir j\u0101sagatavo bieze\u0146a zupa vai atsvaidzino\u0161a k\u016bka &#8211; ar \u0161o blenderi visu \u0113rti iesp\u0113jams paveikt!<\/p>\n","protected":false},"featured_media":20387,"comment_status":"closed","ping_status":"closed","template":"","meta":{"inline_featured_image":false},"product_cat":[535],"product_tag":[],"yst_prominent_words":[],"class_list":{"0":"post-20332","1":"product","2":"type-product","3":"status-publish","4":"has-post-thumbnail","6":"product_cat-blenderimikserisulasspiedes","8":"first","9":"outofstock","10":"taxable","11":"shipping-taxable","12":"purchasable","13":"product-type-simple"},"jetpack_sharing_enabled":true,"_links":{"self":[{"href":"https:\/\/ddt.lv\/lv\/wp-json\/wp\/v2\/product\/20332"}],"collection":[{"href":"https:\/\/ddt.lv\/lv\/wp-json\/wp\/v2\/product"}],"about":[{"href":"https:\/\/ddt.lv\/lv\/wp-json\/wp\/v2\/types\/product"}],"replies":[{"embeddable":true,"href":"https:\/\/ddt.lv\/lv\/wp-json\/wp\/v2\/comments?post=20332"}],"wp:featuredmedia":[{"embeddable":true,"href":"https:\/\/ddt.lv\/lv\/wp-json\/wp\/v2\/media\/20387"}],"wp:attachment":[{"href":"https:\/\/ddt.lv\/lv\/wp-json\/wp\/v2\/media?parent=20332"}],"wp:term":[{"taxonomy":"product_cat","embeddable":true,"href":"https:\/\/ddt.lv\/lv\/wp-json\/wp\/v2\/product_cat?post=20332"},{"taxonomy":"product_tag","embeddable":true,"href":"https:\/\/ddt.lv\/lv\/wp-json\/wp\/v2\/product_tag?post=20332"},{"taxonomy":"yst_prominent_words","embeddable":true,"href":"https:\/\/ddt.lv\/lv\/wp-json\/wp\/v2\/yst_prominent_words?post=20332"}],"curies":[{"name":"wp","href":"https:\/\/api.w.org\/{rel}","templated":true}]}}