{"id":20162,"date":"2019-12-13T14:27:25","date_gmt":"2019-12-13T12:27:25","guid":{"rendered":"https:\/\/ddt.lv\/lv\/product\/galda-lampa-bella-40led-7w-600lm-ip20-dim-nw-balta-emos\/"},"modified":"2026-04-08T14:32:13","modified_gmt":"2026-04-08T11:32:13","slug":"galda-lampa-bella-40led-7w-600lm-ip20-dim-nw-balta-emos","status":"publish","type":"product","link":"https:\/\/ddt.lv\/lv\/product\/galda-lampa-bella-40led-7w-600lm-ip20-dim-nw-balta-emos\/","title":{"rendered":"LED Galda lampa EMOS Bella High CRI 7W 600lm 4000K DIM &gt;Ra96 balta\/melna"},"content":{"rendered":"<p>Eleganta galda lampa ar augstu kr\u0101su atveides koeficientu Ra96, vienm\u0113r\u012bgu gaismas izkliedi un iesp\u0113ju main\u012bt gaismas intensit\u0101ti (dimm\u0113jama). Lampas galva ir noliecama jebkur\u0101 Jums izdev\u012bg\u0101 poz\u012bcij\u0101 ar unik\u0101lu iesp\u0113ju skat\u012bt izgaismoto objektu caur lampas galvu!<\/p>","protected":false},"excerpt":{"rendered":"<p>Eleganta galda lampa ar augstu kr\u0101su atveides koeficientu Ra96, vienm\u0113r\u012bgu gaismas izkliedi un iesp\u0113ju main\u012bt gaismas intensit\u0101ti (dimm\u0113jama). Lampas galva ir noliecama jebkur\u0101 Jums izdev\u012bg\u0101 poz\u012bcij\u0101 ar unik\u0101lu iesp\u0113ju skat\u012bt izgaismoto objektu caur lampas galvu!<\/p>\n","protected":false},"featured_media":20256,"comment_status":"closed","ping_status":"closed","template":"","meta":{"inline_featured_image":false},"product_cat":[1292,746],"product_tag":[],"yst_prominent_words":[],"class_list":{"0":"post-20162","1":"product","2":"type-product","3":"status-publish","4":"has-post-thumbnail","6":"product_cat-galda-lampas-un-stavlampas-apgaismojums","7":"product_cat-pagarinataji-pagarinataji-un-sadalitaji","9":"first","10":"outofstock","11":"taxable","12":"shipping-taxable","13":"purchasable","14":"product-type-simple"},"jetpack_sharing_enabled":true,"_links":{"self":[{"href":"https:\/\/ddt.lv\/lv\/wp-json\/wp\/v2\/product\/20162"}],"collection":[{"href":"https:\/\/ddt.lv\/lv\/wp-json\/wp\/v2\/product"}],"about":[{"href":"https:\/\/ddt.lv\/lv\/wp-json\/wp\/v2\/types\/product"}],"replies":[{"embeddable":true,"href":"https:\/\/ddt.lv\/lv\/wp-json\/wp\/v2\/comments?post=20162"}],"wp:featuredmedia":[{"embeddable":true,"href":"https:\/\/ddt.lv\/lv\/wp-json\/wp\/v2\/media\/20256"}],"wp:attachment":[{"href":"https:\/\/ddt.lv\/lv\/wp-json\/wp\/v2\/media?parent=20162"}],"wp:term":[{"taxonomy":"product_cat","embeddable":true,"href":"https:\/\/ddt.lv\/lv\/wp-json\/wp\/v2\/product_cat?post=20162"},{"taxonomy":"product_tag","embeddable":true,"href":"https:\/\/ddt.lv\/lv\/wp-json\/wp\/v2\/product_tag?post=20162"},{"taxonomy":"yst_prominent_words","embeddable":true,"href":"https:\/\/ddt.lv\/lv\/wp-json\/wp\/v2\/yst_prominent_words?post=20162"}],"curies":[{"name":"wp","href":"https:\/\/api.w.org\/{rel}","templated":true}]}}