{"id":19909,"date":"2019-12-09T16:18:55","date_gmt":"2019-12-09T14:18:55","guid":{"rendered":"https:\/\/ddt.lv\/lv\/product\/led-ball-e14-5w-240v-470lm-3000k-160-inesa-spuldze\/"},"modified":"2026-04-01T00:11:01","modified_gmt":"2026-03-31T21:11:01","slug":"led-ball-e14-5w-240v-470lm-3000k-160-inesa-spuldze","status":"publish","type":"product","link":"https:\/\/ddt.lv\/lv\/product\/led-ball-e14-5w-240v-470lm-3000k-160-inesa-spuldze\/","title":{"rendered":"LED spuldze INESA bumbi\u0146a E14 5W 240V 470lm 3000K 160&#8242;"},"content":{"rendered":"<p>Inesa LED ir apgaismojuma ra\u017eot\u0101ja Sylvania meitas komp\u0101nija. Ung\u0101rij\u0101 ra\u017eot\u0101s LED spuldzes un gaismek\u013ci kalpo ilgi un nezaud\u0113 savu toni un gaismas atdevi. Sylvania kvalit\u0101te par nedaudz draudz\u012bg\u0101ku cenu!<\/p>\n","protected":false},"excerpt":{"rendered":"<p>Inesa LED ir apgaismojuma ra\u017eot\u0101ja Sylvania meitas komp\u0101nija. Ung\u0101rij\u0101 ra\u017eot\u0101s LED spuldzes un gaismek\u013ci kalpo ilgi un nezaud\u0113 savu toni un gaismas atdevi. Sylvania kvalit\u0101te par nedaudz draudz\u012bg\u0101ku cenu!<\/p>\n","protected":false},"featured_media":19929,"comment_status":"closed","ping_status":"closed","template":"","meta":{"inline_featured_image":false},"product_cat":[851],"product_tag":[],"yst_prominent_words":[],"class_list":{"0":"post-19909","1":"product","2":"type-product","3":"status-publish","4":"has-post-thumbnail","6":"product_cat-e14-spuldzes","8":"first","9":"instock","10":"taxable","11":"shipping-taxable","12":"purchasable","13":"product-type-simple"},"jetpack_sharing_enabled":true,"_links":{"self":[{"href":"https:\/\/ddt.lv\/lv\/wp-json\/wp\/v2\/product\/19909"}],"collection":[{"href":"https:\/\/ddt.lv\/lv\/wp-json\/wp\/v2\/product"}],"about":[{"href":"https:\/\/ddt.lv\/lv\/wp-json\/wp\/v2\/types\/product"}],"replies":[{"embeddable":true,"href":"https:\/\/ddt.lv\/lv\/wp-json\/wp\/v2\/comments?post=19909"}],"wp:featuredmedia":[{"embeddable":true,"href":"https:\/\/ddt.lv\/lv\/wp-json\/wp\/v2\/media\/19929"}],"wp:attachment":[{"href":"https:\/\/ddt.lv\/lv\/wp-json\/wp\/v2\/media?parent=19909"}],"wp:term":[{"taxonomy":"product_cat","embeddable":true,"href":"https:\/\/ddt.lv\/lv\/wp-json\/wp\/v2\/product_cat?post=19909"},{"taxonomy":"product_tag","embeddable":true,"href":"https:\/\/ddt.lv\/lv\/wp-json\/wp\/v2\/product_tag?post=19909"},{"taxonomy":"yst_prominent_words","embeddable":true,"href":"https:\/\/ddt.lv\/lv\/wp-json\/wp\/v2\/yst_prominent_words?post=19909"}],"curies":[{"name":"wp","href":"https:\/\/api.w.org\/{rel}","templated":true}]}}