{"id":19775,"date":"2019-12-06T09:31:14","date_gmt":"2019-12-06T07:31:14","guid":{"rendered":"https:\/\/ddt.lv\/lv\/product\/pagarin-met-stat-4-50m-3x2-5-3500w-a-z-ar-sl-gum-ip44-melns\/"},"modified":"2026-04-06T10:56:25","modified_gmt":"2026-04-06T07:56:25","slug":"pagarin-met-stat-4-50m-3x2-5-3500w-a-z-ar-sl-gum-ip44-melns","status":"publish","type":"product","link":"https:\/\/ddt.lv\/lv\/product\/pagarin-met-stat-4-50m-3x2-5-3500w-a-z-ar-sl-gum-ip44-melns\/","title":{"rendered":"Pagarin\u0101t\u0101js stat\u012bv\u0101 4\/50m 3&#215;2.5 3500W a\/z ar sl\u0113dzi, gumijots vads, IP44 EMOS"},"content":{"rendered":"<p>Kabe\u013ca garums: 50 m, \u0161\u0137\u0113rsgriezums: 2,5 mm\u00b2, materi\u0101ls: gumija, apz\u012bm\u0113jums: H05RR-F<br \/>\nKontaktligzdu skaits: 4x 2P + PE Schuko<br \/>\nSpol\u0113ta kabe\u013ca slodze: 230\u00a0V\/6,52\u00a0A maks.\/1500\u00a0W, att\u012bta kabe\u013ca slodze: 230\u00a0V\/15,22\u00a0A maks.\/3500\u00a0W<br \/>\nTriecienu absorb\u0113jo\u0161a, stabila pamatne, aizsardz\u012bba pret p\u0101rkar\u0161anu\/termiskais sl\u0113dzis<br \/>\nAizsardz\u012bbas klase IP 44 \u2013 \u016bdensnecaurlaid\u012bgs un iztur\u012bgs pret sve\u0161\u0137erme\u0146iem \u2013 piem\u0113rots lieto\u0161anai \u0101r\u0101, \u0101r\u0101, d\u0101rz\u0101, darbn\u012bc\u0101, treiler\u012b, m\u0101jsaimniec\u012bb\u0101, \u0101r\u0101, \u0101r\u0101<br \/>\nProfesion\u0101la kabe\u013ca spole ar pastiprin\u0101tu gumijas trosi dro\u0161ai darb\u012bbai, e\u0146\u0123es v\u0101ks \u016bdens necaurlaid\u012bbas nodro\u0161in\u0101\u0161anai<\/p>","protected":false},"excerpt":{"rendered":"<p>Kabe\u013ca garums: 50 m, \u0161\u0137\u0113rsgriezums: 2,5 mm\u00b2, materi\u0101ls: gumija, apz\u012bm\u0113jums: H05RR-F Kontaktligzdu skaits: 4x 2P + PE Schuko Spol\u0113ta kabe\u013ca slodze: 230\u00a0V\/6,52\u00a0A maks.\/1500\u00a0W, att\u012bta kabe\u013ca slodze: 230\u00a0V\/15,22\u00a0A maks.\/3500\u00a0W Triecienu absorb\u0113jo\u0161a, stabila pamatne, aizsardz\u012bba pret p\u0101rkar\u0161anu\/termiskais sl\u0113dzis Aizsardz\u012bbas klase IP 44 \u2013 \u016bdensnecaurlaid\u012bgs un iztur\u012bgs pret sve\u0161\u0137erme\u0146iem \u2013 piem\u0113rots lieto\u0161anai \u0101r\u0101, \u0101r\u0101, d\u0101rz\u0101, darbn\u012bc\u0101, treiler\u012b, m\u0101jsaimniec\u012bb\u0101, [&hellip;]<\/p>\n","protected":false},"featured_media":19787,"comment_status":"closed","ping_status":"closed","template":"","meta":{"inline_featured_image":false},"product_cat":[1343],"product_tag":[],"yst_prominent_words":[],"class_list":{"0":"post-19775","1":"product","2":"type-product","3":"status-publish","4":"has-post-thumbnail","6":"product_cat-pagarinataji-spole","8":"first","9":"outofstock","10":"taxable","11":"shipping-taxable","12":"purchasable","13":"product-type-simple"},"jetpack_sharing_enabled":true,"_links":{"self":[{"href":"https:\/\/ddt.lv\/lv\/wp-json\/wp\/v2\/product\/19775"}],"collection":[{"href":"https:\/\/ddt.lv\/lv\/wp-json\/wp\/v2\/product"}],"about":[{"href":"https:\/\/ddt.lv\/lv\/wp-json\/wp\/v2\/types\/product"}],"replies":[{"embeddable":true,"href":"https:\/\/ddt.lv\/lv\/wp-json\/wp\/v2\/comments?post=19775"}],"wp:featuredmedia":[{"embeddable":true,"href":"https:\/\/ddt.lv\/lv\/wp-json\/wp\/v2\/media\/19787"}],"wp:attachment":[{"href":"https:\/\/ddt.lv\/lv\/wp-json\/wp\/v2\/media?parent=19775"}],"wp:term":[{"taxonomy":"product_cat","embeddable":true,"href":"https:\/\/ddt.lv\/lv\/wp-json\/wp\/v2\/product_cat?post=19775"},{"taxonomy":"product_tag","embeddable":true,"href":"https:\/\/ddt.lv\/lv\/wp-json\/wp\/v2\/product_tag?post=19775"},{"taxonomy":"yst_prominent_words","embeddable":true,"href":"https:\/\/ddt.lv\/lv\/wp-json\/wp\/v2\/yst_prominent_words?post=19775"}],"curies":[{"name":"wp","href":"https:\/\/api.w.org\/{rel}","templated":true}]}}