{"id":19421,"date":"2019-11-28T13:12:13","date_gmt":"2019-11-28T11:12:13","guid":{"rendered":"https:\/\/ddt.lv\/lv\/product\/sav-vads-hdmi-a-spraudnis-hdmi-a-spraudnis-1-5m-bl-emos\/"},"modified":"2021-05-15T12:58:13","modified_gmt":"2021-05-15T09:58:13","slug":"sav-vads-hdmi-a-spraudnis-hdmi-a-spraudnis-1-5m-bl-emos","status":"publish","type":"product","link":"https:\/\/ddt.lv\/lv\/product\/sav-vads-hdmi-a-spraudnis-hdmi-a-spraudnis-1-5m-bl-emos\/","title":{"rendered":"Savienojuma vads HDMI-A spraudnis- HDMI-A spraudnis 1.5m BL EMOS"},"content":{"rendered":"<p>Atvainojiet, inform\u0101cija tiek papildin\u0101ta. Ja rodas jaut\u0101jumi par k\u0101du no produktiem, dro\u0161i, sazinieties ar mums!<\/p>\n","protected":false},"excerpt":{"rendered":"<p>Atvainojiet, inform\u0101cija tiek papildin\u0101ta. Ja rodas jaut\u0101jumi par k\u0101du no produktiem, dro\u0161i, sazinieties ar mums!<\/p>\n","protected":false},"featured_media":19603,"comment_status":"closed","ping_status":"closed","template":"","meta":{"inline_featured_image":false},"product_cat":[692,742],"product_tag":[],"yst_prominent_words":[],"class_list":{"0":"post-19421","1":"product","2":"type-product","3":"status-publish","4":"has-post-thumbnail","6":"product_cat-tv-piederumi-pagarinataji","7":"product_cat-savienojuma-vadi","9":"first","10":"outofstock","11":"taxable","12":"shipping-taxable","13":"purchasable","14":"product-type-simple"},"jetpack_sharing_enabled":true,"_links":{"self":[{"href":"https:\/\/ddt.lv\/lv\/wp-json\/wp\/v2\/product\/19421"}],"collection":[{"href":"https:\/\/ddt.lv\/lv\/wp-json\/wp\/v2\/product"}],"about":[{"href":"https:\/\/ddt.lv\/lv\/wp-json\/wp\/v2\/types\/product"}],"replies":[{"embeddable":true,"href":"https:\/\/ddt.lv\/lv\/wp-json\/wp\/v2\/comments?post=19421"}],"wp:featuredmedia":[{"embeddable":true,"href":"https:\/\/ddt.lv\/lv\/wp-json\/wp\/v2\/media\/19603"}],"wp:attachment":[{"href":"https:\/\/ddt.lv\/lv\/wp-json\/wp\/v2\/media?parent=19421"}],"wp:term":[{"taxonomy":"product_cat","embeddable":true,"href":"https:\/\/ddt.lv\/lv\/wp-json\/wp\/v2\/product_cat?post=19421"},{"taxonomy":"product_tag","embeddable":true,"href":"https:\/\/ddt.lv\/lv\/wp-json\/wp\/v2\/product_tag?post=19421"},{"taxonomy":"yst_prominent_words","embeddable":true,"href":"https:\/\/ddt.lv\/lv\/wp-json\/wp\/v2\/yst_prominent_words?post=19421"}],"curies":[{"name":"wp","href":"https:\/\/api.w.org\/{rel}","templated":true}]}}