{"id":19154,"date":"2019-11-25T16:01:14","date_gmt":"2019-11-25T14:01:14","guid":{"rendered":"https:\/\/ddt.lv\/product\/reflector-250w-r125-240v-e27-infrared-spuldze-sarkana-avide\/"},"modified":"2026-04-08T14:32:31","modified_gmt":"2026-04-08T11:32:31","slug":"reflector-250w-r125-240v-e27-infrared-spuldze-sarkana-avide","status":"publish","type":"product","link":"https:\/\/ddt.lv\/lv\/product\/reflector-250w-r125-240v-e27-infrared-spuldze-sarkana-avide\/","title":{"rendered":"Infrasarkan\u0101 spuldze Avide Reflector 250W R125 240V E27 Infrared sarkana"},"content":{"rendered":"<p>Reflektora tipa infrasarkan\u0101 spuldze no ra\u017eot\u0101ja Avide. Vid\u0113jais spuldzes kalpo\u0161anas ilgums &#8211; 5000 stundas.<\/p>\n","protected":false},"excerpt":{"rendered":"<p>Reflektora tipa infrasarkan\u0101 spuldze no ra\u017eot\u0101ja Avide. Vid\u0113jais spuldzes kalpo\u0161anas ilgums &#8211; 5000 stundas.<\/p>\n","protected":false},"featured_media":19166,"comment_status":"closed","ping_status":"closed","template":"","meta":{"inline_featured_image":false},"product_cat":[877],"product_tag":[],"yst_prominent_words":[],"class_list":{"0":"post-19154","1":"product","2":"type-product","3":"status-publish","4":"has-post-thumbnail","6":"product_cat-infrasarkanas-spuldzes-spuldzes","8":"first","9":"instock","10":"taxable","11":"shipping-taxable","12":"purchasable","13":"product-type-simple"},"jetpack_sharing_enabled":true,"_links":{"self":[{"href":"https:\/\/ddt.lv\/lv\/wp-json\/wp\/v2\/product\/19154"}],"collection":[{"href":"https:\/\/ddt.lv\/lv\/wp-json\/wp\/v2\/product"}],"about":[{"href":"https:\/\/ddt.lv\/lv\/wp-json\/wp\/v2\/types\/product"}],"replies":[{"embeddable":true,"href":"https:\/\/ddt.lv\/lv\/wp-json\/wp\/v2\/comments?post=19154"}],"wp:featuredmedia":[{"embeddable":true,"href":"https:\/\/ddt.lv\/lv\/wp-json\/wp\/v2\/media\/19166"}],"wp:attachment":[{"href":"https:\/\/ddt.lv\/lv\/wp-json\/wp\/v2\/media?parent=19154"}],"wp:term":[{"taxonomy":"product_cat","embeddable":true,"href":"https:\/\/ddt.lv\/lv\/wp-json\/wp\/v2\/product_cat?post=19154"},{"taxonomy":"product_tag","embeddable":true,"href":"https:\/\/ddt.lv\/lv\/wp-json\/wp\/v2\/product_tag?post=19154"},{"taxonomy":"yst_prominent_words","embeddable":true,"href":"https:\/\/ddt.lv\/lv\/wp-json\/wp\/v2\/yst_prominent_words?post=19154"}],"curies":[{"name":"wp","href":"https:\/\/api.w.org\/{rel}","templated":true}]}}