{"id":19100,"date":"2019-11-25T14:28:01","date_gmt":"2019-11-25T12:28:01","guid":{"rendered":"https:\/\/ddt.lv\/product\/t9-filament-e27-40w-140lm-2200k-dekorativa-spuldze-avide-2\/"},"modified":"2026-04-08T14:32:32","modified_gmt":"2026-04-08T11:32:32","slug":"t9-filament-e27-40w-140lm-2200k-dekorativa-spuldze-avide-2","status":"publish","type":"product","link":"https:\/\/ddt.lv\/lv\/product\/t9-filament-e27-40w-140lm-2200k-dekorativa-spuldze-avide\/","title":{"rendered":"Dekorat\u012bv\u0101 spuldze Avide T9 FILAMENT E27 40W 140lm 2200K"},"content":{"rendered":"<p>Lielisks dizaina papildin\u0101jums no ra\u017eot\u0101ja Avide.<\/p>\n","protected":false},"excerpt":{"rendered":"<p>Lielisks dizaina papildin\u0101jums no ra\u017eot\u0101ja Avide.<\/p>\n","protected":false},"featured_media":19120,"comment_status":"closed","ping_status":"closed","template":"","meta":{"inline_featured_image":false},"product_cat":[876],"product_tag":[],"yst_prominent_words":[],"class_list":{"0":"post-19100","1":"product","2":"type-product","3":"status-publish","4":"has-post-thumbnail","6":"product_cat-dekorativas-kvelspuldzes","8":"first","9":"outofstock","10":"taxable","11":"shipping-taxable","12":"purchasable","13":"product-type-simple"},"jetpack_sharing_enabled":true,"_links":{"self":[{"href":"https:\/\/ddt.lv\/lv\/wp-json\/wp\/v2\/product\/19100"}],"collection":[{"href":"https:\/\/ddt.lv\/lv\/wp-json\/wp\/v2\/product"}],"about":[{"href":"https:\/\/ddt.lv\/lv\/wp-json\/wp\/v2\/types\/product"}],"replies":[{"embeddable":true,"href":"https:\/\/ddt.lv\/lv\/wp-json\/wp\/v2\/comments?post=19100"}],"wp:featuredmedia":[{"embeddable":true,"href":"https:\/\/ddt.lv\/lv\/wp-json\/wp\/v2\/media\/19120"}],"wp:attachment":[{"href":"https:\/\/ddt.lv\/lv\/wp-json\/wp\/v2\/media?parent=19100"}],"wp:term":[{"taxonomy":"product_cat","embeddable":true,"href":"https:\/\/ddt.lv\/lv\/wp-json\/wp\/v2\/product_cat?post=19100"},{"taxonomy":"product_tag","embeddable":true,"href":"https:\/\/ddt.lv\/lv\/wp-json\/wp\/v2\/product_tag?post=19100"},{"taxonomy":"yst_prominent_words","embeddable":true,"href":"https:\/\/ddt.lv\/lv\/wp-json\/wp\/v2\/yst_prominent_words?post=19100"}],"curies":[{"name":"wp","href":"https:\/\/api.w.org\/{rel}","templated":true}]}}