{"id":19001,"date":"2019-11-25T11:52:22","date_gmt":"2019-11-25T09:52:22","guid":{"rendered":"https:\/\/ddt.lv\/product\/led-gls-e27-9w-806lm-rgbw-wifi-avide-spuldze\/"},"modified":"2026-04-08T14:31:45","modified_gmt":"2026-04-08T11:31:45","slug":"led-gls-e27-9w-806lm-rgbw-wifi-avide-spuldze","status":"publish","type":"product","link":"https:\/\/ddt.lv\/lv\/product\/led-gls-e27-9w-806lm-rgbw-wifi-avide-spuldze\/","title":{"rendered":"LED vied\u0101 spuldze Avide Wi-fi GLS E27 9W 806lm RGB+W, ar aplik\u0101ciju"},"content":{"rendered":"<p>Avide spuldzes ir apvelt\u012btas ar jaun\u0101k\u0101s paaudzes LED tehnolo\u0123iju, padarot produktu \u00a0ergonomisku un ar ilg\u0101ku kalpo\u0161anas m\u016b\u017eu. Spuldze vad\u0101ma ar aplik\u0101ciju telefon\u0101.<\/p>\n","protected":false},"excerpt":{"rendered":"<p>Avide spuldzes ir apvelt\u012btas ar jaun\u0101k\u0101s paaudzes LED tehnolo\u0123iju, padarot produktu \u00a0ergonomisku un ar ilg\u0101ku kalpo\u0161anas m\u016b\u017eu. Spuldze vad\u0101ma ar aplik\u0101ciju telefon\u0101.<\/p>\n","protected":false},"featured_media":19037,"comment_status":"closed","ping_status":"closed","template":"","meta":{"inline_featured_image":false},"product_cat":[1299],"product_tag":[],"yst_prominent_words":[],"class_list":{"0":"post-19001","1":"product","2":"type-product","3":"status-publish","4":"has-post-thumbnail","6":"product_cat-viedas-spuldzes","8":"first","9":"instock","10":"taxable","11":"shipping-taxable","12":"purchasable","13":"product-type-simple"},"jetpack_sharing_enabled":true,"_links":{"self":[{"href":"https:\/\/ddt.lv\/lv\/wp-json\/wp\/v2\/product\/19001"}],"collection":[{"href":"https:\/\/ddt.lv\/lv\/wp-json\/wp\/v2\/product"}],"about":[{"href":"https:\/\/ddt.lv\/lv\/wp-json\/wp\/v2\/types\/product"}],"replies":[{"embeddable":true,"href":"https:\/\/ddt.lv\/lv\/wp-json\/wp\/v2\/comments?post=19001"}],"wp:featuredmedia":[{"embeddable":true,"href":"https:\/\/ddt.lv\/lv\/wp-json\/wp\/v2\/media\/19037"}],"wp:attachment":[{"href":"https:\/\/ddt.lv\/lv\/wp-json\/wp\/v2\/media?parent=19001"}],"wp:term":[{"taxonomy":"product_cat","embeddable":true,"href":"https:\/\/ddt.lv\/lv\/wp-json\/wp\/v2\/product_cat?post=19001"},{"taxonomy":"product_tag","embeddable":true,"href":"https:\/\/ddt.lv\/lv\/wp-json\/wp\/v2\/product_tag?post=19001"},{"taxonomy":"yst_prominent_words","embeddable":true,"href":"https:\/\/ddt.lv\/lv\/wp-json\/wp\/v2\/yst_prominent_words?post=19001"}],"curies":[{"name":"wp","href":"https:\/\/api.w.org\/{rel}","templated":true}]}}