{"id":17825,"date":"2019-11-15T11:11:02","date_gmt":"2019-11-15T09:11:02","guid":{"rendered":"https:\/\/ddt.lv\/product\/18760-5w-led-indestructible-lantern-3d-lukturis-varta\/"},"modified":"2026-04-06T10:47:41","modified_gmt":"2026-04-06T07:47:41","slug":"18760-5w-led-indestructible-lantern-3d-lukturis-varta","status":"publish","type":"product","link":"https:\/\/ddt.lv\/lv\/product\/18760-5w-led-indestructible-lantern-3d-lukturis-varta\/","title":{"rendered":"5W LED lukturis\/laterna INDESTRUCTIBLE LANTERN 3D VARTA"},"content":{"rendered":"<p>VARTA luktur\u012b\u0161i ir lieliski piem\u0113roti jebkurai situ\u0101cijai &#8211; m\u0101j\u0101s, darb\u0101 vai piedz\u012bvojumos \u0101rpus telp\u0101m.VARTA lukturu veiktsp\u0113ja piln\u012bb\u0101 atbilst ANSI standartam. VARTA apgaismojum\u0101 m\u0113s pied\u0101v\u0101jam ne tikai inovat\u012bvus produktus, bet ar\u012b garant\u0113jam visaugst\u0101ko kvalit\u0101ti. Lai vienm\u0113r kalpotu jums un j\u016bsu \u0123imenei.<\/p>\n","protected":false},"excerpt":{"rendered":"<p>VARTA luktur\u012b\u0161i ir lieliski piem\u0113roti jebkurai situ\u0101cijai &#8211; m\u0101j\u0101s, darb\u0101 vai piedz\u012bvojumos \u0101rpus telp\u0101m.VARTA lukturu veiktsp\u0113ja piln\u012bb\u0101 atbilst ANSI standartam. VARTA apgaismojum\u0101 m\u0113s pied\u0101v\u0101jam ne tikai inovat\u012bvus produktus, bet ar\u012b garant\u0113jam visaugst\u0101ko kvalit\u0101ti. Lai vienm\u0113r kalpotu jums un j\u016bsu \u0123imenei.<\/p>\n","protected":false},"featured_media":22212,"comment_status":"closed","ping_status":"closed","template":"","meta":{"inline_featured_image":false},"product_cat":[1594,772,729],"product_tag":[],"yst_prominent_words":[],"class_list":{"0":"post-17825","1":"product","2":"type-product","3":"status-publish","4":"has-post-thumbnail","6":"product_cat-lukturi-preces-aktivai-atputai","7":"product_cat-atlaides","8":"product_cat-laternas","10":"first","11":"instock","12":"sale","13":"taxable","14":"shipping-taxable","15":"purchasable","16":"product-type-simple"},"jetpack_sharing_enabled":true,"_links":{"self":[{"href":"https:\/\/ddt.lv\/lv\/wp-json\/wp\/v2\/product\/17825"}],"collection":[{"href":"https:\/\/ddt.lv\/lv\/wp-json\/wp\/v2\/product"}],"about":[{"href":"https:\/\/ddt.lv\/lv\/wp-json\/wp\/v2\/types\/product"}],"replies":[{"embeddable":true,"href":"https:\/\/ddt.lv\/lv\/wp-json\/wp\/v2\/comments?post=17825"}],"wp:featuredmedia":[{"embeddable":true,"href":"https:\/\/ddt.lv\/lv\/wp-json\/wp\/v2\/media\/22212"}],"wp:attachment":[{"href":"https:\/\/ddt.lv\/lv\/wp-json\/wp\/v2\/media?parent=17825"}],"wp:term":[{"taxonomy":"product_cat","embeddable":true,"href":"https:\/\/ddt.lv\/lv\/wp-json\/wp\/v2\/product_cat?post=17825"},{"taxonomy":"product_tag","embeddable":true,"href":"https:\/\/ddt.lv\/lv\/wp-json\/wp\/v2\/product_tag?post=17825"},{"taxonomy":"yst_prominent_words","embeddable":true,"href":"https:\/\/ddt.lv\/lv\/wp-json\/wp\/v2\/yst_prominent_words?post=17825"}],"curies":[{"name":"wp","href":"https:\/\/api.w.org\/{rel}","templated":true}]}}