{"id":118089,"date":"2026-05-12T18:15:28","date_gmt":"2026-05-12T15:15:28","guid":{"rendered":"https:\/\/ddt.lv\/lv\/product\/mokas-kafijas-kanna-nerthus-steel-4-tasem\/"},"modified":"2026-05-12T18:17:31","modified_gmt":"2026-05-12T15:17:31","slug":"mokas-kafijas-kanna-nerthus-steel-4-tasem","status":"publish","type":"product","link":"https:\/\/ddt.lv\/lv\/product\/mokas-kafijas-kanna-nerthus-steel-4-tasem\/","title":{"rendered":"Mokas kafijas kanna Nerthus Steel 4 tas\u0113m"},"content":{"rendered":"<p><\/p>\n<div class=\"\" data-turn-id-container=\"1ca19a78-75a4-406e-a65a-580ef9091f3f\" data-is-intersecting=\"true\">\n<div class=\"relative w-full overflow-visible\">\n<section class=\"text-token-text-primary w-full focus:outline-none [--shadow-height:45px] has-data-writing-block:pointer-events-none has-data-writing-block:-mt-(--shadow-height) has-data-writing-block:pt-(--shadow-height) [&amp;:has([data-writing-block])&gt;*]:pointer-events-auto R6Vx5W_threadScrollVars scroll-mb-[calc(var(--scroll-root-safe-area-inset-bottom,0px)+var(--thread-response-height))] scroll-mt-(--header-height)\" dir=\"auto\" data-turn-id=\"1ca19a78-75a4-406e-a65a-580ef9091f3f\" data-turn-id-container=\"1ca19a78-75a4-406e-a65a-580ef9091f3f\" data-testid=\"conversation-turn-15\" data-scroll-anchor=\"false\" data-turn=\"user\"><\/section>\n<div class=\"contents\"><\/div>\n<\/div>\n<\/div>\n<div class=\"\" data-turn-id-container=\"request-69fb2e35-bf00-8332-b711-9f06c109a625-1\" data-is-intersecting=\"true\">\n<div class=\"relative w-full overflow-visible\">\n<section class=\"text-token-text-primary w-full focus:outline-none [--shadow-height:45px] has-data-writing-block:pointer-events-none has-data-writing-block:-mt-(--shadow-height) has-data-writing-block:pt-(--shadow-height) [&amp;:has([data-writing-block])&gt;*]:pointer-events-auto R6Vx5W_threadScrollVars scroll-mb-[calc(var(--scroll-root-safe-area-inset-bottom,0px)+var(--thread-response-height))] scroll-mt-[calc(var(--header-height)+min(200px,max(70px,20svh)))]\" dir=\"auto\" data-turn-id=\"request-69fb2e35-bf00-8332-b711-9f06c109a625-1\" data-turn-id-container=\"request-69fb2e35-bf00-8332-b711-9f06c109a625-1\" data-testid=\"conversation-turn-16\" data-scroll-anchor=\"false\" data-turn=\"assistant\">\n<div class=\"text-base my-auto mx-auto pb-10 [--thread-content-margin:var(--thread-content-margin-xs,calc(var(--spacing)*4))] @w-sm\/main:[--thread-content-margin:var(--thread-content-margin-sm,calc(var(--spacing)*6))] @w-lg\/main:[--thread-content-margin:var(--thread-content-margin-lg,calc(var(--spacing)*16))] px-(--thread-content-margin)\">\n<div class=\"[--thread-content-max-width:40rem] @w-lg\/main:[--thread-content-max-width:48rem] mx-auto max-w-(--thread-content-max-width) flex-1 group\/turn-messages focus-visible:outline-hidden relative flex w-full min-w-0 flex-col agent-turn\">\n<div class=\"flex max-w-full flex-col gap-4 grow\">\n<div class=\"min-h-8 text-message relative flex w-full flex-col items-end gap-2 text-start break-words whitespace-normal outline-none keyboard-focused:focus-ring [.text-message+&amp;]:mt-1\" dir=\"auto\" tabindex=\"0\" data-message-author-role=\"assistant\" data-message-id=\"e2a2f949-d77c-4bd0-8b60-cc89082a0f72\" data-message-model-slug=\"gpt-5-5\" data-turn-start-message=\"true\">\n<div class=\"flex w-full flex-col gap-1 empty:hidden\">\n<div class=\"markdown prose dark:prose-invert wrap-break-word w-full light markdown-new-styling\">\n<p data-start=\"0\" data-end=\"167\">Atkl\u0101jiet no jauna autentisku kafijas gar\u0161u ar \u0161o ner\u016bs\u0113jo\u0161\u0101 t\u0113rauda it\u0101\u013cu kafijas kannu, kas piem\u0113rota indukcijas pl\u012bt\u012bm un pieejama tr\u012bs izm\u0113ros: 4, 6 un 10 tas\u012bt\u0113m.<\/p>\n<p data-start=\"169\" data-end=\"419\">Izgatavota no augstas kvalit\u0101tes ner\u016bs\u0113jo\u0161\u0101 t\u0113rauda, \u0161\u012b kafijas kanna ir iztur\u012bga, ilgm\u016b\u017e\u012bga un lieliski piem\u0113rota ikdienas lieto\u0161anai. T\u0101s klasiskais dizains apvienots ar m\u016bsdien\u012bgu funkcionalit\u0101ti, lai viegli pagatavotu stipru un arom\u0101tisku kafiju.<\/p>\n<p data-start=\"421\" data-end=\"702\">\u2022 Piem\u0113rota visu veidu pl\u012bt\u012bm, tostarp indukcijas<br data-start=\"470\" data-end=\"473\" \/>\u2022 Pieejama 4, 6 un 10 tas\u012b\u0161u izm\u0113ros \u2014 ide\u0101li individu\u0101lai vai \u0123imenes lieto\u0161anai<br data-start=\"554\" data-end=\"557\" \/>\u2022 Autentiska kafijas gar\u0161a ar bag\u0101t\u012bgu konsistenci un intens\u012bvu arom\u0101tu<br data-start=\"628\" data-end=\"631\" \/>\u2022 Viegli lietojama un t\u012br\u0101ma \u2014 lieliski piem\u0113rota ikdienas lieto\u0161anai<\/p>\n<p data-start=\"704\" data-end=\"727\">Lieto\u0161anas instrukcija:<\/p>\n<p data-start=\"729\" data-end=\"1022\">\u2022 Piepildiet apak\u0161\u0113jo da\u013cu ar \u016bdeni l\u012bdz dro\u0161\u012bbas v\u0101rstam.<br data-start=\"787\" data-end=\"790\" \/>\u2022 Ievietojiet filtru un piepildiet to ar maltu kafiju (nesaspiediet).<br data-start=\"859\" data-end=\"862\" \/>\u2022 Uzskr\u016bv\u0113jiet aug\u0161\u0113jo da\u013cu un novietojiet kafijas kannu uz pl\u012bts.<br data-start=\"928\" data-end=\"931\" \/>\u2022 Kad kafija ir uzk\u0101pusi aug\u0161\u0113j\u0101 da\u013c\u0101, no\u0146emiet kafijas kannu no karstuma un pasniedziet.<\/p>\n<p data-start=\"1024\" data-end=\"1154\" data-is-last-node=\"\" data-is-only-node=\"\">Neaizst\u0101jama izv\u0113le tradicion\u0101las kafijas cien\u012bt\u0101jiem, kuri mekl\u0113 iztur\u012bgu, elegantu un indukcijas pl\u012bt\u012bm piem\u0113rotu kafijas kannu.<\/p>\n<\/div>\n<\/div>\n<\/div>\n<\/div>\n<\/div>\n<\/div>\n<\/section>\n<\/div>\n<\/div>\n<p><\/p>","protected":false},"excerpt":{"rendered":"<p>Atkl\u0101jiet no jauna autentisku kafijas gar\u0161u ar \u0161o ner\u016bs\u0113jo\u0161\u0101 t\u0113rauda it\u0101\u013cu kafijas kannu, kas piem\u0113rota indukcijas pl\u012bt\u012bm un pieejama tr\u012bs izm\u0113ros: 4, 6 un 10 tas\u012bt\u0113m. Izgatavota no augstas kvalit\u0101tes ner\u016bs\u0113jo\u0161\u0101 t\u0113rauda, \u0161\u012b kafijas kanna ir iztur\u012bga, ilgm\u016b\u017e\u012bga un lieliski piem\u0113rota ikdienas lieto\u0161anai. T\u0101s klasiskais dizains apvienots ar m\u016bsdien\u012bgu funkcionalit\u0101ti, lai viegli pagatavotu stipru un [&hellip;]<\/p>\n","protected":false},"featured_media":118091,"comment_status":"closed","ping_status":"closed","template":"","meta":{"inline_featured_image":false},"product_cat":[1265],"product_tag":[],"yst_prominent_words":[],"class_list":{"0":"post-118089","1":"product","2":"type-product","3":"status-publish","4":"has-post-thumbnail","6":"product_cat-bez-kategorijas","8":"first","9":"instock","10":"taxable","11":"shipping-taxable","12":"purchasable","13":"product-type-simple"},"jetpack_sharing_enabled":true,"_links":{"self":[{"href":"https:\/\/ddt.lv\/lv\/wp-json\/wp\/v2\/product\/118089"}],"collection":[{"href":"https:\/\/ddt.lv\/lv\/wp-json\/wp\/v2\/product"}],"about":[{"href":"https:\/\/ddt.lv\/lv\/wp-json\/wp\/v2\/types\/product"}],"replies":[{"embeddable":true,"href":"https:\/\/ddt.lv\/lv\/wp-json\/wp\/v2\/comments?post=118089"}],"wp:featuredmedia":[{"embeddable":true,"href":"https:\/\/ddt.lv\/lv\/wp-json\/wp\/v2\/media\/118091"}],"wp:attachment":[{"href":"https:\/\/ddt.lv\/lv\/wp-json\/wp\/v2\/media?parent=118089"}],"wp:term":[{"taxonomy":"product_cat","embeddable":true,"href":"https:\/\/ddt.lv\/lv\/wp-json\/wp\/v2\/product_cat?post=118089"},{"taxonomy":"product_tag","embeddable":true,"href":"https:\/\/ddt.lv\/lv\/wp-json\/wp\/v2\/product_tag?post=118089"},{"taxonomy":"yst_prominent_words","embeddable":true,"href":"https:\/\/ddt.lv\/lv\/wp-json\/wp\/v2\/yst_prominent_words?post=118089"}],"curies":[{"name":"wp","href":"https:\/\/api.w.org\/{rel}","templated":true}]}}