{"id":118074,"date":"2026-05-12T17:00:32","date_gmt":"2026-05-12T14:00:32","guid":{"rendered":"https:\/\/ddt.lv\/lv\/product\/mokas-kafijas-kanna-nerthus-black-wood-3-tasem\/"},"modified":"2026-05-12T17:03:33","modified_gmt":"2026-05-12T14:03:33","slug":"mokas-kafijas-kanna-nerthus-black-wood-3-tasem","status":"publish","type":"product","link":"https:\/\/ddt.lv\/lv\/product\/mokas-kafijas-kanna-nerthus-black-wood-3-tasem\/","title":{"rendered":"Mokas kafijas kanna Nerthus Black Wood 3 tas\u0113m"},"content":{"rendered":"<p><\/p>\n<p data-start=\"0\" data-end=\"179\">Izbaudiet autentisku espresso kafijas gar\u0161u ar m\u016bsu indukcijas pl\u012bt\u012bm piem\u0113roto it\u0101\u013cu kafijas kannu, kas pieejama 3, 6 vai 9 tas\u012b\u0161u izm\u0113ros \u2014 ide\u0101li piem\u0113rota jebkurai situ\u0101cijai.<\/p>\n<p data-start=\"181\" data-end=\"351\">Ar elegantu mat\u0113ti melnu apdari \u0161\u012b kafijas kanna izce\u013cas ar ergonomisku rokturi un dab\u012bga koka aug\u0161\u0113jo pogu, pie\u0161\u0137irot klasiskajam dizainam siltu un izsmalcin\u0101tu akcentu.<\/p>\n<p data-start=\"353\" data-end=\"651\">\u2022 Piem\u0113rota visu veidu pl\u012bt\u012bm, tostarp indukcijas<br data-start=\"402\" data-end=\"405\" \/>\u2022 Iztur\u012bga alum\u012bnija konstrukcija ar t\u0113rauda pamatni vienm\u0113r\u012bgai siltuma sadalei<br data-start=\"485\" data-end=\"488\" \/>\u2022 Elegants un funkcion\u0101ls dizains \u2014 it\u0101\u013cu stils ar modernu apdari un koka deta\u013c\u0101m<br data-start=\"569\" data-end=\"572\" \/>\u2022 Viegli lietojama un t\u012br\u0101ma \u2014 pagatavo stipru kafiju tikai da\u017eu min\u016b\u0161u laik\u0101<\/p>\n<p data-start=\"653\" data-end=\"806\" data-is-last-node=\"\" data-is-only-node=\"\">Ide\u0101li piem\u0113rota labas kafijas cien\u012bt\u0101jiem un r\u016bp\u012bgi p\u0101rdom\u0101ta dizaina virtuv\u0113m. Izv\u0113lieties sev piem\u0113rot\u0101ko tilpumu un s\u0101ciet dienu ar lielisku arom\u0101tu!<\/p>\n<p><\/p>","protected":false},"excerpt":{"rendered":"<p>Izbaudiet autentisku espresso kafijas gar\u0161u ar m\u016bsu indukcijas pl\u012bt\u012bm piem\u0113roto it\u0101\u013cu kafijas kannu, kas pieejama 3, 6 vai 9 tas\u012b\u0161u izm\u0113ros \u2014 ide\u0101li piem\u0113rota jebkurai situ\u0101cijai. Ar elegantu mat\u0113ti melnu apdari \u0161\u012b kafijas kanna izce\u013cas ar ergonomisku rokturi un dab\u012bga koka aug\u0161\u0113jo pogu, pie\u0161\u0137irot klasiskajam dizainam siltu un izsmalcin\u0101tu akcentu. \u2022 Piem\u0113rota visu veidu pl\u012bt\u012bm, [&hellip;]<\/p>\n","protected":false},"featured_media":118076,"comment_status":"closed","ping_status":"closed","template":"","meta":{"inline_featured_image":false},"product_cat":[1265],"product_tag":[],"yst_prominent_words":[],"class_list":{"0":"post-118074","1":"product","2":"type-product","3":"status-publish","4":"has-post-thumbnail","6":"product_cat-bez-kategorijas","8":"first","9":"instock","10":"taxable","11":"shipping-taxable","12":"purchasable","13":"product-type-simple"},"jetpack_sharing_enabled":true,"_links":{"self":[{"href":"https:\/\/ddt.lv\/lv\/wp-json\/wp\/v2\/product\/118074"}],"collection":[{"href":"https:\/\/ddt.lv\/lv\/wp-json\/wp\/v2\/product"}],"about":[{"href":"https:\/\/ddt.lv\/lv\/wp-json\/wp\/v2\/types\/product"}],"replies":[{"embeddable":true,"href":"https:\/\/ddt.lv\/lv\/wp-json\/wp\/v2\/comments?post=118074"}],"wp:featuredmedia":[{"embeddable":true,"href":"https:\/\/ddt.lv\/lv\/wp-json\/wp\/v2\/media\/118076"}],"wp:attachment":[{"href":"https:\/\/ddt.lv\/lv\/wp-json\/wp\/v2\/media?parent=118074"}],"wp:term":[{"taxonomy":"product_cat","embeddable":true,"href":"https:\/\/ddt.lv\/lv\/wp-json\/wp\/v2\/product_cat?post=118074"},{"taxonomy":"product_tag","embeddable":true,"href":"https:\/\/ddt.lv\/lv\/wp-json\/wp\/v2\/product_tag?post=118074"},{"taxonomy":"yst_prominent_words","embeddable":true,"href":"https:\/\/ddt.lv\/lv\/wp-json\/wp\/v2\/yst_prominent_words?post=118074"}],"curies":[{"name":"wp","href":"https:\/\/api.w.org\/{rel}","templated":true}]}}