{"id":118061,"date":"2026-05-12T14:50:40","date_gmt":"2026-05-12T11:50:40","guid":{"rendered":"https:\/\/ddt.lv\/lv\/product\/mokas-kafijas-kanna-nerthus-9-tasem\/"},"modified":"2026-05-12T16:55:30","modified_gmt":"2026-05-12T13:55:30","slug":"mokas-kafijas-kanna-nerthus-9-tasem","status":"publish","type":"product","link":"https:\/\/ddt.lv\/lv\/product\/mokas-kafijas-kanna-nerthus-9-tasem\/","title":{"rendered":"Mokas kafijas kanna Nerthus 9 tas\u0113m"},"content":{"rendered":"<p><\/p>\n<p data-start=\"0\" data-end=\"361\">Izbaudiet tradicion\u0101las kafijas gar\u0161u ar \u0161o klasisko indukcijas it\u0101\u013cu kafijas kannu, kas ir ide\u0101li piem\u0113rota autentiska espresso pagatavo\u0161anai ar izteiksm\u012bgu arom\u0101tu un bag\u0101t\u012bgu gar\u0161u. Izgatavota no iztur\u012bga alum\u012bnija un piem\u0113rota indukcijas pl\u012bt\u012bm, \u0161\u012b kafijas kanna saglab\u0101 klasisko dizainu, ko paz\u012bstat, vienlaikus pied\u0101v\u0101jot uzlabojumus m\u016bsdien\u012bgai virtuvei.<\/p>\n<p data-start=\"363\" data-end=\"482\">Pieejama 3, 6, 9 tas\u012b\u0161u izm\u0113ros, t\u0101 piel\u0101gojas jebkuram dienas br\u012bdim \u2014 gan kafijai vienatn\u0113, gan kop\u0101 ar \u0123imeni.<\/p>\n<p data-start=\"484\" data-end=\"732\">\u2022 Piem\u0113rota indukcijas un citiem siltuma avotiem<br data-start=\"532\" data-end=\"535\" \/>\u2022 Pieejama 3 izm\u0113ros (3, 6, 9 tas\u012btes)<br data-start=\"579\" data-end=\"582\" \/>\u2022 Klasisks asto\u0146st\u016brains dizains \u2014 efekt\u012bvs un elegants<br data-start=\"637\" data-end=\"640\" \/>\u2022 Viegli izjaucama un t\u012br\u0101ma<br data-start=\"668\" data-end=\"671\" data-is-only-node=\"\" \/>\u2022 Viegls, iztur\u012bgs un ikdienas lieto\u0161anai piem\u0113rots dizains<\/p>\n<p data-start=\"734\" data-end=\"757\">Lieto\u0161anas instrukcija:<\/p>\n<p data-start=\"759\" data-end=\"1025\">\u2022 Piepildiet apak\u0161\u0113jo da\u013cu ar \u016bdeni, nep\u0101rsniedzot dro\u0161\u012bbas v\u0101rstu.<br data-start=\"826\" data-end=\"829\" \/>\u2022 Ievietojiet malto kafiju filtr\u0101, to nesaspie\u017eot.<br data-start=\"879\" data-end=\"882\" \/>\u2022 Uzskr\u016bv\u0113jiet aug\u0161\u0113jo da\u013cu un novietojiet kafijas kannu uz pl\u012bts.<br data-start=\"948\" data-end=\"951\" \/>\u2022 No\u0146emiet no karstuma avota, kad kafija ir piln\u012bb\u0101 uzv\u0101r\u012bjusies aug\u0161\u0113j\u0101 da\u013c\u0101.<\/p>\n<p data-start=\"1027\" data-end=\"1176\" data-is-last-node=\"\" data-is-only-node=\"\">Lieliska izv\u0113le tiem, kuri nev\u0113las atteikties no autentiskas it\u0101\u013cu kafijas gar\u0161as, tagad ar\u012b indukcijas versij\u0101 v\u0113l liel\u0101kai \u0113rt\u012bbai un daudzpus\u012bbai.<\/p>\n<p><\/p>","protected":false},"excerpt":{"rendered":"<p>Izbaudiet tradicion\u0101las kafijas gar\u0161u ar \u0161o klasisko indukcijas it\u0101\u013cu kafijas kannu, kas ir ide\u0101li piem\u0113rota autentiska espresso pagatavo\u0161anai ar izteiksm\u012bgu arom\u0101tu un bag\u0101t\u012bgu gar\u0161u. Izgatavota no iztur\u012bga alum\u012bnija un piem\u0113rota indukcijas pl\u012bt\u012bm, \u0161\u012b kafijas kanna saglab\u0101 klasisko dizainu, ko paz\u012bstat, vienlaikus pied\u0101v\u0101jot uzlabojumus m\u016bsdien\u012bgai virtuvei. Pieejama 3, 6, 9 tas\u012b\u0161u izm\u0113ros, t\u0101 piel\u0101gojas jebkuram dienas [&hellip;]<\/p>\n","protected":false},"featured_media":118063,"comment_status":"closed","ping_status":"closed","template":"","meta":{"inline_featured_image":false},"product_cat":[1684,1679],"product_tag":[],"yst_prominent_words":[],"class_list":{"0":"post-118061","1":"product","2":"type-product","3":"status-publish","4":"has-post-thumbnail","6":"product_cat-dzerieniem","7":"product_cat-virtuves-piederumi","9":"first","10":"instock","11":"taxable","12":"shipping-taxable","13":"purchasable","14":"product-type-simple"},"jetpack_sharing_enabled":true,"_links":{"self":[{"href":"https:\/\/ddt.lv\/lv\/wp-json\/wp\/v2\/product\/118061"}],"collection":[{"href":"https:\/\/ddt.lv\/lv\/wp-json\/wp\/v2\/product"}],"about":[{"href":"https:\/\/ddt.lv\/lv\/wp-json\/wp\/v2\/types\/product"}],"replies":[{"embeddable":true,"href":"https:\/\/ddt.lv\/lv\/wp-json\/wp\/v2\/comments?post=118061"}],"wp:featuredmedia":[{"embeddable":true,"href":"https:\/\/ddt.lv\/lv\/wp-json\/wp\/v2\/media\/118063"}],"wp:attachment":[{"href":"https:\/\/ddt.lv\/lv\/wp-json\/wp\/v2\/media?parent=118061"}],"wp:term":[{"taxonomy":"product_cat","embeddable":true,"href":"https:\/\/ddt.lv\/lv\/wp-json\/wp\/v2\/product_cat?post=118061"},{"taxonomy":"product_tag","embeddable":true,"href":"https:\/\/ddt.lv\/lv\/wp-json\/wp\/v2\/product_tag?post=118061"},{"taxonomy":"yst_prominent_words","embeddable":true,"href":"https:\/\/ddt.lv\/lv\/wp-json\/wp\/v2\/yst_prominent_words?post=118061"}],"curies":[{"name":"wp","href":"https:\/\/api.w.org\/{rel}","templated":true}]}}