{"id":117997,"date":"2026-05-11T17:05:30","date_gmt":"2026-05-11T14:05:30","guid":{"rendered":"https:\/\/ddt.lv\/lv\/product\/117997\/"},"modified":"2026-05-11T17:22:51","modified_gmt":"2026-05-11T14:22:51","slug":"117997","status":"publish","type":"product","link":"https:\/\/ddt.lv\/lv\/product\/bernu-udens-pudele-ar-salminu-nerthus-450ml-unicorns\/","title":{"rendered":"B\u0113rnu \u016bdens pudele ar salmi\u0146u Nerthus 450ml Unicorns"},"content":{"rendered":"<p><\/p>\n<p data-start=\"0\" data-end=\"211\">Nerthus 450 ml Tritan b\u0113rnu pudele \u2014 atk\u0101rtoti lietojama, viegla un dro\u0161a ikdienas lieto\u0161anai mazajiem. Izgatavota no tritana \u2014 moderna, iztur\u012bga un BPA nesaturo\u0161a materi\u0101la, kas ir draudz\u012bgs vesel\u012bbai un videi.<\/p>\n<p data-start=\"213\" data-end=\"541\">\u2022 450 ml tilpums \u2014 ide\u0101li piem\u0113rots b\u0113rniem<br data-start=\"256\" data-end=\"259\" \/>\u2022 Ar nolok\u0101mu dzer\u0161anas uzgali un pretpil\u0113\u0161anas iek\u0161\u0113jo salmi\u0146u<br data-start=\"322\" data-end=\"325\" data-is-only-node=\"\" \/>\u2022 Ergonomisks dizains, iztur\u012bga un \u013coti viegla<br data-start=\"371\" data-end=\"374\" \/>\u2022 Piem\u0113rota mazg\u0101\u0161anai trauku mazg\u0101jamaj\u0101 ma\u0161\u012bn\u0101 un iztur augstu temperat\u016bru<br data-start=\"450\" data-end=\"453\" \/>\u2022 Pieejama ar b\u0113rnu dizainiem: lauvas, vienrad\u017ei, dinozauri<\/p>\n<p data-start=\"543\" data-end=\"665\" data-is-last-node=\"\" data-is-only-node=\"\">Ar Nerthus Tritan b\u0113rnu pudeli \u016bdens, sulas vai bezalkoholisko dz\u0113rienu dzer\u0161ana mazajiem b\u016bs \u0113rt\u0101ka, dro\u0161\u0101ka un jautr\u0101ka.<\/p>\n<p><\/p>","protected":false},"excerpt":{"rendered":"<p>Nerthus 450 ml Tritan b\u0113rnu pudele \u2014 atk\u0101rtoti lietojama, viegla un dro\u0161a ikdienas lieto\u0161anai mazajiem. Izgatavota no tritana \u2014 moderna, iztur\u012bga un BPA nesaturo\u0161a materi\u0101la, kas ir draudz\u012bgs vesel\u012bbai un videi. \u2022 450 ml tilpums \u2014 ide\u0101li piem\u0113rots b\u0113rniem\u2022 Ar nolok\u0101mu dzer\u0161anas uzgali un pretpil\u0113\u0161anas iek\u0161\u0113jo salmi\u0146u\u2022 Ergonomisks dizains, iztur\u012bga un \u013coti viegla\u2022 Piem\u0113rota mazg\u0101\u0161anai [&hellip;]<\/p>\n","protected":false},"featured_media":118005,"comment_status":"closed","ping_status":"closed","template":"","meta":{"inline_featured_image":false},"product_cat":[1684,1679],"product_tag":[],"yst_prominent_words":[],"class_list":{"0":"post-117997","1":"product","2":"type-product","3":"status-publish","4":"has-post-thumbnail","6":"product_cat-dzerieniem","7":"product_cat-virtuves-piederumi","9":"first","10":"instock","11":"taxable","12":"shipping-taxable","13":"purchasable","14":"product-type-simple"},"jetpack_sharing_enabled":true,"_links":{"self":[{"href":"https:\/\/ddt.lv\/lv\/wp-json\/wp\/v2\/product\/117997"}],"collection":[{"href":"https:\/\/ddt.lv\/lv\/wp-json\/wp\/v2\/product"}],"about":[{"href":"https:\/\/ddt.lv\/lv\/wp-json\/wp\/v2\/types\/product"}],"replies":[{"embeddable":true,"href":"https:\/\/ddt.lv\/lv\/wp-json\/wp\/v2\/comments?post=117997"}],"wp:featuredmedia":[{"embeddable":true,"href":"https:\/\/ddt.lv\/lv\/wp-json\/wp\/v2\/media\/118005"}],"wp:attachment":[{"href":"https:\/\/ddt.lv\/lv\/wp-json\/wp\/v2\/media?parent=117997"}],"wp:term":[{"taxonomy":"product_cat","embeddable":true,"href":"https:\/\/ddt.lv\/lv\/wp-json\/wp\/v2\/product_cat?post=117997"},{"taxonomy":"product_tag","embeddable":true,"href":"https:\/\/ddt.lv\/lv\/wp-json\/wp\/v2\/product_tag?post=117997"},{"taxonomy":"yst_prominent_words","embeddable":true,"href":"https:\/\/ddt.lv\/lv\/wp-json\/wp\/v2\/yst_prominent_words?post=117997"}],"curies":[{"name":"wp","href":"https:\/\/api.w.org\/{rel}","templated":true}]}}