{"id":117223,"date":"2026-05-06T15:45:39","date_gmt":"2026-05-06T12:45:39","guid":{"rendered":"https:\/\/ddt.lv\/lv\/product\/117223\/"},"modified":"2026-05-07T11:34:24","modified_gmt":"2026-05-07T08:34:24","slug":"117223","status":"publish","type":"product","link":"https:\/\/ddt.lv\/lv\/product\/nerthus-3-slanu-nerusejosa-terauda-panna-28cm-full-induction\/","title":{"rendered":"Nerthus 3 sl\u0101\u0146u ner\u016bs\u0113jo\u0161\u0101 t\u0113rauda panna 28cm | Full Induction"},"content":{"rendered":"<p>Nerthus 3 sl\u0101\u0146u ner\u016bs\u0113jo\u0161\u0101 t\u0113rauda panna ar Full Induction pamatni. Piem\u0113rota vis\u0101m pl\u012bt\u012bm, bez nepiedego\u0161\u0101 p\u0101rkl\u0101juma, ide\u0101la apbr\u016bnin\u0101\u0161anai un profesion\u0101lai gatavo\u0161anai.<\/p>\n<p data-start=\"0\" data-end=\"292\">Nerthus 3 sl\u0101\u0146u ner\u016bs\u0113jo\u0161\u0101 t\u0113rauda panna ir izstr\u0101d\u0101ta vienm\u0113r\u012bgai un profesion\u0101lai \u0113diena gatavo\u0161anai. T\u0101s daudzsl\u0101\u0146u konstrukcija \u2013 ner\u016bs\u0113jo\u0161ais t\u0113rauds, alum\u012bnijs un ner\u016bs\u0113jo\u0161ais t\u0113rauds \u2013 nodro\u0161ina vienm\u0113r\u012bgu siltuma sadali vis\u0101 pannas virsm\u0101, garant\u0113jot izcilus rezult\u0101tus katr\u0101 recept\u0113.<\/p>\n<p data-start=\"294\" data-end=\"565\">Full Induction pamatne nodro\u0161ina piln\u012bgu sader\u012bbu ar indukcijas, g\u0101zes, stikla keramikas, elektriskaj\u0101m un halog\u0113na pl\u012bt\u012bm, sniedzot augstu energoefektivit\u0101ti un uzticamu veiktsp\u0113ju ikdienas gatavo\u0161an\u0101. T\u0101 ir lieliska izv\u0113le gan m\u0101jas virtuvei, gan pras\u012bg\u0101kai lieto\u0161anai.<\/p>\n<p data-start=\"567\" data-end=\"855\">Panna ir bez nepiedego\u0161\u0101 p\u0101rkl\u0101juma, t\u0101p\u0113c t\u0101 ir \u012bpa\u0161i piem\u0113rota ga\u013cas apbr\u016bnin\u0101\u0161anai, apcep\u0161anai un klasisk\u0101m gatavo\u0161anas tehnik\u0101m, kas pal\u012bdz izcelt dabisko gar\u0161u un tekst\u016bru. T\u0101 \u013cauj sasniegt profesion\u0101lu rezult\u0101tu, \u012bpa\u0161i gatavojot ga\u013cu, d\u0101rze\u0146us un citus produktus augst\u0101 temperat\u016br\u0101.<\/p>\n<p data-start=\"857\" data-end=\"1024\">Izgatavota no dro\u0161iem un iztur\u012bgiem materi\u0101liem, panna nesatur svinu, kadmiju un PFOA, un t\u0101 ir sertific\u0113ta atbilsto\u0161i Eiropas normat\u012bviem dro\u0161am kontaktam ar p\u0101rtiku.<\/p>\n<p data-start=\"1026\" data-end=\"1035\">\u012apa\u0161\u012bbas:<\/p>\n<p data-start=\"1037\" data-end=\"1402\">\u2022 Pieejama 3 izm\u0113ros \u2013 \u00d8 20 cm, \u00d8 24 cm un \u00d8 28 cm<br data-start=\"1087\" data-end=\"1090\" \/>\u2022 3 sl\u0101\u0146u konstrukcija \u2013 ner\u016bs\u0113jo\u0161ais t\u0113rauds, alum\u012bnijs, ner\u016bs\u0113jo\u0161ais t\u0113rauds<br data-start=\"1168\" data-end=\"1171\" \/>\u2022 Full Induction pamatne piem\u0113rota visiem pl\u012bts veidiem<br data-start=\"1226\" data-end=\"1229\" \/>\u2022 Bez nepiedego\u0161\u0101 p\u0101rkl\u0101juma \u2013 ide\u0101li piem\u0113rota apbr\u016bnin\u0101\u0161anai un apcep\u0161anai<br data-start=\"1305\" data-end=\"1308\" \/>\u2022 Iztur\u012bga, ilgm\u016b\u017e\u012bga un viegli kopjama<br data-start=\"1347\" data-end=\"1350\" \/>\u2022 Dro\u0161i materi\u0101li \u2013 nesatur svinu, kadmiju un PFOA<\/p>\n<p data-start=\"1404\" data-end=\"1573\">Nerthus 3 sl\u0101\u0146u ner\u016bs\u0113jo\u0161\u0101 t\u0113rauda panna ir uzticama izv\u0113le tiem, kas nov\u0113rt\u0113 vienm\u0113r\u012bgu karstuma sadali, profesion\u0101lu gatavo\u0161anu un iztur\u012bgu kvalit\u0101ti ikdienas virtuv\u0113.<\/p>\n<p data-start=\"1404\" data-end=\"1573\">Ra\u017eot\u0101js: Nerthus, Sp\u0101nija<\/p>\n<p><\/p>","protected":false},"excerpt":{"rendered":"<p>Nerthus 3 sl\u0101\u0146u ner\u016bs\u0113jo\u0161\u0101 t\u0113rauda panna ar Full Induction pamatni. Piem\u0113rota vis\u0101m pl\u012bt\u012bm, bez nepiedego\u0161\u0101 p\u0101rkl\u0101juma, ide\u0101la apbr\u016bnin\u0101\u0161anai un profesion\u0101lai gatavo\u0161anai. Nerthus 3 sl\u0101\u0146u ner\u016bs\u0113jo\u0161\u0101 t\u0113rauda panna ir izstr\u0101d\u0101ta vienm\u0113r\u012bgai un profesion\u0101lai \u0113diena gatavo\u0161anai. T\u0101s daudzsl\u0101\u0146u konstrukcija \u2013 ner\u016bs\u0113jo\u0161ais t\u0113rauds, alum\u012bnijs un ner\u016bs\u0113jo\u0161ais t\u0113rauds \u2013 nodro\u0161ina vienm\u0113r\u012bgu siltuma sadali vis\u0101 pannas virsm\u0101, garant\u0113jot izcilus rezult\u0101tus [&hellip;]<\/p>\n","protected":false},"featured_media":117317,"comment_status":"closed","ping_status":"closed","template":"","meta":{"inline_featured_image":false},"product_cat":[1683,1679],"product_tag":[],"yst_prominent_words":[],"class_list":{"0":"post-117223","1":"product","2":"type-product","3":"status-publish","4":"has-post-thumbnail","6":"product_cat-cepsanai","7":"product_cat-virtuves-piederumi","9":"first","10":"outofstock","11":"taxable","12":"shipping-taxable","13":"purchasable","14":"product-type-simple"},"jetpack_sharing_enabled":true,"_links":{"self":[{"href":"https:\/\/ddt.lv\/lv\/wp-json\/wp\/v2\/product\/117223"}],"collection":[{"href":"https:\/\/ddt.lv\/lv\/wp-json\/wp\/v2\/product"}],"about":[{"href":"https:\/\/ddt.lv\/lv\/wp-json\/wp\/v2\/types\/product"}],"replies":[{"embeddable":true,"href":"https:\/\/ddt.lv\/lv\/wp-json\/wp\/v2\/comments?post=117223"}],"wp:featuredmedia":[{"embeddable":true,"href":"https:\/\/ddt.lv\/lv\/wp-json\/wp\/v2\/media\/117317"}],"wp:attachment":[{"href":"https:\/\/ddt.lv\/lv\/wp-json\/wp\/v2\/media?parent=117223"}],"wp:term":[{"taxonomy":"product_cat","embeddable":true,"href":"https:\/\/ddt.lv\/lv\/wp-json\/wp\/v2\/product_cat?post=117223"},{"taxonomy":"product_tag","embeddable":true,"href":"https:\/\/ddt.lv\/lv\/wp-json\/wp\/v2\/product_tag?post=117223"},{"taxonomy":"yst_prominent_words","embeddable":true,"href":"https:\/\/ddt.lv\/lv\/wp-json\/wp\/v2\/yst_prominent_words?post=117223"}],"curies":[{"name":"wp","href":"https:\/\/api.w.org\/{rel}","templated":true}]}}