{"id":117203,"date":"2026-05-06T14:45:30","date_gmt":"2026-05-06T11:45:30","guid":{"rendered":"https:\/\/ddt.lv\/lv\/product\/117203\/"},"modified":"2026-05-06T16:10:39","modified_gmt":"2026-05-06T13:10:39","slug":"117203","status":"publish","type":"product","link":"https:\/\/ddt.lv\/lv\/product\/nerthus-vertikala-darzenu-griesanas-ierice-daudzfunkcionala-rive\/","title":{"rendered":""},"content":{"rendered":"<p>Nerthus daudzfunkcion\u0101l\u0101 vertik\u0101l\u0101 d\u0101rze\u0146u grie\u0161anas ier\u012bce ar 3 main\u0101miem asme\u0146iem. Piem\u0113rota d\u0101rze\u0146iem, aug\u013ciem un sieram. \u0112rta, stabila un viegli t\u012br\u0101ma.<\/p>\n<p data-start=\"0\" data-end=\"269\">Nerthus daudzfunkcion\u0101l\u0101 vertik\u0101l\u0101 grie\u0161anas un r\u012bv\u0113\u0161anas ier\u012bce \u013cauj griezt un r\u012bv\u0113t prec\u012bzi, \u0101tri un bez liekas piep\u016bles. T\u0101 ir lieliski piem\u0113rota d\u0101rze\u0146iem, aug\u013ciem, sieram un citiem produktiem, nodro\u0161inot \u0113rtu un efekt\u012bvu darbu ar vienu praktisku virtuves r\u012bku.<\/p>\n<p data-start=\"271\" data-end=\"517\">Pateicoties vertik\u0101lajam dizainam, grie\u0161ana ir \u0113rt\u0101ka, dro\u0161\u0101ka un efekt\u012bv\u0101ka, savuk\u0101rt salok\u0101m\u0101 pamatne ar pies\u016bcek\u0146iem nodro\u0161ina maksim\u0101lu stabilit\u0101ti darba laik\u0101. Tas \u013cauj dro\u0161i un prec\u012bzi apstr\u0101d\u0101t produktus bez sl\u012bd\u0113\u0161anas vai liekas piep\u016bles.<\/p>\n<p data-start=\"519\" data-end=\"762\">Komplekt\u0101 iek\u013cauti tr\u012bs main\u0101mi ner\u016bs\u0113jo\u0161\u0101 t\u0113rauda asme\u0146i \u2013 taisnais griezums, 3,5 mm julienne un 7 mm julienne, kas sniedz pla\u0161as iesp\u0113jas da\u017e\u0101du sast\u0101vda\u013cu grie\u0161anai un r\u012bv\u0113\u0161anai. Asme\u0146i ir iztur\u012bgi, dro\u0161i un piem\u0113roti ikdienas lieto\u0161anai.<\/p>\n<p data-start=\"764\" data-end=\"924\">Ier\u012bce ir viegli t\u012br\u0101ma un piem\u0113rota gan skalo\u0161anai zem teko\u0161a \u016bdens, gan mazg\u0101\u0161anai trauku mazg\u0101jamaj\u0101 ma\u0161\u012bn\u0101, padarot to par praktisku pal\u012bgu ikvien\u0101 virtuv\u0113.<\/p>\n<p data-start=\"926\" data-end=\"935\">\u012apa\u0161\u012bbas:<\/p>\n<p data-start=\"937\" data-end=\"1250\">\u2022 3 main\u0101mi asme\u0146i \u2013 taisnais, 3,5 mm julienne un 7 mm julienne<br data-start=\"1000\" data-end=\"1003\" \/>\u2022 Vertik\u0101ls dizains \u0113rt\u0101kai un efekt\u012bv\u0101kai grie\u0161anai<br data-start=\"1055\" data-end=\"1058\" \/>\u2022 Salok\u0101ma pamatne ar pies\u016bcek\u0146iem maksim\u0101lai stabilit\u0101tei<br data-start=\"1116\" data-end=\"1119\" \/>\u2022 Ner\u016bs\u0113jo\u0161\u0101 t\u0113rauda asme\u0146i dro\u0161ai un ilgsto\u0161ai lieto\u0161anai<br data-start=\"1177\" data-end=\"1180\" \/>\u2022 Viegli t\u012br\u0101ma, piem\u0113rota skalo\u0161anai un trauku mazg\u0101jamajai ma\u0161\u012bnai<\/p>\n<p data-start=\"1252\" data-end=\"1390\">Nerthus daudzfunkcion\u0101l\u0101 vertik\u0101l\u0101 grie\u0161anas ier\u012bce pal\u012bdz ietaup\u012bt laiku virtuv\u0113, nezaud\u0113jot kvalit\u0101ti un precizit\u0101ti katr\u0101 griezum\u0101.<\/p>\n<p><\/p>","protected":false},"excerpt":{"rendered":"<p>Nerthus daudzfunkcion\u0101l\u0101 vertik\u0101l\u0101 d\u0101rze\u0146u grie\u0161anas ier\u012bce ar 3 main\u0101miem asme\u0146iem. Piem\u0113rota d\u0101rze\u0146iem, aug\u013ciem un sieram. \u0112rta, stabila un viegli t\u012br\u0101ma. Nerthus daudzfunkcion\u0101l\u0101 vertik\u0101l\u0101 grie\u0161anas un r\u012bv\u0113\u0161anas ier\u012bce \u013cauj griezt un r\u012bv\u0113t prec\u012bzi, \u0101tri un bez liekas piep\u016bles. T\u0101 ir lieliski piem\u0113rota d\u0101rze\u0146iem, aug\u013ciem, sieram un citiem produktiem, nodro\u0161inot \u0113rtu un efekt\u012bvu darbu ar vienu praktisku [&hellip;]<\/p>\n","protected":false},"featured_media":117205,"comment_status":"closed","ping_status":"closed","template":"","meta":{"inline_featured_image":false},"product_cat":[1680,1679],"product_tag":[],"yst_prominent_words":[],"class_list":{"0":"post-117203","1":"product","2":"type-product","3":"status-publish","4":"has-post-thumbnail","6":"product_cat-griezeji-un-rives","7":"product_cat-virtuves-piederumi","9":"first","10":"outofstock","11":"taxable","12":"shipping-taxable","13":"purchasable","14":"product-type-simple"},"jetpack_sharing_enabled":true,"_links":{"self":[{"href":"https:\/\/ddt.lv\/lv\/wp-json\/wp\/v2\/product\/117203"}],"collection":[{"href":"https:\/\/ddt.lv\/lv\/wp-json\/wp\/v2\/product"}],"about":[{"href":"https:\/\/ddt.lv\/lv\/wp-json\/wp\/v2\/types\/product"}],"replies":[{"embeddable":true,"href":"https:\/\/ddt.lv\/lv\/wp-json\/wp\/v2\/comments?post=117203"}],"wp:featuredmedia":[{"embeddable":true,"href":"https:\/\/ddt.lv\/lv\/wp-json\/wp\/v2\/media\/117205"}],"wp:attachment":[{"href":"https:\/\/ddt.lv\/lv\/wp-json\/wp\/v2\/media?parent=117203"}],"wp:term":[{"taxonomy":"product_cat","embeddable":true,"href":"https:\/\/ddt.lv\/lv\/wp-json\/wp\/v2\/product_cat?post=117203"},{"taxonomy":"product_tag","embeddable":true,"href":"https:\/\/ddt.lv\/lv\/wp-json\/wp\/v2\/product_tag?post=117203"},{"taxonomy":"yst_prominent_words","embeddable":true,"href":"https:\/\/ddt.lv\/lv\/wp-json\/wp\/v2\/yst_prominent_words?post=117203"}],"curies":[{"name":"wp","href":"https:\/\/api.w.org\/{rel}","templated":true}]}}