{"id":117164,"date":"2026-05-05T14:45:29","date_gmt":"2026-05-05T11:45:29","guid":{"rendered":"https:\/\/ddt.lv\/lv\/product\/117164\/"},"modified":"2026-05-05T15:40:33","modified_gmt":"2026-05-05T12:40:33","slug":"117164","status":"publish","type":"product","link":"https:\/\/ddt.lv\/lv\/product\/nerthus-125-ml-ellas-smidzinatajs-gaisa-friterim-un-virtuvei\/","title":{"rendered":""},"content":{"rendered":"<p>Nerthus 125 ml e\u013c\u013cas smidzin\u0101t\u0101js ar \u012bpa\u0161i smalku izsmidzin\u0101\u0161anu. Piem\u0113rots gaisa friterim, pann\u0101m un grilam. Prec\u012bza doz\u0113\u0161ana vesel\u012bg\u0101kai \u0113diena gatavo\u0161anai.<\/p>\n<p data-start=\"0\" data-end=\"316\">Nerthus 125 ml e\u013c\u013cas smidzin\u0101t\u0101js ir ide\u0101ls virtuves piederums vesel\u012bg\u0101kai un efekt\u012bv\u0101kai \u0113diena gatavo\u0161anai. T\u0101 \u012bpa\u0161i smalk\u0101 izsmidzin\u0101\u0161anas sist\u0113ma nodro\u0161ina vienm\u0113r\u012bgu e\u013c\u013cas p\u0101rkl\u0101jumu un \u013cauj izmantot prec\u012bzi nepiecie\u0161amo daudzumu bez p\u0101rsp\u012bl\u0113juma. Rezult\u0101ts \u2013 krauk\u0161\u0137\u012bgi, gardi un viegl\u0101ki \u0113dieni katr\u0101 recept\u0113.<\/p>\n<p data-start=\"318\" data-end=\"584\">Pateicoties 125 ml ietilp\u012bbai, \u0161is e\u013c\u013cas smidzin\u0101t\u0101js nodro\u0161ina prec\u012bzu doz\u0113\u0161anu un vienm\u0113r\u012bgu e\u013c\u013cas uzkl\u0101\u0161anu. Tas ir lieliski piem\u0113rots lieto\u0161anai ar gaisa friteri, pann\u0101m un grilu, pal\u012bdzot samazin\u0101t e\u013c\u013cas pat\u0113ri\u0146u, vienlaikus saglab\u0101jot \u0113diena gar\u0161u un tekst\u016bru.<\/p>\n<p data-start=\"586\" data-end=\"788\">Ergonomiskais dizains padara smidzin\u0101t\u0101ju \u0113rtu lieto\u0161an\u0101, viegli uzpild\u0101mu un praktisku ikdienas lieto\u0161anai bez nopl\u016bd\u0113m. Tas ir lielisks risin\u0101jums tiem, kuri v\u0113las gatavot vesel\u012bg\u0101k, nezaud\u0113jot gar\u0161u.<\/p>\n<p data-start=\"790\" data-end=\"799\">\u012apa\u0161\u012bbas:<\/p>\n<p data-start=\"801\" data-end=\"1126\">\u2022 125 ml tilpums prec\u012bzai un vienm\u0113r\u012bgai e\u013c\u013cas doz\u0113\u0161anai<br data-start=\"857\" data-end=\"860\" \/>\u2022 \u012apa\u0161i smalka izsmidzin\u0101\u0161ana optim\u0101lam p\u0101rkl\u0101jumam bez p\u0101rpalikuma<br data-start=\"927\" data-end=\"930\" \/>\u2022 Ide\u0101li piem\u0113rots gaisa friterim, pann\u0101m un grilam<br data-start=\"981\" data-end=\"984\" \/>\u2022 Ergonomisks dizains \u0113rtai uzpild\u012b\u0161anai un lieto\u0161anai bez nopl\u016bd\u0113m<br data-start=\"1051\" data-end=\"1054\" \/>\u2022 Pal\u012bdz samazin\u0101t e\u013c\u013cas pat\u0113ri\u0146u, saglab\u0101jot \u0113diena pilnv\u0113rt\u012bgu gar\u0161u<\/p>\n<p data-start=\"1128\" data-end=\"1315\">Optimiz\u0113jiet savas receptes ar Nerthus 125 ml e\u013c\u013cas smidzin\u0101t\u0101ju un izbaudiet viegl\u0101ku, \u0113rt\u0101ku un gard\u0101ku \u0113diena gatavo\u0161anu. Ide\u0101ls papildin\u0101jums j\u016bsu gaisa friterim un ikdienai virtuv\u0113.<\/p>\n<p><\/p>","protected":false},"excerpt":{"rendered":"<p>Nerthus 125 ml e\u013c\u013cas smidzin\u0101t\u0101js ar \u012bpa\u0161i smalku izsmidzin\u0101\u0161anu. Piem\u0113rots gaisa friterim, pann\u0101m un grilam. Prec\u012bza doz\u0113\u0161ana vesel\u012bg\u0101kai \u0113diena gatavo\u0161anai. Nerthus 125 ml e\u013c\u013cas smidzin\u0101t\u0101js ir ide\u0101ls virtuves piederums vesel\u012bg\u0101kai un efekt\u012bv\u0101kai \u0113diena gatavo\u0161anai. T\u0101 \u012bpa\u0161i smalk\u0101 izsmidzin\u0101\u0161anas sist\u0113ma nodro\u0161ina vienm\u0113r\u012bgu e\u013c\u013cas p\u0101rkl\u0101jumu un \u013cauj izmantot prec\u012bzi nepiecie\u0161amo daudzumu bez p\u0101rsp\u012bl\u0113juma. Rezult\u0101ts \u2013 krauk\u0161\u0137\u012bgi, gardi [&hellip;]<\/p>\n","protected":false},"featured_media":117165,"comment_status":"closed","ping_status":"closed","template":"","meta":{"inline_featured_image":false},"product_cat":[1683,1679,1681],"product_tag":[],"yst_prominent_words":[],"class_list":{"0":"post-117164","1":"product","2":"type-product","3":"status-publish","4":"has-post-thumbnail","6":"product_cat-cepsanai","7":"product_cat-virtuves-piederumi","8":"product_cat-virtuves-paligi","10":"first","11":"outofstock","12":"taxable","13":"shipping-taxable","14":"purchasable","15":"product-type-simple"},"jetpack_sharing_enabled":true,"_links":{"self":[{"href":"https:\/\/ddt.lv\/lv\/wp-json\/wp\/v2\/product\/117164"}],"collection":[{"href":"https:\/\/ddt.lv\/lv\/wp-json\/wp\/v2\/product"}],"about":[{"href":"https:\/\/ddt.lv\/lv\/wp-json\/wp\/v2\/types\/product"}],"replies":[{"embeddable":true,"href":"https:\/\/ddt.lv\/lv\/wp-json\/wp\/v2\/comments?post=117164"}],"wp:featuredmedia":[{"embeddable":true,"href":"https:\/\/ddt.lv\/lv\/wp-json\/wp\/v2\/media\/117165"}],"wp:attachment":[{"href":"https:\/\/ddt.lv\/lv\/wp-json\/wp\/v2\/media?parent=117164"}],"wp:term":[{"taxonomy":"product_cat","embeddable":true,"href":"https:\/\/ddt.lv\/lv\/wp-json\/wp\/v2\/product_cat?post=117164"},{"taxonomy":"product_tag","embeddable":true,"href":"https:\/\/ddt.lv\/lv\/wp-json\/wp\/v2\/product_tag?post=117164"},{"taxonomy":"yst_prominent_words","embeddable":true,"href":"https:\/\/ddt.lv\/lv\/wp-json\/wp\/v2\/yst_prominent_words?post=117164"}],"curies":[{"name":"wp","href":"https:\/\/api.w.org\/{rel}","templated":true}]}}