{"id":117158,"date":"2026-05-05T14:00:21","date_gmt":"2026-05-05T11:00:21","guid":{"rendered":"https:\/\/ddt.lv\/lv\/product\/117158\/"},"modified":"2026-05-05T14:04:30","modified_gmt":"2026-05-05T11:04:30","slug":"117158","status":"publish","type":"product","link":"https:\/\/ddt.lv\/lv\/product\/nerthus-ellas-smidzinatajs-2-in-1-smidzinatajs-un-lejejs\/","title":{"rendered":"Nerthus e\u013c\u013cas smidzin\u0101t\u0101js 2-in-1 | Smidzin\u0101t\u0101js un l\u0113j\u0113js"},"content":{"rendered":"<p>Nerthus 2-in-1 e\u013c\u013cas smidzin\u0101t\u0101js ar smidzin\u0101\u0161anas un lie\u0161anas funkciju. Piem\u0113rots e\u013c\u013cai, eti\u0137im un m\u0113rc\u0113m. BPA nesaturo\u0161s, dro\u0161s un \u0113rts ikdienas lieto\u0161anai.<\/p>\n<div class=\"text-base my-auto mx-auto [--thread-content-margin:var(--thread-content-margin-xs,calc(var(--spacing)*4))] @w-sm\/main:[--thread-content-margin:var(--thread-content-margin-sm,calc(var(--spacing)*6))] @w-lg\/main:[--thread-content-margin:var(--thread-content-margin-lg,calc(var(--spacing)*16))] px-(--thread-content-margin)\">\n<div class=\"[--thread-content-max-width:40rem] @w-lg\/main:[--thread-content-max-width:48rem] mx-auto max-w-(--thread-content-max-width) flex-1 group\/turn-messages focus-visible:outline-hidden relative flex w-full min-w-0 flex-col agent-turn\">\n<div class=\"flex max-w-full flex-col gap-4 grow\">\n<div class=\"min-h-8 text-message relative flex w-full flex-col items-end gap-2 text-start break-words whitespace-normal outline-none keyboard-focused:focus-ring [.text-message+&amp;]:mt-1\" dir=\"auto\" data-message-author-role=\"assistant\" data-message-id=\"571d30b4-d6e7-47ff-8805-243eaf8721ce\" data-message-model-slug=\"gpt-5-3\">\n<div class=\"flex w-full flex-col gap-1 empty:hidden\">\n<div class=\"markdown prose dark:prose-invert w-full wrap-break-word light markdown-new-styling\">\n<p data-start=\"0\" data-end=\"381\">Nerthus div\u0113j\u0101das lieto\u0161anas e\u013c\u013cas smidzin\u0101t\u0101js ir ide\u0101ls virtuves piederums vesel\u012bg\u0101kai un \u0113rt\u0101kai \u0113diena gatavo\u0161anai. T\u0101 2-in-1 uzgalis \u013cauj izv\u0113l\u0113ties starp smalku izsmidzin\u0101jumu vienm\u0113r\u012bgai e\u013c\u013cas doz\u0113\u0161anai vai tie\u0161u pl\u016bsmu recept\u0113m, kur nepiecie\u0161ams liel\u0101ks daudzums. Tas lieliski piem\u0113rots sal\u0101tiem, wok \u0113dieniem, gril\u0113\u0161anai, cep\u0161anai cepe\u0161kr\u0101sn\u012b un gatavo\u0161anai gaisa friter\u012b.<\/p>\n<p data-start=\"383\" data-end=\"708\">Izgatavots no dro\u0161iem, p\u0101rtikai piem\u0113rotiem un BPA nesaturo\u0161iem materi\u0101liem, \u0161is e\u013c\u013cas smidzin\u0101t\u0101js ir test\u0113ts atbilsto\u0161i stingr\u0101kajiem dro\u0161\u012bbas standartiem. Tas atbilst Regulas (ES) Nr. 10\/2011, LFGB un BfR pras\u012bb\u0101m, k\u0101 ar\u012b ir p\u0101rbaud\u012bts T\u00dcV laboratorij\u0101s, nodro\u0161inot, ka saskar\u0113 ar p\u0101rtiku netiek izdal\u012btas kait\u012bgas vielas.<\/p>\n<p data-start=\"710\" data-end=\"967\">Caursp\u012bd\u012bgais korpuss \u013cauj prec\u012bzi kontrol\u0113t izmantot\u0101s e\u013c\u013cas, eti\u0137a vai citu \u0161\u0137idrumu daudzumu, savuk\u0101rt p\u0101rdom\u0101tais dizains nodro\u0161ina \u0113rtu uzpild\u012b\u0161anu un vienk\u0101r\u0161u t\u012br\u012b\u0161anu. Tas padara \u0161o e\u013c\u013cas smidzin\u0101t\u0101ju par lielisku izv\u0113li ikdienas lieto\u0161anai virtuv\u0113.<\/p>\n<p data-start=\"969\" data-end=\"978\">\u012apa\u0161\u012bbas:<\/p>\n<p data-start=\"980\" data-end=\"1372\">\u2022 Div\u0113j\u0101da funkcija \u2013 smalka izsmidzin\u0101\u0161ana vai tie\u0161a pl\u016bsma<br data-start=\"1040\" data-end=\"1043\" \/>\u2022 Pal\u012bdz samazin\u0101t e\u013c\u013cas pat\u0113ri\u0146u, nezaud\u0113jot gar\u0161u<br data-start=\"1094\" data-end=\"1097\" \/>\u2022 P\u0101rtikai dro\u0161s materi\u0101ls, ES sertific\u0113ts un BPA nesaturo\u0161s<br data-start=\"1157\" data-end=\"1160\" \/>\u2022 Test\u0113ts atbilsto\u0161i ES 10\/2011, LFGB un BfR pras\u012bb\u0101m, ar T\u00dcV p\u0101rbaud\u0113m<br data-start=\"1231\" data-end=\"1234\" data-is-only-node=\"\" \/>\u2022 Viegli uzpild\u0101ms, \u0113rti lietojams un vienk\u0101r\u0161i t\u012br\u0101ms<br data-start=\"1288\" data-end=\"1291\" \/>\u2022 Piem\u0113rots ol\u012bve\u013c\u013cai, eti\u0137im, sojas m\u0113rcei, citronu sulai un citiem \u0161\u0137idrumiem<\/p>\n<p data-start=\"1374\" data-end=\"1521\" data-is-last-node=\"\" data-is-only-node=\"\">P\u0101rv\u0113rtiet savas receptes vesel\u012bg\u0101kos \u0113dienos un kontrol\u0113jiet e\u013c\u013cas daudzumu ar vienu kust\u012bbu, saglab\u0101jot lielisku gar\u0161u un kvalit\u0101ti katr\u0101 \u0113dien\u0101.<\/p>\n<\/div>\n<\/div>\n<\/div>\n<\/div>\n<div class=\"z-0 flex min-h-[46px] justify-start\"><\/div>\n<\/div>\n<\/div>\n<p><\/p>","protected":false},"excerpt":{"rendered":"<p>Nerthus 2-in-1 e\u013c\u013cas smidzin\u0101t\u0101js ar smidzin\u0101\u0161anas un lie\u0161anas funkciju. Piem\u0113rots e\u013c\u013cai, eti\u0137im un m\u0113rc\u0113m. BPA nesaturo\u0161s, dro\u0161s un \u0113rts ikdienas lieto\u0161anai. Nerthus div\u0113j\u0101das lieto\u0161anas e\u013c\u013cas smidzin\u0101t\u0101js ir ide\u0101ls virtuves piederums vesel\u012bg\u0101kai un \u0113rt\u0101kai \u0113diena gatavo\u0161anai. T\u0101 2-in-1 uzgalis \u013cauj izv\u0113l\u0113ties starp smalku izsmidzin\u0101jumu vienm\u0113r\u012bgai e\u013c\u013cas doz\u0113\u0161anai vai tie\u0161u pl\u016bsmu recept\u0113m, kur nepiecie\u0161ams liel\u0101ks daudzums. Tas [&hellip;]<\/p>\n","protected":false},"featured_media":117159,"comment_status":"closed","ping_status":"closed","template":"","meta":{"inline_featured_image":false},"product_cat":[1683,1679,1681],"product_tag":[],"yst_prominent_words":[],"class_list":{"0":"post-117158","1":"product","2":"type-product","3":"status-publish","4":"has-post-thumbnail","6":"product_cat-cepsanai","7":"product_cat-virtuves-piederumi","8":"product_cat-virtuves-paligi","10":"first","11":"outofstock","12":"taxable","13":"shipping-taxable","14":"purchasable","15":"product-type-simple"},"jetpack_sharing_enabled":true,"_links":{"self":[{"href":"https:\/\/ddt.lv\/lv\/wp-json\/wp\/v2\/product\/117158"}],"collection":[{"href":"https:\/\/ddt.lv\/lv\/wp-json\/wp\/v2\/product"}],"about":[{"href":"https:\/\/ddt.lv\/lv\/wp-json\/wp\/v2\/types\/product"}],"replies":[{"embeddable":true,"href":"https:\/\/ddt.lv\/lv\/wp-json\/wp\/v2\/comments?post=117158"}],"wp:featuredmedia":[{"embeddable":true,"href":"https:\/\/ddt.lv\/lv\/wp-json\/wp\/v2\/media\/117159"}],"wp:attachment":[{"href":"https:\/\/ddt.lv\/lv\/wp-json\/wp\/v2\/media?parent=117158"}],"wp:term":[{"taxonomy":"product_cat","embeddable":true,"href":"https:\/\/ddt.lv\/lv\/wp-json\/wp\/v2\/product_cat?post=117158"},{"taxonomy":"product_tag","embeddable":true,"href":"https:\/\/ddt.lv\/lv\/wp-json\/wp\/v2\/product_tag?post=117158"},{"taxonomy":"yst_prominent_words","embeddable":true,"href":"https:\/\/ddt.lv\/lv\/wp-json\/wp\/v2\/yst_prominent_words?post=117158"}],"curies":[{"name":"wp","href":"https:\/\/api.w.org\/{rel}","templated":true}]}}