{"id":115811,"date":"2026-04-30T17:45:37","date_gmt":"2026-04-30T14:45:37","guid":{"rendered":"https:\/\/ddt.lv\/lv\/product\/115811\/"},"modified":"2026-04-30T17:54:23","modified_gmt":"2026-04-30T14:54:23","slug":"115811","status":"publish","type":"product","link":"https:\/\/ddt.lv\/lv\/product\/nerthus-sport-click-drink-mint-pudele-no-nerusejosa-terauda-500-ml\/","title":{"rendered":"Nerthus Sport Click &#038; Drink Mint pudele no ner\u016bs\u0113jo\u0161\u0101 t\u0113rauda 500 ml"},"content":{"rendered":"<p><\/p>\n<p data-start=\"116\" data-end=\"390\">Nerthus Sport Click &amp; Drink pudele ar Click &amp; Drink v\u0101ci\u0146u un dubultsienu ner\u016bs\u0113jo\u0161o t\u0113raudu. Uztur dz\u0113rienus karstus vai aukstus ilg\u0101k. 500 ml tilpums.<\/p>\n<p data-start=\"116\" data-end=\"390\">Nerthus Sport Click &amp; Drink pudele ir izstr\u0101d\u0101ta \u0113rtai, \u0101trai un nep\u0101rtrauktai hidrat\u0101cijai ikdien\u0101. T\u0101 izgatavota no augstas kvalit\u0101tes dubultsienu ner\u016bs\u0113jo\u0161\u0101 t\u0113rauda, kas pal\u012bdz ilg\u0101k uztur\u0113t dz\u0113rienus aukstus vai karstus, vienlaikus nov\u0113r\u0161ot kondens\u0101ta veido\u0161anos pudeles \u0101rpus\u0113.<\/p>\n<p data-start=\"392\" data-end=\"627\">Inovat\u012bvais Click &amp; Drink v\u0101ci\u0146\u0161 ar viena klik\u0161\u0137a atv\u0113r\u0161anas meh\u0101nismu \u013cauj dzert tie\u0161i no pudeles bez nepiecie\u0161am\u012bbas noskr\u016bv\u0113t kor\u0137i. Ergonomiski veidot\u0101 anatomisk\u0101 mala nodro\u0161ina \u012bpa\u0161i \u0113rtu un dabisku dzer\u0161anas pieredzi katr\u0101 malk\u0101.<\/p>\n<p data-start=\"629\" data-end=\"809\">Pieejama 500 ml\u00a0 tilpum\u0101 un vair\u0101kos modern\u0101 dizaina variantos, \u0161\u012b sporta pudele ir lieliski piem\u0113rota ikdienai, darbam, sporta z\u0101lei un aktivit\u0101t\u0113m br\u012bv\u0101 dab\u0101.<\/p>\n<p data-start=\"811\" data-end=\"1131\">\u2022 Click &amp; Drink v\u0101ci\u0146\u0161 \u2013 \u0113rts, higi\u0113nisks un praktisks risin\u0101jums<br data-start=\"876\" data-end=\"879\" \/>\u2022 Anatomiska mala \u0113rtai dzer\u0161anai tie\u0161i no pudeles<br data-start=\"929\" data-end=\"932\" \/>\u2022 Dubultsienu ner\u016bs\u0113jo\u0161ais t\u0113rauds \u2013 ilg\u0101k saglab\u0101 dz\u0113riena temperat\u016bru bez kondens\u0101ta<br data-start=\"1018\" data-end=\"1021\" \/>\u2022 BPA nesaturo\u0161a, atk\u0101rtoti lietojama un iztur\u012bga<br data-start=\"1070\" data-end=\"1073\" \/>\u2022 Pieejama vair\u0101kos dizainos, tilpums 500 ml<\/p>\n<p data-start=\"1133\" data-end=\"1234\" data-is-last-node=\"\" data-is-only-node=\"\">Sport Click &amp; Drink pudele \u2013 maksim\u0101ls komforts, p\u0101rdom\u0101tds dizains un funkcionalit\u0101te<\/p>\n<p><\/p>","protected":false},"excerpt":{"rendered":"<p>Nerthus Sport Click &amp; Drink pudele ar Click &amp; Drink v\u0101ci\u0146u un dubultsienu ner\u016bs\u0113jo\u0161o t\u0113raudu. Uztur dz\u0113rienus karstus vai aukstus ilg\u0101k. 500 ml tilpums. Nerthus Sport Click &amp; Drink pudele ir izstr\u0101d\u0101ta \u0113rtai, \u0101trai un nep\u0101rtrauktai hidrat\u0101cijai ikdien\u0101. T\u0101 izgatavota no augstas kvalit\u0101tes dubultsienu ner\u016bs\u0113jo\u0161\u0101 t\u0113rauda, kas pal\u012bdz ilg\u0101k uztur\u0113t dz\u0113rienus aukstus vai karstus, vienlaikus [&hellip;]<\/p>\n","protected":false},"featured_media":115815,"comment_status":"closed","ping_status":"closed","template":"","meta":{"inline_featured_image":false},"product_cat":[1684,1679],"product_tag":[],"yst_prominent_words":[],"class_list":{"0":"post-115811","1":"product","2":"type-product","3":"status-publish","4":"has-post-thumbnail","6":"product_cat-dzerieniem","7":"product_cat-virtuves-piederumi","9":"first","10":"outofstock","11":"taxable","12":"shipping-taxable","13":"purchasable","14":"product-type-simple"},"jetpack_sharing_enabled":true,"_links":{"self":[{"href":"https:\/\/ddt.lv\/lv\/wp-json\/wp\/v2\/product\/115811"}],"collection":[{"href":"https:\/\/ddt.lv\/lv\/wp-json\/wp\/v2\/product"}],"about":[{"href":"https:\/\/ddt.lv\/lv\/wp-json\/wp\/v2\/types\/product"}],"replies":[{"embeddable":true,"href":"https:\/\/ddt.lv\/lv\/wp-json\/wp\/v2\/comments?post=115811"}],"wp:featuredmedia":[{"embeddable":true,"href":"https:\/\/ddt.lv\/lv\/wp-json\/wp\/v2\/media\/115815"}],"wp:attachment":[{"href":"https:\/\/ddt.lv\/lv\/wp-json\/wp\/v2\/media?parent=115811"}],"wp:term":[{"taxonomy":"product_cat","embeddable":true,"href":"https:\/\/ddt.lv\/lv\/wp-json\/wp\/v2\/product_cat?post=115811"},{"taxonomy":"product_tag","embeddable":true,"href":"https:\/\/ddt.lv\/lv\/wp-json\/wp\/v2\/product_tag?post=115811"},{"taxonomy":"yst_prominent_words","embeddable":true,"href":"https:\/\/ddt.lv\/lv\/wp-json\/wp\/v2\/yst_prominent_words?post=115811"}],"curies":[{"name":"wp","href":"https:\/\/api.w.org\/{rel}","templated":true}]}}