{"id":111477,"date":"2026-04-13T23:55:27","date_gmt":"2026-04-13T20:55:27","guid":{"rendered":"https:\/\/ddt.lv\/lv\/product\/led-spuldze-spot-gu10-3w-230v-345lm-100-3000k-ra80-emos\/"},"modified":"2026-05-05T08:46:16","modified_gmt":"2026-05-05T05:46:16","slug":"led-spuldze-spot-gu10-3w-230v-345lm-100-3000k-ra80-emos","status":"publish","type":"product","link":"https:\/\/ddt.lv\/lv\/product\/led-spuldze-spot-gu10-3w-230v-345lm-100-3000k-ra80-emos\/","title":{"rendered":"LED spuldze Spot GU10 3W 230V 345lm 100\u00b0 3000K Ra80 EMOS"},"content":{"rendered":"<p><\/p>\n<p data-start=\"122\" data-end=\"418\">LED spuldze ar GU10 cokolu un silti baltu 3000K gaismu ir piem\u0113rota ikdienas iek\u0161telpu apgaismojumam viet\u0101s, kur nepiecie\u0161ama kompakta un virz\u012bta gaisma. MR16 forma padara to par praktisku izv\u0113li pro\u017eektoru tipa gaismek\u013ciem m\u0101j\u0101s, biroj\u0101 un cit\u0101s iek\u0161telp\u0101s.<\/p>\n<p data-start=\"420\" data-end=\"684\">Ar 3W jaudu un 345lm gaismas pl\u016bsmu \u0161\u012b spuldze aizvieto 32W kv\u0113lspuldzi un nodro\u0161ina ekonomisku apgaismojumu ikdienas lieto\u0161anai. T\u0101 ir laba izv\u0113le viet\u0101m, kur svar\u012bga ir pat\u012bkama silti balt\u0101 gaisma un zems ener\u0123ijas pat\u0113ri\u0146\u0161.<\/p>\n<h2 data-section-id=\"7cpzmo\" data-start=\"686\" data-end=\"706\">Galven\u0101s \u012bpa\u0161\u012bbas<\/h2>\n<ul data-start=\"707\" data-end=\"989\">\n<li data-section-id=\"l3oiph\" data-start=\"707\" data-end=\"735\">LED spuldze ar GU10 cokolu<\/li>\n<li data-section-id=\"hyqduf\" data-start=\"736\" data-end=\"746\">Jauda 3W<\/li>\n<li data-section-id=\"d2humo\" data-start=\"747\" data-end=\"769\">Gaismas pl\u016bsma 345lm<\/li>\n<li data-section-id=\"7igrrk\" data-start=\"770\" data-end=\"797\">Gaismas kr\u0101sa silti balta<\/li>\n<li data-section-id=\"fptvxk\" data-start=\"798\" data-end=\"823\">Kr\u0101su temperat\u016bra 3000K<\/li>\n<li data-section-id=\"tutnhk\" data-start=\"824\" data-end=\"854\">Kv\u0113lspuldzes ekvivalents 32W<\/li>\n<li data-section-id=\"srtb1j\" data-start=\"855\" data-end=\"867\">Forma MR16<\/li>\n<li data-section-id=\"1grm43w\" data-start=\"868\" data-end=\"898\">Gaismas efektivit\u0101te 115lm\/W<\/li>\n<li data-section-id=\"1afg7wx\" data-start=\"899\" data-end=\"928\">Energoefektivit\u0101tes klase E<\/li>\n<li data-section-id=\"n0xvxm\" data-start=\"929\" data-end=\"989\">Spriegums 230V~ 50Hz<\/li>\n<\/ul>\n<p><\/p>","protected":false},"excerpt":{"rendered":"<p>LED spuldze ar GU10 cokolu un silti baltu 3000K gaismu ir piem\u0113rota ikdienas iek\u0161telpu apgaismojumam viet\u0101s, kur nepiecie\u0161ama kompakta un virz\u012bta gaisma. MR16 forma padara to par praktisku izv\u0113li pro\u017eektoru tipa gaismek\u013ciem m\u0101j\u0101s, biroj\u0101 un cit\u0101s iek\u0161telp\u0101s. Ar 3W jaudu un 345lm gaismas pl\u016bsmu \u0161\u012b spuldze aizvieto 32W kv\u0113lspuldzi un nodro\u0161ina ekonomisku apgaismojumu ikdienas lieto\u0161anai. [&hellip;]<\/p>\n","protected":false},"featured_media":111612,"comment_status":"closed","ping_status":"closed","template":"","meta":{"inline_featured_image":false},"product_cat":[852],"product_tag":[],"yst_prominent_words":[],"class_list":{"0":"post-111477","1":"product","2":"type-product","3":"status-publish","4":"has-post-thumbnail","6":"product_cat-gu10-spuldzes","8":"first","9":"instock","10":"taxable","11":"shipping-taxable","12":"purchasable","13":"product-type-simple"},"jetpack_sharing_enabled":true,"_links":{"self":[{"href":"https:\/\/ddt.lv\/lv\/wp-json\/wp\/v2\/product\/111477"}],"collection":[{"href":"https:\/\/ddt.lv\/lv\/wp-json\/wp\/v2\/product"}],"about":[{"href":"https:\/\/ddt.lv\/lv\/wp-json\/wp\/v2\/types\/product"}],"replies":[{"embeddable":true,"href":"https:\/\/ddt.lv\/lv\/wp-json\/wp\/v2\/comments?post=111477"}],"wp:featuredmedia":[{"embeddable":true,"href":"https:\/\/ddt.lv\/lv\/wp-json\/wp\/v2\/media\/111612"}],"wp:attachment":[{"href":"https:\/\/ddt.lv\/lv\/wp-json\/wp\/v2\/media?parent=111477"}],"wp:term":[{"taxonomy":"product_cat","embeddable":true,"href":"https:\/\/ddt.lv\/lv\/wp-json\/wp\/v2\/product_cat?post=111477"},{"taxonomy":"product_tag","embeddable":true,"href":"https:\/\/ddt.lv\/lv\/wp-json\/wp\/v2\/product_tag?post=111477"},{"taxonomy":"yst_prominent_words","embeddable":true,"href":"https:\/\/ddt.lv\/lv\/wp-json\/wp\/v2\/yst_prominent_words?post=111477"}],"curies":[{"name":"wp","href":"https:\/\/api.w.org\/{rel}","templated":true}]}}