{"id":111475,"date":"2026-04-13T23:50:37","date_gmt":"2026-04-13T20:50:37","guid":{"rendered":"https:\/\/ddt.lv\/lv\/product\/led-spuldze-spot-gu10-7w-230v-800lm-100-4000k-ra80-dim-emos\/"},"modified":"2026-05-05T08:51:51","modified_gmt":"2026-05-05T05:51:51","slug":"led-spuldze-spot-gu10-7w-230v-800lm-100-4000k-ra80-dim-emos","status":"publish","type":"product","link":"https:\/\/ddt.lv\/lv\/product\/led-spuldze-spot-gu10-7w-230v-800lm-100-4000k-ra80-dim-emos\/","title":{"rendered":"LED spuldze Spot GU10 7W 230V 800lm 100\u00b0 4000K Ra80 DIM EMOS"},"content":{"rendered":"<p><\/p>\n<p data-start=\"136\" data-end=\"388\">LED spuldze ar GU10 cokolu un neitr\u0101li baltu 4000K gaismu ir piem\u0113rota viet\u0101m, kur nepiecie\u0161ams spilgts un vienm\u0113r\u012bgs apgaismojums ikdienas lieto\u0161anai. MR16 forma padara to par praktisku izv\u0113li pro\u017eektoru tipa gaismek\u013ciem m\u0101j\u0101s, biroj\u0101 un komerctelp\u0101s.<\/p>\n<p data-start=\"390\" data-end=\"658\">Ar 7W jaudu un 800lm gaismas pl\u016bsmu \u0161\u012b spuldze aizvieto 60W kv\u0113lspuldzi un nodro\u0161ina efekt\u012bvu apgaismojumu ar iesp\u0113ju regul\u0113t gaismas intensit\u0101ti. Dimm\u0113\u0161anas funkcija \u013cauj piel\u0101got apgaismojumu da\u017e\u0101d\u0101m situ\u0101cij\u0101m \u2013 no spilgtas darba gaismas l\u012bdz mier\u012bg\u0101kai atmosf\u0113rai.<\/p>\n<h2 data-section-id=\"7cpzmo\" data-start=\"660\" data-end=\"680\">Galven\u0101s \u012bpa\u0161\u012bbas<\/h2>\n<ul data-start=\"681\" data-end=\"983\">\n<li data-section-id=\"l3oiph\" data-start=\"681\" data-end=\"709\">LED spuldze ar GU10 cokolu<\/li>\n<li data-section-id=\"hyqdxv\" data-start=\"710\" data-end=\"720\">Jauda 7W<\/li>\n<li data-section-id=\"d8t84a\" data-start=\"721\" data-end=\"743\">Gaismas pl\u016bsma 800lm<\/li>\n<li data-section-id=\"14a9np7\" data-start=\"744\" data-end=\"774\">Gaismas kr\u0101sa neitr\u0101li balta<\/li>\n<li data-section-id=\"frwnan\" data-start=\"775\" data-end=\"800\">Kr\u0101su temperat\u016bra 4000K<\/li>\n<li data-section-id=\"tutkz3\" data-start=\"801\" data-end=\"831\">Kv\u0113lspuldzes ekvivalents 60W<\/li>\n<li data-section-id=\"srtb1j\" data-start=\"832\" data-end=\"844\">Forma MR16<\/li>\n<li data-section-id=\"obvvw1\" data-start=\"845\" data-end=\"856\">Dimm\u0113jama<\/li>\n<li data-section-id=\"12ie5a\" data-start=\"857\" data-end=\"876\">Stara le\u0146\u0137is 100\u00b0<\/li>\n<li data-section-id=\"1gs9zm5\" data-start=\"877\" data-end=\"907\">Gaismas efektivit\u0101te 114lm\/W<\/li>\n<li data-section-id=\"1qua81h\" data-start=\"908\" data-end=\"919\">CRI Ra&gt;80<\/li>\n<li data-section-id=\"itz8ib\" data-start=\"920\" data-end=\"983\">Kalpo\u0161anas laiks 25000h<\/li>\n<\/ul>\n<p><\/p>","protected":false},"excerpt":{"rendered":"<p>LED spuldze ar GU10 cokolu un neitr\u0101li baltu 4000K gaismu ir piem\u0113rota viet\u0101m, kur nepiecie\u0161ams spilgts un vienm\u0113r\u012bgs apgaismojums ikdienas lieto\u0161anai. MR16 forma padara to par praktisku izv\u0113li pro\u017eektoru tipa gaismek\u013ciem m\u0101j\u0101s, biroj\u0101 un komerctelp\u0101s. Ar 7W jaudu un 800lm gaismas pl\u016bsmu \u0161\u012b spuldze aizvieto 60W kv\u0113lspuldzi un nodro\u0161ina efekt\u012bvu apgaismojumu ar iesp\u0113ju regul\u0113t gaismas [&hellip;]<\/p>\n","protected":false},"featured_media":112228,"comment_status":"closed","ping_status":"closed","template":"","meta":{"inline_featured_image":false},"product_cat":[852],"product_tag":[],"yst_prominent_words":[],"class_list":{"0":"post-111475","1":"product","2":"type-product","3":"status-publish","4":"has-post-thumbnail","6":"product_cat-gu10-spuldzes","8":"first","9":"instock","10":"taxable","11":"shipping-taxable","12":"purchasable","13":"product-type-simple"},"jetpack_sharing_enabled":true,"_links":{"self":[{"href":"https:\/\/ddt.lv\/lv\/wp-json\/wp\/v2\/product\/111475"}],"collection":[{"href":"https:\/\/ddt.lv\/lv\/wp-json\/wp\/v2\/product"}],"about":[{"href":"https:\/\/ddt.lv\/lv\/wp-json\/wp\/v2\/types\/product"}],"replies":[{"embeddable":true,"href":"https:\/\/ddt.lv\/lv\/wp-json\/wp\/v2\/comments?post=111475"}],"wp:featuredmedia":[{"embeddable":true,"href":"https:\/\/ddt.lv\/lv\/wp-json\/wp\/v2\/media\/112228"}],"wp:attachment":[{"href":"https:\/\/ddt.lv\/lv\/wp-json\/wp\/v2\/media?parent=111475"}],"wp:term":[{"taxonomy":"product_cat","embeddable":true,"href":"https:\/\/ddt.lv\/lv\/wp-json\/wp\/v2\/product_cat?post=111475"},{"taxonomy":"product_tag","embeddable":true,"href":"https:\/\/ddt.lv\/lv\/wp-json\/wp\/v2\/product_tag?post=111475"},{"taxonomy":"yst_prominent_words","embeddable":true,"href":"https:\/\/ddt.lv\/lv\/wp-json\/wp\/v2\/yst_prominent_words?post=111475"}],"curies":[{"name":"wp","href":"https:\/\/api.w.org\/{rel}","templated":true}]}}