{"id":111474,"date":"2026-04-13T23:50:37","date_gmt":"2026-04-13T20:50:37","guid":{"rendered":"https:\/\/ddt.lv\/lv\/product\/led-spuldze-spot-gu10-7w-230v-800lm-100-3000k-ra80-dim-emos\/"},"modified":"2026-05-07T12:35:22","modified_gmt":"2026-05-07T09:35:22","slug":"led-spuldze-spot-gu10-7w-230v-800lm-100-3000k-ra80-dim-emos","status":"publish","type":"product","link":"https:\/\/ddt.lv\/lv\/product\/led-spuldze-spot-gu10-7w-230v-800lm-100-3000k-ra80-dim-emos\/","title":{"rendered":"LED spuldze Spot GU10 7W 230V 800lm 100\u00b0 3000K Ra80 DIM EMOS"},"content":{"rendered":"<p><\/p>\n<p data-start=\"133\" data-end=\"425\">LED spuldze ar GU10 cokolu un silti baltu 3000K gaismu ir piem\u0113rota viet\u0101m, kur nepiecie\u0161ams pat\u012bkams un vienm\u0113r\u012bgs apgaismojums ikdienas lieto\u0161anai. MR16 forma padara to par praktisku izv\u0113li pro\u017eektoru tipa gaismek\u013ciem m\u0101j\u0101s, biroj\u0101 un cit\u0101s iek\u0161telp\u0101s.<\/p>\n<p data-start=\"427\" data-end=\"697\">Ar 7W jaudu un 800lm gaismas pl\u016bsmu \u0161\u012b spuldze aizvieto 60W kv\u0113lspuldzi un nodro\u0161ina ekonomisku apgaismojumu ar iesp\u0113ju regul\u0113t gaismas intensit\u0101ti. T\u0101 ir laba izv\u0113le viet\u0101m, kur svar\u012bga ir silti balt\u0101 gaisma un dimm\u0113\u0161anas funkcija.<\/p>\n<h2 data-section-id=\"7cpzmo\" data-start=\"699\" data-end=\"719\">Galven\u0101s \u012bpa\u0161\u012bbas<\/h2>\n<ul data-start=\"720\" data-end=\"1026\">\n<li data-section-id=\"l3oiph\" data-start=\"720\" data-end=\"748\">LED spuldze ar GU10 cokolu<\/li>\n<li data-section-id=\"hyqdxv\" data-start=\"749\" data-end=\"759\">Jauda 7W<\/li>\n<li data-section-id=\"d8t84a\" data-start=\"760\" data-end=\"782\">Gaismas pl\u016bsma 800lm<\/li>\n<li data-section-id=\"7igrrk\" data-start=\"783\" data-end=\"810\">Gaismas kr\u0101sa silti balta<\/li>\n<li data-section-id=\"fptvxk\" data-start=\"811\" data-end=\"836\">Kr\u0101su temperat\u016bra 3000K<\/li>\n<li data-section-id=\"tutkz3\" data-start=\"837\" data-end=\"867\">Kv\u0113lspuldzes ekvivalents 60W<\/li>\n<li data-section-id=\"srtb1j\" data-start=\"868\" data-end=\"880\">Forma MR16<\/li>\n<li data-section-id=\"obvvw1\" data-start=\"881\" data-end=\"892\">Dimm\u0113jama<\/li>\n<li data-section-id=\"1gs9zm5\" data-start=\"893\" data-end=\"923\">Gaismas efektivit\u0101te 114lm\/W<\/li>\n<li data-section-id=\"1afg7wx\" data-start=\"924\" data-end=\"953\">Energoefektivit\u0101tes klase E<\/li>\n<li data-section-id=\"1yq42rb\" data-start=\"954\" data-end=\"976\">Spriegums 230V~ 50Hz<\/li>\n<li data-section-id=\"t1vwa0\" data-start=\"977\" data-end=\"1026\">CRI Ra&gt;80<\/li>\n<\/ul>\n<p><\/p>","protected":false},"excerpt":{"rendered":"<p>LED spuldze ar GU10 cokolu un silti baltu 3000K gaismu ir piem\u0113rota viet\u0101m, kur nepiecie\u0161ams pat\u012bkams un vienm\u0113r\u012bgs apgaismojums ikdienas lieto\u0161anai. MR16 forma padara to par praktisku izv\u0113li pro\u017eektoru tipa gaismek\u013ciem m\u0101j\u0101s, biroj\u0101 un cit\u0101s iek\u0161telp\u0101s. Ar 7W jaudu un 800lm gaismas pl\u016bsmu \u0161\u012b spuldze aizvieto 60W kv\u0113lspuldzi un nodro\u0161ina ekonomisku apgaismojumu ar iesp\u0113ju regul\u0113t [&hellip;]<\/p>\n","protected":false},"featured_media":112215,"comment_status":"closed","ping_status":"closed","template":"","meta":{"inline_featured_image":false},"product_cat":[852],"product_tag":[],"yst_prominent_words":[],"class_list":{"0":"post-111474","1":"product","2":"type-product","3":"status-publish","4":"has-post-thumbnail","6":"product_cat-gu10-spuldzes","8":"first","9":"instock","10":"taxable","11":"shipping-taxable","12":"purchasable","13":"product-type-simple"},"jetpack_sharing_enabled":true,"_links":{"self":[{"href":"https:\/\/ddt.lv\/lv\/wp-json\/wp\/v2\/product\/111474"}],"collection":[{"href":"https:\/\/ddt.lv\/lv\/wp-json\/wp\/v2\/product"}],"about":[{"href":"https:\/\/ddt.lv\/lv\/wp-json\/wp\/v2\/types\/product"}],"replies":[{"embeddable":true,"href":"https:\/\/ddt.lv\/lv\/wp-json\/wp\/v2\/comments?post=111474"}],"wp:featuredmedia":[{"embeddable":true,"href":"https:\/\/ddt.lv\/lv\/wp-json\/wp\/v2\/media\/112215"}],"wp:attachment":[{"href":"https:\/\/ddt.lv\/lv\/wp-json\/wp\/v2\/media?parent=111474"}],"wp:term":[{"taxonomy":"product_cat","embeddable":true,"href":"https:\/\/ddt.lv\/lv\/wp-json\/wp\/v2\/product_cat?post=111474"},{"taxonomy":"product_tag","embeddable":true,"href":"https:\/\/ddt.lv\/lv\/wp-json\/wp\/v2\/product_tag?post=111474"},{"taxonomy":"yst_prominent_words","embeddable":true,"href":"https:\/\/ddt.lv\/lv\/wp-json\/wp\/v2\/yst_prominent_words?post=111474"}],"curies":[{"name":"wp","href":"https:\/\/api.w.org\/{rel}","templated":true}]}}