{"id":111473,"date":"2026-04-13T23:50:36","date_gmt":"2026-04-13T20:50:36","guid":{"rendered":"https:\/\/ddt.lv\/lv\/product\/led-spuldze-spot-gu10-10w-230v-1000lm-110-6500k-emos\/"},"modified":"2026-05-05T08:52:00","modified_gmt":"2026-05-05T05:52:00","slug":"led-spuldze-spot-gu10-10w-230v-1000lm-110-6500k-emos","status":"publish","type":"product","link":"https:\/\/ddt.lv\/lv\/product\/led-spuldze-spot-gu10-10w-230v-1000lm-110-6500k-emos\/","title":{"rendered":"LED spuldze Spot GU10 10W 230V 1000lm 110\u00b0 6500K EMOS"},"content":{"rendered":"<p><\/p>\n<p data-start=\"123\" data-end=\"385\">LED spuldze ar GU10 cokolu un auksti baltu 6500K gaismu ir piem\u0113rota viet\u0101m, kur nepiecie\u0161ams maksim\u0101li spilgts un kontrastains apgaismojums. T\u0101 labi der darbn\u012bc\u0101m, noliktav\u0101m, tehnisk\u0101m telp\u0101m un cit\u0101m zon\u0101m, kur svar\u012bga ir laba redzam\u012bba un koncentr\u0113ta gaisma.<\/p>\n<p data-start=\"387\" data-end=\"674\">Ar 10W jaudu un 1000lm gaismas pl\u016bsmu \u0161\u012b spuldze nodro\u0161ina augstu gaismas atdevi un aizvieto tradicion\u0101lo 72W kv\u0113lspuldzi. Pla\u0161ais 110\u00b0 starojuma le\u0146\u0137is nodro\u0161ina vienm\u0113r\u012bgu apgaismojumu, padarot to piem\u0113rotu gan darba, gan visp\u0101r\u0113jam apgaismojumam.<\/p>\n<h2 data-section-id=\"7cpzmo\" data-start=\"676\" data-end=\"696\">Galven\u0101s \u012bpa\u0161\u012bbas<\/h2>\n<ul data-start=\"697\" data-end=\"1003\">\n<li data-section-id=\"l3oiph\" data-start=\"697\" data-end=\"725\">LED spuldze ar GU10 cokolu<\/li>\n<li data-section-id=\"olacyt\" data-start=\"726\" data-end=\"737\">Jauda 10W<\/li>\n<li data-section-id=\"6bl9cz\" data-start=\"738\" data-end=\"761\">Gaismas pl\u016bsma 1000lm<\/li>\n<li data-section-id=\"e5ujqi\" data-start=\"762\" data-end=\"790\">Gaismas kr\u0101sa auksti balta<\/li>\n<li data-section-id=\"ftanwo\" data-start=\"791\" data-end=\"816\">Kr\u0101su temperat\u016bra 6500K<\/li>\n<li data-section-id=\"tutk4s\" data-start=\"817\" data-end=\"847\">Kv\u0113lspuldzes ekvivalents 72W<\/li>\n<li data-section-id=\"srtb1j\" data-start=\"848\" data-end=\"860\">Forma MR16<\/li>\n<li data-section-id=\"12idcv\" data-start=\"861\" data-end=\"880\">Stara le\u0146\u0137is 110\u00b0<\/li>\n<li data-section-id=\"1qua81h\" data-start=\"881\" data-end=\"892\">CRI Ra&gt;80<\/li>\n<li data-section-id=\"1im8bjc\" data-start=\"893\" data-end=\"923\">Gaismas efektivit\u0101te 100lm\/W<\/li>\n<li data-section-id=\"1c0qqyz\" data-start=\"924\" data-end=\"949\">Kalpo\u0161anas laiks 20000h<\/li>\n<li data-section-id=\"st829h\" data-start=\"950\" data-end=\"1003\">Nav dimm\u0113jama<\/li>\n<\/ul>\n<p><\/p>","protected":false},"excerpt":{"rendered":"<p>LED spuldze ar GU10 cokolu un auksti baltu 6500K gaismu ir piem\u0113rota viet\u0101m, kur nepiecie\u0161ams maksim\u0101li spilgts un kontrastains apgaismojums. T\u0101 labi der darbn\u012bc\u0101m, noliktav\u0101m, tehnisk\u0101m telp\u0101m un cit\u0101m zon\u0101m, kur svar\u012bga ir laba redzam\u012bba un koncentr\u0113ta gaisma. Ar 10W jaudu un 1000lm gaismas pl\u016bsmu \u0161\u012b spuldze nodro\u0161ina augstu gaismas atdevi un aizvieto tradicion\u0101lo 72W [&hellip;]<\/p>\n","protected":false},"featured_media":112247,"comment_status":"closed","ping_status":"closed","template":"","meta":{"inline_featured_image":false},"product_cat":[852],"product_tag":[],"yst_prominent_words":[],"class_list":{"0":"post-111473","1":"product","2":"type-product","3":"status-publish","4":"has-post-thumbnail","6":"product_cat-gu10-spuldzes","8":"first","9":"instock","10":"taxable","11":"shipping-taxable","12":"purchasable","13":"product-type-simple"},"jetpack_sharing_enabled":true,"_links":{"self":[{"href":"https:\/\/ddt.lv\/lv\/wp-json\/wp\/v2\/product\/111473"}],"collection":[{"href":"https:\/\/ddt.lv\/lv\/wp-json\/wp\/v2\/product"}],"about":[{"href":"https:\/\/ddt.lv\/lv\/wp-json\/wp\/v2\/types\/product"}],"replies":[{"embeddable":true,"href":"https:\/\/ddt.lv\/lv\/wp-json\/wp\/v2\/comments?post=111473"}],"wp:featuredmedia":[{"embeddable":true,"href":"https:\/\/ddt.lv\/lv\/wp-json\/wp\/v2\/media\/112247"}],"wp:attachment":[{"href":"https:\/\/ddt.lv\/lv\/wp-json\/wp\/v2\/media?parent=111473"}],"wp:term":[{"taxonomy":"product_cat","embeddable":true,"href":"https:\/\/ddt.lv\/lv\/wp-json\/wp\/v2\/product_cat?post=111473"},{"taxonomy":"product_tag","embeddable":true,"href":"https:\/\/ddt.lv\/lv\/wp-json\/wp\/v2\/product_tag?post=111473"},{"taxonomy":"yst_prominent_words","embeddable":true,"href":"https:\/\/ddt.lv\/lv\/wp-json\/wp\/v2\/yst_prominent_words?post=111473"}],"curies":[{"name":"wp","href":"https:\/\/api.w.org\/{rel}","templated":true}]}}