{"id":111472,"date":"2026-04-13T23:50:36","date_gmt":"2026-04-13T20:50:36","guid":{"rendered":"https:\/\/ddt.lv\/lv\/product\/led-spuldze-spot-gu10-7w-230v-1000lm-100-3000k-ra80-emos\/"},"modified":"2026-05-05T08:52:10","modified_gmt":"2026-05-05T05:52:10","slug":"led-spuldze-spot-gu10-7w-230v-1000lm-100-3000k-ra80-emos","status":"publish","type":"product","link":"https:\/\/ddt.lv\/lv\/product\/led-spuldze-spot-gu10-7w-230v-1000lm-100-3000k-ra80-emos\/","title":{"rendered":"LED spuldze Spot GU10 7W 230V 1000lm 100\u00b0 3000K Ra80 EMOS"},"content":{"rendered":"<p><\/p>\n<p data-start=\"123\" data-end=\"407\">LED spuldze ar GU10 cokolu un silti baltu 3000K gaismu ir piem\u0113rota viet\u0101m, kur vajadz\u012bgs spilgts un vienm\u0113r\u012bgs apgaismojums ikdienas lieto\u0161anai. MR16 forma padara to par praktisku izv\u0113li pro\u017eektoru tipa gaismek\u013ciem m\u0101j\u0101s, biroj\u0101 un komerctelp\u0101s.<\/p>\n<p data-start=\"409\" data-end=\"680\">Ar 7W jaudu un 1000lm gaismas pl\u016bsmu \u0161\u012b spuldze nodro\u0161ina augstu gaismas atdevi un aizvieto 72W kv\u0113lspuldzi. 100\u00b0 starojuma le\u0146\u0137is pal\u012bdz ieg\u016bt pla\u0161\u0101ku gaismas p\u0101rkl\u0101jumu, t\u0101p\u0113c spuldze labi der gan pamata, gan akcenta apgaismojumam.<\/p>\n<h2 data-section-id=\"7cpzmo\" data-start=\"682\" data-end=\"702\">Galven\u0101s \u012bpa\u0161\u012bbas<\/h2>\n<ul data-start=\"703\" data-end=\"995\">\n<li data-section-id=\"l3oiph\" data-start=\"703\" data-end=\"731\">LED spuldze ar GU10 cokolu<\/li>\n<li data-section-id=\"hyqdxv\" data-start=\"732\" data-end=\"742\">Jauda 7W<\/li>\n<li data-section-id=\"6bl9cz\" data-start=\"743\" data-end=\"766\">Gaismas pl\u016bsma 1000lm<\/li>\n<li data-section-id=\"7igrrk\" data-start=\"767\" data-end=\"794\">Gaismas kr\u0101sa silti balta<\/li>\n<li data-section-id=\"fptvxk\" data-start=\"795\" data-end=\"820\">Kr\u0101su temperat\u016bra 3000K<\/li>\n<li data-section-id=\"tutk4s\" data-start=\"821\" data-end=\"851\">Kv\u0113lspuldzes ekvivalents 72W<\/li>\n<li data-section-id=\"srtb1j\" data-start=\"852\" data-end=\"864\">Forma MR16<\/li>\n<li data-section-id=\"12ie5a\" data-start=\"865\" data-end=\"884\">Stara le\u0146\u0137is 100\u00b0<\/li>\n<li data-section-id=\"1qua81h\" data-start=\"885\" data-end=\"896\">CRI Ra&gt;80<\/li>\n<li data-section-id=\"1l6lrxr\" data-start=\"897\" data-end=\"927\">Gaismas efektivit\u0101te 143lm\/W<\/li>\n<li data-section-id=\"1jzqivh\" data-start=\"928\" data-end=\"995\">Energoefektivit\u0101tes klase D<\/li>\n<\/ul>\n<p><\/p>","protected":false},"excerpt":{"rendered":"<p>LED spuldze ar GU10 cokolu un silti baltu 3000K gaismu ir piem\u0113rota viet\u0101m, kur vajadz\u012bgs spilgts un vienm\u0113r\u012bgs apgaismojums ikdienas lieto\u0161anai. MR16 forma padara to par praktisku izv\u0113li pro\u017eektoru tipa gaismek\u013ciem m\u0101j\u0101s, biroj\u0101 un komerctelp\u0101s. Ar 7W jaudu un 1000lm gaismas pl\u016bsmu \u0161\u012b spuldze nodro\u0161ina augstu gaismas atdevi un aizvieto 72W kv\u0113lspuldzi. 100\u00b0 starojuma le\u0146\u0137is [&hellip;]<\/p>\n","protected":false},"featured_media":112241,"comment_status":"closed","ping_status":"closed","template":"","meta":{"inline_featured_image":false},"product_cat":[852],"product_tag":[],"yst_prominent_words":[],"class_list":{"0":"post-111472","1":"product","2":"type-product","3":"status-publish","4":"has-post-thumbnail","6":"product_cat-gu10-spuldzes","8":"first","9":"instock","10":"taxable","11":"shipping-taxable","12":"purchasable","13":"product-type-simple"},"jetpack_sharing_enabled":true,"_links":{"self":[{"href":"https:\/\/ddt.lv\/lv\/wp-json\/wp\/v2\/product\/111472"}],"collection":[{"href":"https:\/\/ddt.lv\/lv\/wp-json\/wp\/v2\/product"}],"about":[{"href":"https:\/\/ddt.lv\/lv\/wp-json\/wp\/v2\/types\/product"}],"replies":[{"embeddable":true,"href":"https:\/\/ddt.lv\/lv\/wp-json\/wp\/v2\/comments?post=111472"}],"wp:featuredmedia":[{"embeddable":true,"href":"https:\/\/ddt.lv\/lv\/wp-json\/wp\/v2\/media\/112241"}],"wp:attachment":[{"href":"https:\/\/ddt.lv\/lv\/wp-json\/wp\/v2\/media?parent=111472"}],"wp:term":[{"taxonomy":"product_cat","embeddable":true,"href":"https:\/\/ddt.lv\/lv\/wp-json\/wp\/v2\/product_cat?post=111472"},{"taxonomy":"product_tag","embeddable":true,"href":"https:\/\/ddt.lv\/lv\/wp-json\/wp\/v2\/product_tag?post=111472"},{"taxonomy":"yst_prominent_words","embeddable":true,"href":"https:\/\/ddt.lv\/lv\/wp-json\/wp\/v2\/yst_prominent_words?post=111472"}],"curies":[{"name":"wp","href":"https:\/\/api.w.org\/{rel}","templated":true}]}}