{"id":111471,"date":"2026-04-13T23:50:36","date_gmt":"2026-04-13T20:50:36","guid":{"rendered":"https:\/\/ddt.lv\/lv\/product\/led-spuldze-ball-e14-42w-240v-470lm-4000k-emos\/"},"modified":"2026-05-05T08:50:55","modified_gmt":"2026-05-05T05:50:55","slug":"led-spuldze-ball-e14-42w-240v-470lm-4000k-emos","status":"publish","type":"product","link":"https:\/\/ddt.lv\/lv\/product\/led-spuldze-ball-e14-42w-240v-470lm-4000k-emos\/","title":{"rendered":"LED spuldze Ball E14 4,2W 240V 470lm 4000K EMOS"},"content":{"rendered":"<p><\/p>\n<p data-start=\"123\" data-end=\"378\">LED spuldze ar E14 cokolu un silti baltu 3000K gaismu ir piem\u0113rota dekorat\u012bviem gaismek\u013ciem, sienas lamp\u0101m un lustru tipa apgaismojumam. Candle forma nodro\u0161ina est\u0113tisku izskatu, vienlaikus sniedzot pat\u012bkamu un vienm\u0113r\u012bgu apgaismojumu ikdienas lieto\u0161anai.<\/p>\n<p data-start=\"380\" data-end=\"582\">Ar 5W jaudu un 470lm gaismas pl\u016bsmu \u0161\u012b spuldze aizvieto tradicion\u0101lo kv\u0113lspuldzi, nodro\u0161inot ekonomisku un uzticamu apgaismojumu. T\u0101 ir piem\u0113rota viet\u0101m, kur svar\u012bga ir m\u0101j\u012bga atmosf\u0113ra un silta gaisma.<\/p>\n<h2 data-section-id=\"7cpzmo\" data-start=\"584\" data-end=\"604\">Galven\u0101s \u012bpa\u0161\u012bbas<\/h2>\n<ul data-start=\"605\" data-end=\"871\">\n<li data-section-id=\"nwvkcm\" data-start=\"605\" data-end=\"632\">LED spuldze ar E14 cokolu<\/li>\n<li data-section-id=\"hyqe35\" data-start=\"633\" data-end=\"643\">Jauda 5W<\/li>\n<li data-section-id=\"d5vnw1\" data-start=\"644\" data-end=\"666\">Gaismas pl\u016bsma 470lm<\/li>\n<li data-section-id=\"7igrrk\" data-start=\"667\" data-end=\"694\">Gaismas kr\u0101sa silti balta<\/li>\n<li data-section-id=\"fptvxk\" data-start=\"695\" data-end=\"720\">Kr\u0101su temperat\u016bra 3000K<\/li>\n<li data-section-id=\"tutmnh\" data-start=\"721\" data-end=\"751\">Kv\u0113lspuldzes ekvivalents 40W<\/li>\n<li data-section-id=\"dnlegu\" data-start=\"752\" data-end=\"766\">Forma Candle<\/li>\n<li data-section-id=\"1qua81h\" data-start=\"767\" data-end=\"778\">CRI Ra&gt;80<\/li>\n<li data-section-id=\"12i7fa\" data-start=\"779\" data-end=\"798\">Stara le\u0146\u0137is 180\u00b0<\/li>\n<li data-section-id=\"o2nrn8\" data-start=\"799\" data-end=\"828\">Gaismas efektivit\u0101te 94lm\/W<\/li>\n<li data-section-id=\"1c48cge\" data-start=\"829\" data-end=\"854\">Kalpo\u0161anas laiks 25000h<\/li>\n<li data-section-id=\"deqnni\" data-start=\"855\" data-end=\"871\">Spriegums 230V<\/li>\n<\/ul>\n<p><\/p>","protected":false},"excerpt":{"rendered":"<p>LED spuldze ar E14 cokolu un silti baltu 3000K gaismu ir piem\u0113rota dekorat\u012bviem gaismek\u013ciem, sienas lamp\u0101m un lustru tipa apgaismojumam. Candle forma nodro\u0161ina est\u0113tisku izskatu, vienlaikus sniedzot pat\u012bkamu un vienm\u0113r\u012bgu apgaismojumu ikdienas lieto\u0161anai. Ar 5W jaudu un 470lm gaismas pl\u016bsmu \u0161\u012b spuldze aizvieto tradicion\u0101lo kv\u0113lspuldzi, nodro\u0161inot ekonomisku un uzticamu apgaismojumu. T\u0101 ir piem\u0113rota viet\u0101m, kur [&hellip;]<\/p>\n","protected":false},"featured_media":112234,"comment_status":"closed","ping_status":"closed","template":"","meta":{"inline_featured_image":false},"product_cat":[851],"product_tag":[],"yst_prominent_words":[],"class_list":{"0":"post-111471","1":"product","2":"type-product","3":"status-publish","4":"has-post-thumbnail","6":"product_cat-e14-spuldzes","8":"first","9":"instock","10":"taxable","11":"shipping-taxable","12":"purchasable","13":"product-type-simple"},"jetpack_sharing_enabled":true,"_links":{"self":[{"href":"https:\/\/ddt.lv\/lv\/wp-json\/wp\/v2\/product\/111471"}],"collection":[{"href":"https:\/\/ddt.lv\/lv\/wp-json\/wp\/v2\/product"}],"about":[{"href":"https:\/\/ddt.lv\/lv\/wp-json\/wp\/v2\/types\/product"}],"replies":[{"embeddable":true,"href":"https:\/\/ddt.lv\/lv\/wp-json\/wp\/v2\/comments?post=111471"}],"wp:featuredmedia":[{"embeddable":true,"href":"https:\/\/ddt.lv\/lv\/wp-json\/wp\/v2\/media\/112234"}],"wp:attachment":[{"href":"https:\/\/ddt.lv\/lv\/wp-json\/wp\/v2\/media?parent=111471"}],"wp:term":[{"taxonomy":"product_cat","embeddable":true,"href":"https:\/\/ddt.lv\/lv\/wp-json\/wp\/v2\/product_cat?post=111471"},{"taxonomy":"product_tag","embeddable":true,"href":"https:\/\/ddt.lv\/lv\/wp-json\/wp\/v2\/product_tag?post=111471"},{"taxonomy":"yst_prominent_words","embeddable":true,"href":"https:\/\/ddt.lv\/lv\/wp-json\/wp\/v2\/yst_prominent_words?post=111471"}],"curies":[{"name":"wp","href":"https:\/\/api.w.org\/{rel}","templated":true}]}}