{"id":111470,"date":"2026-04-13T23:50:35","date_gmt":"2026-04-13T20:50:35","guid":{"rendered":"https:\/\/ddt.lv\/lv\/product\/led-spuldze-spot-gu10-10w-230v-1000lm-110-4000k-emos\/"},"modified":"2026-05-07T12:40:22","modified_gmt":"2026-05-07T09:40:22","slug":"led-spuldze-spot-gu10-10w-230v-1000lm-110-4000k-emos","status":"publish","type":"product","link":"https:\/\/ddt.lv\/lv\/product\/led-spuldze-spot-gu10-10w-230v-1000lm-110-4000k-emos\/","title":{"rendered":"LED spuldze Spot GU10 10W 230V 1000lm 110\u00b0 4000K EMOS"},"content":{"rendered":"<p><\/p>\n<p data-start=\"125\" data-end=\"397\">LED spuldze ar GU10 cokolu un neitr\u0101li baltu 4000K gaismu ir piem\u0113rota viet\u0101m, kur nepiecie\u0161ams spilgts un dab\u012bgs apgaismojums ikdienas lieto\u0161anai. T\u0101 labi der virtuv\u0113m, birojiem, tirdzniec\u012bbas telp\u0101m un cit\u0101m zon\u0101m, kur svar\u012bga ir laba redzam\u012bba un prec\u012bza kr\u0101su uztvere.<\/p>\n<p data-start=\"399\" data-end=\"656\">Ar 10W jaudu un 1000lm gaismas pl\u016bsmu \u0161\u012b spuldze nodro\u0161ina augstu gaismas atdevi un aizvieto l\u012bdz 72W kv\u0113lspuldzi. Pla\u0161ais 110\u00b0 starojuma le\u0146\u0137is nodro\u0161ina vienm\u0113r\u012bgu apgaismojumu gan darba, gan visp\u0101r\u0113jam apgaismojumam.<\/p>\n<h2 data-section-id=\"7cpzmo\" data-start=\"658\" data-end=\"678\">Galven\u0101s \u012bpa\u0161\u012bbas<\/h2>\n<ul data-start=\"679\" data-end=\"1009\">\n<li data-section-id=\"11dc7cl\" data-start=\"679\" data-end=\"709\">LED spuldze ar GU10 cokolu<\/li>\n<li data-section-id=\"1axl0l\" data-start=\"710\" data-end=\"723\">Jauda 10W<\/li>\n<li data-section-id=\"1tnawmb\" data-start=\"724\" data-end=\"749\">Gaismas pl\u016bsma 1000lm<\/li>\n<li data-section-id=\"18jo37f\" data-start=\"750\" data-end=\"782\">Gaismas kr\u0101sa neitr\u0101li balta<\/li>\n<li data-section-id=\"1oqfhm7\" data-start=\"783\" data-end=\"810\">Kr\u0101su temperat\u016bra 4000K<\/li>\n<li data-section-id=\"1g7ox0s\" data-start=\"811\" data-end=\"843\">Kv\u0113lspuldzes ekvivalents 72W<\/li>\n<li data-section-id=\"8quuxz\" data-start=\"844\" data-end=\"858\">Forma MR16<\/li>\n<li data-section-id=\"sfx5lr\" data-start=\"859\" data-end=\"880\">Stara le\u0146\u0137is 110\u00b0<\/li>\n<li data-section-id=\"vbsf5h\" data-start=\"881\" data-end=\"894\">CRI Ra&gt;80<\/li>\n<li data-section-id=\"pmf1pk\" data-start=\"895\" data-end=\"927\">Gaismas efektivit\u0101te 100lm\/W<\/li>\n<li data-section-id=\"fq9h8r\" data-start=\"928\" data-end=\"955\">Kalpo\u0161anas laiks 20000h<\/li>\n<li data-section-id=\"st829h\" data-start=\"956\" data-end=\"1009\">Nav dimm\u0113jama<\/li>\n<\/ul>\n<p><\/p>","protected":false},"excerpt":{"rendered":"<p>LED spuldze ar GU10 cokolu un neitr\u0101li baltu 4000K gaismu ir piem\u0113rota viet\u0101m, kur nepiecie\u0161ams spilgts un dab\u012bgs apgaismojums ikdienas lieto\u0161anai. T\u0101 labi der virtuv\u0113m, birojiem, tirdzniec\u012bbas telp\u0101m un cit\u0101m zon\u0101m, kur svar\u012bga ir laba redzam\u012bba un prec\u012bza kr\u0101su uztvere. Ar 10W jaudu un 1000lm gaismas pl\u016bsmu \u0161\u012b spuldze nodro\u0161ina augstu gaismas atdevi un aizvieto [&hellip;]<\/p>\n","protected":false},"featured_media":112265,"comment_status":"closed","ping_status":"closed","template":"","meta":{"inline_featured_image":false},"product_cat":[852],"product_tag":[],"yst_prominent_words":[],"class_list":{"0":"post-111470","1":"product","2":"type-product","3":"status-publish","4":"has-post-thumbnail","6":"product_cat-gu10-spuldzes","8":"first","9":"instock","10":"taxable","11":"shipping-taxable","12":"purchasable","13":"product-type-simple"},"jetpack_sharing_enabled":true,"_links":{"self":[{"href":"https:\/\/ddt.lv\/lv\/wp-json\/wp\/v2\/product\/111470"}],"collection":[{"href":"https:\/\/ddt.lv\/lv\/wp-json\/wp\/v2\/product"}],"about":[{"href":"https:\/\/ddt.lv\/lv\/wp-json\/wp\/v2\/types\/product"}],"replies":[{"embeddable":true,"href":"https:\/\/ddt.lv\/lv\/wp-json\/wp\/v2\/comments?post=111470"}],"wp:featuredmedia":[{"embeddable":true,"href":"https:\/\/ddt.lv\/lv\/wp-json\/wp\/v2\/media\/112265"}],"wp:attachment":[{"href":"https:\/\/ddt.lv\/lv\/wp-json\/wp\/v2\/media?parent=111470"}],"wp:term":[{"taxonomy":"product_cat","embeddable":true,"href":"https:\/\/ddt.lv\/lv\/wp-json\/wp\/v2\/product_cat?post=111470"},{"taxonomy":"product_tag","embeddable":true,"href":"https:\/\/ddt.lv\/lv\/wp-json\/wp\/v2\/product_tag?post=111470"},{"taxonomy":"yst_prominent_words","embeddable":true,"href":"https:\/\/ddt.lv\/lv\/wp-json\/wp\/v2\/yst_prominent_words?post=111470"}],"curies":[{"name":"wp","href":"https:\/\/api.w.org\/{rel}","templated":true}]}}