{"id":111469,"date":"2026-04-13T23:50:35","date_gmt":"2026-04-13T20:50:35","guid":{"rendered":"https:\/\/ddt.lv\/lv\/product\/led-spuldze-spot-gu10-10w-230v-1000lm-110-3000k-emos\/"},"modified":"2026-05-05T08:52:00","modified_gmt":"2026-05-05T05:52:00","slug":"led-spuldze-spot-gu10-10w-230v-1000lm-110-3000k-emos","status":"publish","type":"product","link":"https:\/\/ddt.lv\/lv\/product\/led-spuldze-spot-gu10-10w-230v-1000lm-110-3000k-emos\/","title":{"rendered":"LED spuldze Spot GU10 10W 230V 1000lm 110\u00b0 3000K EMOS"},"content":{"rendered":"<p><\/p>\n<p data-start=\"122\" data-end=\"364\">LED spuldze ar GU10 cokolu un silti baltu 3000K gaismu ir piem\u0113rota viet\u0101m, kur nepiecie\u0161ams spilgts, bet pat\u012bkams apgaismojums ikdienas lieto\u0161anai. MR16 forma \u013cauj to izmantot da\u017e\u0101dos pro\u017eektoru tipa gaismek\u013cos m\u0101j\u0101s, biroj\u0101 un komerctelp\u0101s.<\/p>\n<p data-start=\"366\" data-end=\"653\">Ar 10W jaudu un 1000lm gaismas pl\u016bsmu \u0161\u012b spuldze nodro\u0161ina augstu gaismas atdevi un aizvieto tradicion\u0101lo 72W halog\u0113no spuldzi. Pla\u0161ais starojuma le\u0146\u0137is nodro\u0161ina vienm\u0113r\u012bgu apgaismojumu, padarot to piem\u0113rotu gan darba, gan visp\u0101r\u0113jam apgaismojumam.<\/p>\n<h2 data-section-id=\"7cpzmo\" data-start=\"655\" data-end=\"675\">Galven\u0101s \u012bpa\u0161\u012bbas<\/h2>\n<ul data-start=\"676\" data-end=\"981\">\n<li data-section-id=\"l3oiph\" data-start=\"676\" data-end=\"704\">LED spuldze ar GU10 cokolu<\/li>\n<li data-section-id=\"olacyt\" data-start=\"705\" data-end=\"716\">Jauda 10W<\/li>\n<li data-section-id=\"6bl9cz\" data-start=\"717\" data-end=\"740\">Gaismas pl\u016bsma 1000lm<\/li>\n<li data-section-id=\"7igrrk\" data-start=\"741\" data-end=\"768\">Gaismas kr\u0101sa silti balta<\/li>\n<li data-section-id=\"fptvxk\" data-start=\"769\" data-end=\"794\">Kr\u0101su temperat\u016bra 3000K<\/li>\n<li data-section-id=\"tutk4s\" data-start=\"795\" data-end=\"825\">Kv\u0113lspuldzes ekvivalents 72W<\/li>\n<li data-section-id=\"srtb1j\" data-start=\"826\" data-end=\"838\">Forma MR16<\/li>\n<li data-section-id=\"12idcv\" data-start=\"839\" data-end=\"858\">Stara le\u0146\u0137is 110\u00b0<\/li>\n<li data-section-id=\"1qua81h\" data-start=\"859\" data-end=\"870\">CRI Ra&gt;80<\/li>\n<li data-section-id=\"1im8bjc\" data-start=\"871\" data-end=\"901\">Gaismas efektivit\u0101te 100lm\/W<\/li>\n<li data-section-id=\"1c0qqyz\" data-start=\"902\" data-end=\"927\">Kalpo\u0161anas laiks 20000h<\/li>\n<li data-section-id=\"st829h\" data-start=\"928\" data-end=\"981\">Nav dimm\u0113jama<\/li>\n<\/ul>\n<p><\/p>","protected":false},"excerpt":{"rendered":"<p>LED spuldze ar GU10 cokolu un silti baltu 3000K gaismu ir piem\u0113rota viet\u0101m, kur nepiecie\u0161ams spilgts, bet pat\u012bkams apgaismojums ikdienas lieto\u0161anai. MR16 forma \u013cauj to izmantot da\u017e\u0101dos pro\u017eektoru tipa gaismek\u013cos m\u0101j\u0101s, biroj\u0101 un komerctelp\u0101s. Ar 10W jaudu un 1000lm gaismas pl\u016bsmu \u0161\u012b spuldze nodro\u0161ina augstu gaismas atdevi un aizvieto tradicion\u0101lo 72W halog\u0113no spuldzi. Pla\u0161ais starojuma [&hellip;]<\/p>\n","protected":false},"featured_media":112259,"comment_status":"closed","ping_status":"closed","template":"","meta":{"inline_featured_image":false},"product_cat":[852],"product_tag":[],"yst_prominent_words":[],"class_list":{"0":"post-111469","1":"product","2":"type-product","3":"status-publish","4":"has-post-thumbnail","6":"product_cat-gu10-spuldzes","8":"first","9":"instock","10":"taxable","11":"shipping-taxable","12":"purchasable","13":"product-type-simple"},"jetpack_sharing_enabled":true,"_links":{"self":[{"href":"https:\/\/ddt.lv\/lv\/wp-json\/wp\/v2\/product\/111469"}],"collection":[{"href":"https:\/\/ddt.lv\/lv\/wp-json\/wp\/v2\/product"}],"about":[{"href":"https:\/\/ddt.lv\/lv\/wp-json\/wp\/v2\/types\/product"}],"replies":[{"embeddable":true,"href":"https:\/\/ddt.lv\/lv\/wp-json\/wp\/v2\/comments?post=111469"}],"wp:featuredmedia":[{"embeddable":true,"href":"https:\/\/ddt.lv\/lv\/wp-json\/wp\/v2\/media\/112259"}],"wp:attachment":[{"href":"https:\/\/ddt.lv\/lv\/wp-json\/wp\/v2\/media?parent=111469"}],"wp:term":[{"taxonomy":"product_cat","embeddable":true,"href":"https:\/\/ddt.lv\/lv\/wp-json\/wp\/v2\/product_cat?post=111469"},{"taxonomy":"product_tag","embeddable":true,"href":"https:\/\/ddt.lv\/lv\/wp-json\/wp\/v2\/product_tag?post=111469"},{"taxonomy":"yst_prominent_words","embeddable":true,"href":"https:\/\/ddt.lv\/lv\/wp-json\/wp\/v2\/yst_prominent_words?post=111469"}],"curies":[{"name":"wp","href":"https:\/\/api.w.org\/{rel}","templated":true}]}}