{"id":111468,"date":"2026-04-13T23:45:36","date_gmt":"2026-04-13T20:45:36","guid":{"rendered":"https:\/\/ddt.lv\/lv\/product\/led-spuldze-spot-gu10-52w-230v-450lm-110-3000k-emos\/"},"modified":"2026-05-05T10:26:16","modified_gmt":"2026-05-05T07:26:16","slug":"led-spuldze-spot-gu10-52w-230v-450lm-110-3000k-emos","status":"publish","type":"product","link":"https:\/\/ddt.lv\/lv\/product\/led-spuldze-spot-gu10-52w-230v-450lm-110-3000k-emos\/","title":{"rendered":"LED spuldze Spot GU10 5,2W 230V 450lm 110\u00b0 3000K EMOS"},"content":{"rendered":"<p><\/p>\n<p data-start=\"122\" data-end=\"380\">LED spuldze ar GU10 cokolu un silti baltu 3000K gaismu ir piem\u0113rota m\u0101jas un biroja apgaismojumam, kur nepiecie\u0161ama pat\u012bkama un vienm\u0113r\u012bga gaisma. MR16 forma \u013cauj to izmantot pro\u017eektoru tipa gaismek\u013cos, piem\u0113ram, griestu lamp\u0101s vai ieb\u016bv\u0113tajos apgaismojumos.<\/p>\n<p data-start=\"382\" data-end=\"645\">Ar 5,2W jaudu un 450lm gaismas pl\u016bsmu \u0161\u012b spuldze aizvieto 40W kv\u0113lspuldzi, nodro\u0161inot energoefekt\u012bvu apgaismojumu ikdienas lieto\u0161anai. Pla\u0161ais starojuma le\u0146\u0137is pal\u012bdz vienm\u0113r\u012bgi izgaismot telpu bez izteiktiem \u0113nu kontrastiem.<\/p>\n<h2 data-section-id=\"7cpzmo\" data-start=\"647\" data-end=\"667\">Galven\u0101s \u012bpa\u0161\u012bbas<\/h2>\n<ul data-start=\"668\" data-end=\"996\">\n<li data-section-id=\"11dc7cl\" data-start=\"668\" data-end=\"698\">LED spuldze ar GU10 cokolu<\/li>\n<li data-section-id=\"19epf67\" data-start=\"699\" data-end=\"713\">Jauda 5,2W<\/li>\n<li data-section-id=\"1mxv9bn\" data-start=\"714\" data-end=\"738\">Gaismas pl\u016bsma 450lm<\/li>\n<li data-section-id=\"d1dm6o\" data-start=\"739\" data-end=\"768\">Gaismas kr\u0101sa silti balta<\/li>\n<li data-section-id=\"1wy1r6w\" data-start=\"769\" data-end=\"796\">Kr\u0101su temperat\u016bra 3000K<\/li>\n<li data-section-id=\"1g9t65p\" data-start=\"797\" data-end=\"829\">Kv\u0113lspuldzes ekvivalents 40W<\/li>\n<li data-section-id=\"8quuxz\" data-start=\"830\" data-end=\"844\">Forma MR16<\/li>\n<li data-section-id=\"sfx5lr\" data-start=\"845\" data-end=\"866\">Stara le\u0146\u0137is 110\u00b0<\/li>\n<li data-section-id=\"vbsf5h\" data-start=\"867\" data-end=\"880\">CRI Ra&gt;80<\/li>\n<li data-section-id=\"ty13x2\" data-start=\"881\" data-end=\"912\">Gaismas efektivit\u0101te 87lm\/W<\/li>\n<li data-section-id=\"fq9h8r\" data-start=\"913\" data-end=\"940\">Kalpo\u0161anas laiks 20000h<\/li>\n<li data-section-id=\"1fe8a9h\" data-start=\"941\" data-end=\"996\">Nav dimm\u0113jama<\/li>\n<\/ul>\n<p><\/p>","protected":false},"excerpt":{"rendered":"<p>LED spuldze ar GU10 cokolu un silti baltu 3000K gaismu ir piem\u0113rota m\u0101jas un biroja apgaismojumam, kur nepiecie\u0161ama pat\u012bkama un vienm\u0113r\u012bga gaisma. MR16 forma \u013cauj to izmantot pro\u017eektoru tipa gaismek\u013cos, piem\u0113ram, griestu lamp\u0101s vai ieb\u016bv\u0113tajos apgaismojumos. Ar 5,2W jaudu un 450lm gaismas pl\u016bsmu \u0161\u012b spuldze aizvieto 40W kv\u0113lspuldzi, nodro\u0161inot energoefekt\u012bvu apgaismojumu ikdienas lieto\u0161anai. Pla\u0161ais starojuma [&hellip;]<\/p>\n","protected":false},"featured_media":112276,"comment_status":"closed","ping_status":"closed","template":"","meta":{"inline_featured_image":false},"product_cat":[852],"product_tag":[],"yst_prominent_words":[],"class_list":{"0":"post-111468","1":"product","2":"type-product","3":"status-publish","4":"has-post-thumbnail","6":"product_cat-gu10-spuldzes","8":"first","9":"instock","10":"taxable","11":"shipping-taxable","12":"purchasable","13":"product-type-simple"},"jetpack_sharing_enabled":true,"_links":{"self":[{"href":"https:\/\/ddt.lv\/lv\/wp-json\/wp\/v2\/product\/111468"}],"collection":[{"href":"https:\/\/ddt.lv\/lv\/wp-json\/wp\/v2\/product"}],"about":[{"href":"https:\/\/ddt.lv\/lv\/wp-json\/wp\/v2\/types\/product"}],"replies":[{"embeddable":true,"href":"https:\/\/ddt.lv\/lv\/wp-json\/wp\/v2\/comments?post=111468"}],"wp:featuredmedia":[{"embeddable":true,"href":"https:\/\/ddt.lv\/lv\/wp-json\/wp\/v2\/media\/112276"}],"wp:attachment":[{"href":"https:\/\/ddt.lv\/lv\/wp-json\/wp\/v2\/media?parent=111468"}],"wp:term":[{"taxonomy":"product_cat","embeddable":true,"href":"https:\/\/ddt.lv\/lv\/wp-json\/wp\/v2\/product_cat?post=111468"},{"taxonomy":"product_tag","embeddable":true,"href":"https:\/\/ddt.lv\/lv\/wp-json\/wp\/v2\/product_tag?post=111468"},{"taxonomy":"yst_prominent_words","embeddable":true,"href":"https:\/\/ddt.lv\/lv\/wp-json\/wp\/v2\/yst_prominent_words?post=111468"}],"curies":[{"name":"wp","href":"https:\/\/api.w.org\/{rel}","templated":true}]}}