{"id":111467,"date":"2026-04-13T23:45:35","date_gmt":"2026-04-13T20:45:35","guid":{"rendered":"https:\/\/ddt.lv\/lv\/product\/led-spuldze-emos-a60-e27-153w-1521lm-4000k-230v-neitrali-balta\/"},"modified":"2026-05-05T08:51:51","modified_gmt":"2026-05-05T05:51:51","slug":"led-spuldze-emos-a60-e27-153w-1521lm-4000k-230v-neitrali-balta","status":"publish","type":"product","link":"https:\/\/ddt.lv\/lv\/product\/led-spuldze-emos-a60-e27-153w-1521lm-4000k-230v-neitrali-balta\/","title":{"rendered":"LED spuldze EMOS A60 E27 15,3W 1521lm 4000K 230V  neitr\u0101li balta"},"content":{"rendered":"<p><\/p>\n<p data-start=\"123\" data-end=\"374\">LED spuldze ar E27 cokolu un neitr\u0101li baltu 4000K gaismu ir piem\u0113rota ikdienas apgaismojumam m\u0101j\u0101s, biroj\u0101 un cit\u0101s telp\u0101s, kur nepiecie\u0161ams skaidrs un dab\u012bgs apgaismojums. A60 forma nodro\u0161ina klasisku izskatu un pla\u0161u pielietojumu da\u017e\u0101dos gaismek\u013cos.<\/p>\n<p data-start=\"376\" data-end=\"610\">Ar 8,5W jaudu un 806lm gaismas pl\u016bsmu \u0161\u012b spuldze aizvieto tradicion\u0101lo 60W kv\u0113lspuldzi, nodro\u0161inot energoefekt\u012bvu un vienm\u0113r\u012bgu apgaismojumu. Pla\u0161ais starojuma le\u0146\u0137is padara to piem\u0113rotu gan visp\u0101r\u0113jam, gan funkcion\u0101lam apgaismojumam.<\/p>\n<h2 data-section-id=\"7cpzmo\" data-start=\"612\" data-end=\"632\">Galven\u0101s \u012bpa\u0161\u012bbas<\/h2>\n<ul data-start=\"633\" data-end=\"924\">\n<li data-section-id=\"9ewjty\" data-start=\"633\" data-end=\"662\">LED spuldze ar E27 cokolu<\/li>\n<li data-section-id=\"1b8dwzp\" data-start=\"663\" data-end=\"677\">Jauda 8,5W<\/li>\n<li data-section-id=\"48pqvw\" data-start=\"678\" data-end=\"702\">Gaismas pl\u016bsma 806lm<\/li>\n<li data-section-id=\"18jo37f\" data-start=\"703\" data-end=\"735\">Gaismas kr\u0101sa neitr\u0101li balta<\/li>\n<li data-section-id=\"1oqfhm7\" data-start=\"736\" data-end=\"763\">Kr\u0101su temperat\u016bra 4000K<\/li>\n<li data-section-id=\"1g8efe7\" data-start=\"764\" data-end=\"796\">Kv\u0113lspuldzes ekvivalents 60W<\/li>\n<li data-section-id=\"qb26u0\" data-start=\"797\" data-end=\"810\">Forma A60<\/li>\n<li data-section-id=\"saxqc6\" data-start=\"811\" data-end=\"832\">Stara le\u0146\u0137is 180\u00b0<\/li>\n<li data-section-id=\"vbsf5h\" data-start=\"833\" data-end=\"846\">CRI Ra&gt;80<\/li>\n<li data-section-id=\"q7joxh\" data-start=\"847\" data-end=\"878\">Gaismas efektivit\u0101te 95lm\/W<\/li>\n<li data-section-id=\"fq9h8r\" data-start=\"879\" data-end=\"906\">Kalpo\u0161anas laiks 20000h<\/li>\n<li data-section-id=\"7ivtu0\" data-start=\"907\" data-end=\"924\">Nav dimm\u0113jama<\/li>\n<\/ul>\n<p><\/p>","protected":false},"excerpt":{"rendered":"<p>LED spuldze ar E27 cokolu un neitr\u0101li baltu 4000K gaismu ir piem\u0113rota ikdienas apgaismojumam m\u0101j\u0101s, biroj\u0101 un cit\u0101s telp\u0101s, kur nepiecie\u0161ams skaidrs un dab\u012bgs apgaismojums. A60 forma nodro\u0161ina klasisku izskatu un pla\u0161u pielietojumu da\u017e\u0101dos gaismek\u013cos. Ar 8,5W jaudu un 806lm gaismas pl\u016bsmu \u0161\u012b spuldze aizvieto tradicion\u0101lo 60W kv\u0113lspuldzi, nodro\u0161inot energoefekt\u012bvu un vienm\u0113r\u012bgu apgaismojumu. Pla\u0161ais starojuma [&hellip;]<\/p>\n","protected":false},"featured_media":112282,"comment_status":"closed","ping_status":"closed","template":"","meta":{"inline_featured_image":false},"product_cat":[850],"product_tag":[],"yst_prominent_words":[],"class_list":{"0":"post-111467","1":"product","2":"type-product","3":"status-publish","4":"has-post-thumbnail","6":"product_cat-e27-spuldzes","8":"first","9":"instock","10":"taxable","11":"shipping-taxable","12":"purchasable","13":"product-type-simple"},"jetpack_sharing_enabled":true,"_links":{"self":[{"href":"https:\/\/ddt.lv\/lv\/wp-json\/wp\/v2\/product\/111467"}],"collection":[{"href":"https:\/\/ddt.lv\/lv\/wp-json\/wp\/v2\/product"}],"about":[{"href":"https:\/\/ddt.lv\/lv\/wp-json\/wp\/v2\/types\/product"}],"replies":[{"embeddable":true,"href":"https:\/\/ddt.lv\/lv\/wp-json\/wp\/v2\/comments?post=111467"}],"wp:featuredmedia":[{"embeddable":true,"href":"https:\/\/ddt.lv\/lv\/wp-json\/wp\/v2\/media\/112282"}],"wp:attachment":[{"href":"https:\/\/ddt.lv\/lv\/wp-json\/wp\/v2\/media?parent=111467"}],"wp:term":[{"taxonomy":"product_cat","embeddable":true,"href":"https:\/\/ddt.lv\/lv\/wp-json\/wp\/v2\/product_cat?post=111467"},{"taxonomy":"product_tag","embeddable":true,"href":"https:\/\/ddt.lv\/lv\/wp-json\/wp\/v2\/product_tag?post=111467"},{"taxonomy":"yst_prominent_words","embeddable":true,"href":"https:\/\/ddt.lv\/lv\/wp-json\/wp\/v2\/yst_prominent_words?post=111467"}],"curies":[{"name":"wp","href":"https:\/\/api.w.org\/{rel}","templated":true}]}}