{"id":111371,"date":"2026-04-13T00:25:34","date_gmt":"2026-04-12T21:25:34","guid":{"rendered":"https:\/\/ddt.lv\/lv\/product\/led-spuldze-spot-gu10-sudraba-3w-230v-345lm-100-3000k-ra80-emos\/"},"modified":"2026-05-05T08:52:11","modified_gmt":"2026-05-05T05:52:11","slug":"led-spuldze-spot-gu10-sudraba-3w-230v-345lm-100-3000k-ra80-emos","status":"publish","type":"product","link":"https:\/\/ddt.lv\/lv\/product\/led-spuldze-spot-gu10-sudraba-3w-230v-345lm-100-3000k-ra80-emos\/","title":{"rendered":"LED spuldze Spot GU10 sudraba 3W 230V 345lm 100\u00b0 3000K Ra80 EMOS"},"content":{"rendered":"<p><\/p>\n<p data-start=\"119\" data-end=\"278\">Kompakta GU10 LED spuldze ar silti baltu gaismu ikdienas iek\u0161telpu apgaismojumam. T\u0101 ir piem\u0113rota viet\u0101m, kur vajadz\u012bgs pat\u012bkams un ekonomisks akcents gaismai.<\/p>\n<p data-start=\"280\" data-end=\"434\">\u0160\u012b spuldze nodro\u0161ina 345lm gaismas pl\u016bsmu pie 3W pat\u0113ri\u0146a un aizvieto l\u012bdz 32W kv\u0113lspuldzi. Praktiska izv\u0113le pro\u017eektoru tipa gaismek\u013ciem m\u0101j\u0101s vai biroj\u0101.<\/p>\n<h2 data-section-id=\"7cpzmo\" data-start=\"436\" data-end=\"456\">Galven\u0101s \u012bpa\u0161\u012bbas<\/h2>\n<ul data-start=\"457\" data-end=\"678\">\n<li data-section-id=\"l3oiph\" data-start=\"457\" data-end=\"485\">LED spuldze ar GU10 cokolu<\/li>\n<li data-section-id=\"hyqduf\" data-start=\"486\" data-end=\"496\">Jauda 3W<\/li>\n<li data-section-id=\"d2humo\" data-start=\"497\" data-end=\"519\">Gaismas pl\u016bsma 345lm<\/li>\n<li data-section-id=\"7igrrk\" data-start=\"520\" data-end=\"547\">Gaismas kr\u0101sa silti balta<\/li>\n<li data-section-id=\"fptvxk\" data-start=\"548\" data-end=\"573\">Kr\u0101su temperat\u016bra 3000K<\/li>\n<li data-section-id=\"tutnhk\" data-start=\"574\" data-end=\"604\">Kv\u0113lspuldzes ekvivalents 32W<\/li>\n<li data-section-id=\"srtb1j\" data-start=\"605\" data-end=\"617\">Forma MR16<\/li>\n<li data-section-id=\"1grm43w\" data-start=\"618\" data-end=\"648\">Gaismas efektivit\u0101te 115lm\/W<\/li>\n<li data-section-id=\"1afg7wx\" data-start=\"649\" data-end=\"678\">Energoefektivit\u0101tes klase E<\/li>\n<\/ul>\n<p><\/p>","protected":false},"excerpt":{"rendered":"<p>Kompakta GU10 LED spuldze ar silti baltu gaismu ikdienas iek\u0161telpu apgaismojumam. T\u0101 ir piem\u0113rota viet\u0101m, kur vajadz\u012bgs pat\u012bkams un ekonomisks akcents gaismai. \u0160\u012b spuldze nodro\u0161ina 345lm gaismas pl\u016bsmu pie 3W pat\u0113ri\u0146a un aizvieto l\u012bdz 32W kv\u0113lspuldzi. Praktiska izv\u0113le pro\u017eektoru tipa gaismek\u013ciem m\u0101j\u0101s vai biroj\u0101. Galven\u0101s \u012bpa\u0161\u012bbas LED spuldze ar GU10 cokolu Jauda 3W Gaismas pl\u016bsma [&hellip;]<\/p>\n","protected":false},"featured_media":111381,"comment_status":"closed","ping_status":"closed","template":"","meta":{"inline_featured_image":false},"product_cat":[852],"product_tag":[],"yst_prominent_words":[],"class_list":{"0":"post-111371","1":"product","2":"type-product","3":"status-publish","4":"has-post-thumbnail","6":"product_cat-gu10-spuldzes","8":"first","9":"instock","10":"taxable","11":"shipping-taxable","12":"purchasable","13":"product-type-simple"},"jetpack_sharing_enabled":true,"_links":{"self":[{"href":"https:\/\/ddt.lv\/lv\/wp-json\/wp\/v2\/product\/111371"}],"collection":[{"href":"https:\/\/ddt.lv\/lv\/wp-json\/wp\/v2\/product"}],"about":[{"href":"https:\/\/ddt.lv\/lv\/wp-json\/wp\/v2\/types\/product"}],"replies":[{"embeddable":true,"href":"https:\/\/ddt.lv\/lv\/wp-json\/wp\/v2\/comments?post=111371"}],"wp:featuredmedia":[{"embeddable":true,"href":"https:\/\/ddt.lv\/lv\/wp-json\/wp\/v2\/media\/111381"}],"wp:attachment":[{"href":"https:\/\/ddt.lv\/lv\/wp-json\/wp\/v2\/media?parent=111371"}],"wp:term":[{"taxonomy":"product_cat","embeddable":true,"href":"https:\/\/ddt.lv\/lv\/wp-json\/wp\/v2\/product_cat?post=111371"},{"taxonomy":"product_tag","embeddable":true,"href":"https:\/\/ddt.lv\/lv\/wp-json\/wp\/v2\/product_tag?post=111371"},{"taxonomy":"yst_prominent_words","embeddable":true,"href":"https:\/\/ddt.lv\/lv\/wp-json\/wp\/v2\/yst_prominent_words?post=111371"}],"curies":[{"name":"wp","href":"https:\/\/api.w.org\/{rel}","templated":true}]}}