{"id":111370,"date":"2026-04-13T00:25:33","date_gmt":"2026-04-12T21:25:33","guid":{"rendered":"https:\/\/ddt.lv\/lv\/product\/led-spuldze-spot-gu10-58w-230v-565lm-36-3000k-ra80-emos\/"},"modified":"2026-05-05T08:52:11","modified_gmt":"2026-05-05T05:52:11","slug":"led-spuldze-spot-gu10-58w-230v-565lm-36-3000k-ra80-emos","status":"publish","type":"product","link":"https:\/\/ddt.lv\/lv\/product\/led-spuldze-spot-gu10-58w-230v-565lm-36-3000k-ra80-emos\/","title":{"rendered":"LED spuldze Spot GU10 5,8W 230V 565lm 36\u00b0 3000K Ra80 EMOS"},"content":{"rendered":"<p><\/p>\n<p data-start=\"125\" data-end=\"393\">LED spuldze ar GU10 cokolu un silti baltu gaismu ir piem\u0113rota ikdienas apgaismojumam m\u0101j\u0101s, birojos un cit\u0101s iek\u0161telp\u0101s. MR16 forma \u013cauj to \u0113rti izmantot pro\u017eektoru tipa gaismek\u013cos, kur svar\u012bga ir kompakta forma un virz\u012bta gaisma.<\/p>\n<p data-start=\"395\" data-end=\"624\">\u0160\u012b spuldze nodro\u0161ina 565lm gaismas pl\u016bsmu pie 5,8W jaudas, ar 36\u00b0 stara le\u0146\u0137i un silti baltu 3000K gaismu. T\u0101 ir piem\u0113rota viet\u0101m, kur nepiecie\u0161ams skaidrs un ekonomisks akcents apgaismojum\u0101.<\/p>\n<h2 data-section-id=\"7cpzmo\" data-start=\"626\" data-end=\"646\">Galven\u0101s \u012bpa\u0161\u012bbas<\/h2>\n<ul data-start=\"647\" data-end=\"935\">\n<li data-section-id=\"l3oiph\" data-start=\"647\" data-end=\"675\">LED spuldze ar GU10 cokolu<\/li>\n<li data-section-id=\"u6c4ed\" data-start=\"676\" data-end=\"688\">Jauda 5,8W<\/li>\n<li data-section-id=\"d6ixec\" data-start=\"689\" data-end=\"711\">Gaismas pl\u016bsma 565lm<\/li>\n<li data-section-id=\"7igrrk\" data-start=\"712\" data-end=\"739\">Gaismas kr\u0101sa silti balta<\/li>\n<li data-section-id=\"fptvxk\" data-start=\"740\" data-end=\"765\">Kr\u0101su temperat\u016bra 3000K<\/li>\n<li data-section-id=\"tutk97\" data-start=\"766\" data-end=\"796\">Kv\u0113lspuldzes ekvivalents 75W<\/li>\n<li data-section-id=\"srtb1j\" data-start=\"797\" data-end=\"809\">Forma MR16<\/li>\n<li data-section-id=\"10mgs6i\" data-start=\"810\" data-end=\"828\">Stara le\u0146\u0137is 36\u00b0<\/li>\n<li data-section-id=\"1up7djs\" data-start=\"829\" data-end=\"837\">CRI 80<\/li>\n<li data-section-id=\"o1zzav\" data-start=\"838\" data-end=\"867\">Gaismas efektivit\u0101te 97lm\/W<\/li>\n<li data-section-id=\"1613c3z\" data-start=\"868\" data-end=\"935\">Energoefektivit\u0101tes klase F<\/li>\n<\/ul>\n<p><\/p>","protected":false},"excerpt":{"rendered":"<p>LED spuldze ar GU10 cokolu un silti baltu gaismu ir piem\u0113rota ikdienas apgaismojumam m\u0101j\u0101s, birojos un cit\u0101s iek\u0161telp\u0101s. MR16 forma \u013cauj to \u0113rti izmantot pro\u017eektoru tipa gaismek\u013cos, kur svar\u012bga ir kompakta forma un virz\u012bta gaisma. \u0160\u012b spuldze nodro\u0161ina 565lm gaismas pl\u016bsmu pie 5,8W jaudas, ar 36\u00b0 stara le\u0146\u0137i un silti baltu 3000K gaismu. T\u0101 ir [&hellip;]<\/p>\n","protected":false},"featured_media":111398,"comment_status":"closed","ping_status":"closed","template":"","meta":{"inline_featured_image":false},"product_cat":[852],"product_tag":[],"yst_prominent_words":[],"class_list":{"0":"post-111370","1":"product","2":"type-product","3":"status-publish","4":"has-post-thumbnail","6":"product_cat-gu10-spuldzes","8":"first","9":"instock","10":"taxable","11":"shipping-taxable","12":"purchasable","13":"product-type-simple"},"jetpack_sharing_enabled":true,"_links":{"self":[{"href":"https:\/\/ddt.lv\/lv\/wp-json\/wp\/v2\/product\/111370"}],"collection":[{"href":"https:\/\/ddt.lv\/lv\/wp-json\/wp\/v2\/product"}],"about":[{"href":"https:\/\/ddt.lv\/lv\/wp-json\/wp\/v2\/types\/product"}],"replies":[{"embeddable":true,"href":"https:\/\/ddt.lv\/lv\/wp-json\/wp\/v2\/comments?post=111370"}],"wp:featuredmedia":[{"embeddable":true,"href":"https:\/\/ddt.lv\/lv\/wp-json\/wp\/v2\/media\/111398"}],"wp:attachment":[{"href":"https:\/\/ddt.lv\/lv\/wp-json\/wp\/v2\/media?parent=111370"}],"wp:term":[{"taxonomy":"product_cat","embeddable":true,"href":"https:\/\/ddt.lv\/lv\/wp-json\/wp\/v2\/product_cat?post=111370"},{"taxonomy":"product_tag","embeddable":true,"href":"https:\/\/ddt.lv\/lv\/wp-json\/wp\/v2\/product_tag?post=111370"},{"taxonomy":"yst_prominent_words","embeddable":true,"href":"https:\/\/ddt.lv\/lv\/wp-json\/wp\/v2\/yst_prominent_words?post=111370"}],"curies":[{"name":"wp","href":"https:\/\/api.w.org\/{rel}","templated":true}]}}