{"id":111369,"date":"2026-04-13T00:25:33","date_gmt":"2026-04-12T21:25:33","guid":{"rendered":"https:\/\/ddt.lv\/lv\/product\/led-spuldze-spot-gu10-sudraba-3w-230v-345lm-100-4000k-ra80-emos\/"},"modified":"2026-05-05T08:52:11","modified_gmt":"2026-05-05T05:52:11","slug":"led-spuldze-spot-gu10-sudraba-3w-230v-345lm-100-4000k-ra80-emos","status":"publish","type":"product","link":"https:\/\/ddt.lv\/lv\/product\/led-spuldze-spot-gu10-sudraba-3w-230v-345lm-100-4000k-ra80-emos\/","title":{"rendered":"LED spuldze Spot GU10 sudraba 3W 230V 345lm 100\u00b0 4000K Ra80 EMOS"},"content":{"rendered":"<p><\/p>\n<p data-start=\"3043\" data-end=\"3205\">GU10 LED spuldze ar neitr\u0101li baltu gaismu skaidram un vienm\u0113r\u012bgam iek\u0161telpu apgaismojumam. T\u0101 labi piem\u0113rota viet\u0101m, kur svar\u012bga t\u012bra un dabiski uztverama gaisma.<\/p>\n<p data-start=\"3207\" data-end=\"3347\">Pie 3W jaudas \u0161\u012b spuldze nodro\u0161ina 345lm un aizvieto l\u012bdz 32W kv\u0113lspuldzi. Piem\u0113rota pro\u017eektoru tipa gaismek\u013ciem dz\u012bvojam\u0101s un darba telp\u0101s.<\/p>\n<h2 data-section-id=\"7cpzmo\" data-start=\"3349\" data-end=\"3369\">Galven\u0101s \u012bpa\u0161\u012bbas<\/h2>\n<ul data-start=\"3370\" data-end=\"3594\">\n<li data-section-id=\"l3oiph\" data-start=\"3370\" data-end=\"3398\">LED spuldze ar GU10 cokolu<\/li>\n<li data-section-id=\"hyqduf\" data-start=\"3399\" data-end=\"3409\">Jauda 3W<\/li>\n<li data-section-id=\"d2humo\" data-start=\"3410\" data-end=\"3432\">Gaismas pl\u016bsma 345lm<\/li>\n<li data-section-id=\"14a9np7\" data-start=\"3433\" data-end=\"3463\">Gaismas kr\u0101sa neitr\u0101li balta<\/li>\n<li data-section-id=\"frwnan\" data-start=\"3464\" data-end=\"3489\">Kr\u0101su temperat\u016bra 4000K<\/li>\n<li data-section-id=\"tutnhk\" data-start=\"3490\" data-end=\"3520\">Kv\u0113lspuldzes ekvivalents 32W<\/li>\n<li data-section-id=\"srtb1j\" data-start=\"3521\" data-end=\"3533\">Forma MR16<\/li>\n<li data-section-id=\"1grm43w\" data-start=\"3534\" data-end=\"3564\">Gaismas efektivit\u0101te 115lm\/W<\/li>\n<li data-section-id=\"1afg7wx\" data-start=\"3565\" data-end=\"3594\">Energoefektivit\u0101tes klase E<\/li>\n<\/ul>\n<p><\/p>","protected":false},"excerpt":{"rendered":"<p>GU10 LED spuldze ar neitr\u0101li baltu gaismu skaidram un vienm\u0113r\u012bgam iek\u0161telpu apgaismojumam. T\u0101 labi piem\u0113rota viet\u0101m, kur svar\u012bga t\u012bra un dabiski uztverama gaisma. Pie 3W jaudas \u0161\u012b spuldze nodro\u0161ina 345lm un aizvieto l\u012bdz 32W kv\u0113lspuldzi. Piem\u0113rota pro\u017eektoru tipa gaismek\u013ciem dz\u012bvojam\u0101s un darba telp\u0101s. Galven\u0101s \u012bpa\u0161\u012bbas LED spuldze ar GU10 cokolu Jauda 3W Gaismas pl\u016bsma 345lm [&hellip;]<\/p>\n","protected":false},"featured_media":111392,"comment_status":"closed","ping_status":"closed","template":"","meta":{"inline_featured_image":false},"product_cat":[852],"product_tag":[],"yst_prominent_words":[],"class_list":{"0":"post-111369","1":"product","2":"type-product","3":"status-publish","4":"has-post-thumbnail","6":"product_cat-gu10-spuldzes","8":"first","9":"instock","10":"taxable","11":"shipping-taxable","12":"purchasable","13":"product-type-simple"},"jetpack_sharing_enabled":true,"_links":{"self":[{"href":"https:\/\/ddt.lv\/lv\/wp-json\/wp\/v2\/product\/111369"}],"collection":[{"href":"https:\/\/ddt.lv\/lv\/wp-json\/wp\/v2\/product"}],"about":[{"href":"https:\/\/ddt.lv\/lv\/wp-json\/wp\/v2\/types\/product"}],"replies":[{"embeddable":true,"href":"https:\/\/ddt.lv\/lv\/wp-json\/wp\/v2\/comments?post=111369"}],"wp:featuredmedia":[{"embeddable":true,"href":"https:\/\/ddt.lv\/lv\/wp-json\/wp\/v2\/media\/111392"}],"wp:attachment":[{"href":"https:\/\/ddt.lv\/lv\/wp-json\/wp\/v2\/media?parent=111369"}],"wp:term":[{"taxonomy":"product_cat","embeddable":true,"href":"https:\/\/ddt.lv\/lv\/wp-json\/wp\/v2\/product_cat?post=111369"},{"taxonomy":"product_tag","embeddable":true,"href":"https:\/\/ddt.lv\/lv\/wp-json\/wp\/v2\/product_tag?post=111369"},{"taxonomy":"yst_prominent_words","embeddable":true,"href":"https:\/\/ddt.lv\/lv\/wp-json\/wp\/v2\/yst_prominent_words?post=111369"}],"curies":[{"name":"wp","href":"https:\/\/api.w.org\/{rel}","templated":true}]}}