{"id":111368,"date":"2026-04-13T00:20:35","date_gmt":"2026-04-12T21:20:35","guid":{"rendered":"https:\/\/ddt.lv\/lv\/product\/led-spuldze-spot-gu10-7w-230v-806lm-100-6500k-ra80-emos\/"},"modified":"2026-05-05T08:50:51","modified_gmt":"2026-05-05T05:50:51","slug":"led-spuldze-spot-gu10-7w-230v-806lm-100-6500k-ra80-emos","status":"publish","type":"product","link":"https:\/\/ddt.lv\/lv\/product\/led-spuldze-spot-gu10-7w-230v-806lm-100-6500k-ra80-emos\/","title":{"rendered":"LED spuldze Spot GU10 7W 230V 806lm 100\u00b0 6500K Ra80 EMOS"},"content":{"rendered":"<p><\/p>\n<p data-start=\"11827\" data-end=\"11994\">Jaud\u012bg\u0101ka GU10 LED spuldze ar auksti baltu gaismu spilgtam un skaidram apgaismojumam. T\u0101 ir piem\u0113rota viet\u0101m, kur vajadz\u012bgs izteikts gaismas akcents un laba redzam\u012bba.<\/p>\n<p data-start=\"11996\" data-end=\"12145\">Spuldze nodro\u0161ina 806lm pie 7W jaudas un aizvieto 60W kv\u0113lspuldzi. Labs risin\u0101jums pro\u017eektoru tipa gaismek\u013ciem dz\u012bvojam\u0101s, darba un tehnisk\u0101s telp\u0101s.<\/p>\n<h2 data-section-id=\"7cpzmo\" data-start=\"12147\" data-end=\"12167\">Galven\u0101s \u012bpa\u0161\u012bbas<\/h2>\n<ul data-start=\"12168\" data-end=\"12377\">\n<li data-section-id=\"l3oiph\" data-start=\"12168\" data-end=\"12196\">LED spuldze ar GU10 cokolu<\/li>\n<li data-section-id=\"hyqdxv\" data-start=\"12197\" data-end=\"12207\">Jauda 7W<\/li>\n<li data-section-id=\"d8t6cc\" data-start=\"12208\" data-end=\"12230\">Gaismas pl\u016bsma 806lm<\/li>\n<li data-section-id=\"e5ujqi\" data-start=\"12231\" data-end=\"12259\">Gaismas kr\u0101sa auksti balta<\/li>\n<li data-section-id=\"ftanwo\" data-start=\"12260\" data-end=\"12285\">Kr\u0101su temperat\u016bra 6500K<\/li>\n<li data-section-id=\"tutkz3\" data-start=\"12286\" data-end=\"12316\">Kv\u0113lspuldzes ekvivalents 60W<\/li>\n<li data-section-id=\"1grm43w\" data-start=\"12317\" data-end=\"12347\">Gaismas efektivit\u0101te 115lm\/W<\/li>\n<li data-section-id=\"1afg7wx\" data-start=\"12348\" data-end=\"12377\">Energoefektivit\u0101tes klase E<\/li>\n<\/ul>\n<p><\/p>","protected":false},"excerpt":{"rendered":"<p>Jaud\u012bg\u0101ka GU10 LED spuldze ar auksti baltu gaismu spilgtam un skaidram apgaismojumam. T\u0101 ir piem\u0113rota viet\u0101m, kur vajadz\u012bgs izteikts gaismas akcents un laba redzam\u012bba. Spuldze nodro\u0161ina 806lm pie 7W jaudas un aizvieto 60W kv\u0113lspuldzi. Labs risin\u0101jums pro\u017eektoru tipa gaismek\u013ciem dz\u012bvojam\u0101s, darba un tehnisk\u0101s telp\u0101s. Galven\u0101s \u012bpa\u0161\u012bbas LED spuldze ar GU10 cokolu Jauda 7W Gaismas pl\u016bsma [&hellip;]<\/p>\n","protected":false},"featured_media":111414,"comment_status":"closed","ping_status":"closed","template":"","meta":{"inline_featured_image":false},"product_cat":[852],"product_tag":[],"yst_prominent_words":[],"class_list":{"0":"post-111368","1":"product","2":"type-product","3":"status-publish","4":"has-post-thumbnail","6":"product_cat-gu10-spuldzes","8":"first","9":"instock","10":"taxable","11":"shipping-taxable","12":"purchasable","13":"product-type-simple"},"jetpack_sharing_enabled":true,"_links":{"self":[{"href":"https:\/\/ddt.lv\/lv\/wp-json\/wp\/v2\/product\/111368"}],"collection":[{"href":"https:\/\/ddt.lv\/lv\/wp-json\/wp\/v2\/product"}],"about":[{"href":"https:\/\/ddt.lv\/lv\/wp-json\/wp\/v2\/types\/product"}],"replies":[{"embeddable":true,"href":"https:\/\/ddt.lv\/lv\/wp-json\/wp\/v2\/comments?post=111368"}],"wp:featuredmedia":[{"embeddable":true,"href":"https:\/\/ddt.lv\/lv\/wp-json\/wp\/v2\/media\/111414"}],"wp:attachment":[{"href":"https:\/\/ddt.lv\/lv\/wp-json\/wp\/v2\/media?parent=111368"}],"wp:term":[{"taxonomy":"product_cat","embeddable":true,"href":"https:\/\/ddt.lv\/lv\/wp-json\/wp\/v2\/product_cat?post=111368"},{"taxonomy":"product_tag","embeddable":true,"href":"https:\/\/ddt.lv\/lv\/wp-json\/wp\/v2\/product_tag?post=111368"},{"taxonomy":"yst_prominent_words","embeddable":true,"href":"https:\/\/ddt.lv\/lv\/wp-json\/wp\/v2\/yst_prominent_words?post=111368"}],"curies":[{"name":"wp","href":"https:\/\/api.w.org\/{rel}","templated":true}]}}