{"id":111367,"date":"2026-04-13T00:20:35","date_gmt":"2026-04-12T21:20:35","guid":{"rendered":"https:\/\/ddt.lv\/lv\/product\/led-spuldze-ball-e27-42w-240v-470lm-2700k-emos\/"},"modified":"2026-05-05T08:46:15","modified_gmt":"2026-05-05T05:46:15","slug":"led-spuldze-ball-e27-42w-240v-470lm-2700k-emos","status":"publish","type":"product","link":"https:\/\/ddt.lv\/lv\/product\/led-spuldze-ball-e27-42w-240v-470lm-2700k-emos\/","title":{"rendered":"LED spuldze Ball E27 4,2W 240V 470lm 2700K EMOS"},"content":{"rendered":"<p><\/p>\n<p data-start=\"8992\" data-end=\"9176\">Mini Globe formas LED spuldze ar E27 cokolu un silti baltu gaismu ikdienas apgaismojumam. T\u0101 ir piem\u0113rota kompakt\u0101kiem gaismek\u013ciem, kur vajadz\u012bga klasiskas formas spuldzes alternat\u012bva.<\/p>\n<p data-start=\"9178\" data-end=\"9311\">Spuldze nodro\u0161ina 470lm pie 4,2W jaudas un aizvieto 40W kv\u0113lspuldzi. Praktiska izv\u0113le m\u0101jas un darba telpu ekonomiskam apgaismojumam.<\/p>\n<h2 data-section-id=\"7cpzmo\" data-start=\"9313\" data-end=\"9333\">Galven\u0101s \u012bpa\u0161\u012bbas<\/h2>\n<ul data-start=\"9334\" data-end=\"9562\">\n<li data-section-id=\"1gwn6jq\" data-start=\"9334\" data-end=\"9361\">LED spuldze ar E27 cokolu<\/li>\n<li data-section-id=\"u6beem\" data-start=\"9362\" data-end=\"9374\">Jauda 4,2W<\/li>\n<li data-section-id=\"d5vnw1\" data-start=\"9375\" data-end=\"9397\">Gaismas pl\u016bsma 470lm<\/li>\n<li data-section-id=\"7igrrk\" data-start=\"9398\" data-end=\"9425\">Gaismas kr\u0101sa silti balta<\/li>\n<li data-section-id=\"fqlm4u\" data-start=\"9426\" data-end=\"9451\">Kr\u0101su temperat\u016bra 2700K<\/li>\n<li data-section-id=\"tutmnh\" data-start=\"9452\" data-end=\"9482\">Kv\u0113lspuldzes ekvivalents 40W<\/li>\n<li data-section-id=\"j5e6u7\" data-start=\"9483\" data-end=\"9501\">Forma Mini Globe<\/li>\n<li data-section-id=\"1goajd7\" data-start=\"9502\" data-end=\"9532\">Gaismas efektivit\u0101te 112lm\/W<\/li>\n<li data-section-id=\"1afg7wx\" data-start=\"9533\" data-end=\"9562\">Energoefektivit\u0101tes klase E<\/li>\n<\/ul>\n<p><\/p>","protected":false},"excerpt":{"rendered":"<p>Mini Globe formas LED spuldze ar E27 cokolu un silti baltu gaismu ikdienas apgaismojumam. T\u0101 ir piem\u0113rota kompakt\u0101kiem gaismek\u013ciem, kur vajadz\u012bga klasiskas formas spuldzes alternat\u012bva. Spuldze nodro\u0161ina 470lm pie 4,2W jaudas un aizvieto 40W kv\u0113lspuldzi. Praktiska izv\u0113le m\u0101jas un darba telpu ekonomiskam apgaismojumam. Galven\u0101s \u012bpa\u0161\u012bbas LED spuldze ar E27 cokolu Jauda 4,2W Gaismas pl\u016bsma 470lm [&hellip;]<\/p>\n","protected":false},"featured_media":111403,"comment_status":"closed","ping_status":"closed","template":"","meta":{"inline_featured_image":false},"product_cat":[850],"product_tag":[],"yst_prominent_words":[],"class_list":{"0":"post-111367","1":"product","2":"type-product","3":"status-publish","4":"has-post-thumbnail","6":"product_cat-e27-spuldzes","8":"first","9":"instock","10":"taxable","11":"shipping-taxable","12":"purchasable","13":"product-type-simple"},"jetpack_sharing_enabled":true,"_links":{"self":[{"href":"https:\/\/ddt.lv\/lv\/wp-json\/wp\/v2\/product\/111367"}],"collection":[{"href":"https:\/\/ddt.lv\/lv\/wp-json\/wp\/v2\/product"}],"about":[{"href":"https:\/\/ddt.lv\/lv\/wp-json\/wp\/v2\/types\/product"}],"replies":[{"embeddable":true,"href":"https:\/\/ddt.lv\/lv\/wp-json\/wp\/v2\/comments?post=111367"}],"wp:featuredmedia":[{"embeddable":true,"href":"https:\/\/ddt.lv\/lv\/wp-json\/wp\/v2\/media\/111403"}],"wp:attachment":[{"href":"https:\/\/ddt.lv\/lv\/wp-json\/wp\/v2\/media?parent=111367"}],"wp:term":[{"taxonomy":"product_cat","embeddable":true,"href":"https:\/\/ddt.lv\/lv\/wp-json\/wp\/v2\/product_cat?post=111367"},{"taxonomy":"product_tag","embeddable":true,"href":"https:\/\/ddt.lv\/lv\/wp-json\/wp\/v2\/product_tag?post=111367"},{"taxonomy":"yst_prominent_words","embeddable":true,"href":"https:\/\/ddt.lv\/lv\/wp-json\/wp\/v2\/yst_prominent_words?post=111367"}],"curies":[{"name":"wp","href":"https:\/\/api.w.org\/{rel}","templated":true}]}}