{"id":111366,"date":"2026-04-13T00:20:34","date_gmt":"2026-04-12T21:20:34","guid":{"rendered":"https:\/\/ddt.lv\/lv\/product\/led-spuldze-classic-jc-g9-43w-600lm-silti-balta-emos\/"},"modified":"2026-05-02T12:16:59","modified_gmt":"2026-05-02T09:16:59","slug":"led-spuldze-classic-jc-g9-43w-600lm-silti-balta-emos","status":"publish","type":"product","link":"https:\/\/ddt.lv\/lv\/product\/led-spuldze-classic-jc-g9-43w-600lm-silti-balta-emos\/","title":{"rendered":"LED spuldze Classic JC G9 4,3W 600lm silti balta EMOS"},"content":{"rendered":"<p><\/p>\n<p data-start=\"21423\" data-end=\"21594\">Jaud\u012bg\u0101ka G9 LED spuldze ar silti baltu gaismu kompaktam iek\u0161telpu apgaismojumam. T\u0101 ir piem\u0113rota gaismek\u013ciem, kuros nepiecie\u0161ama liel\u0101ka gaismas atdeve pie zema pat\u0113ri\u0146a.<\/p>\n<p data-start=\"21596\" data-end=\"21758\">Spuldze nodro\u0161ina 600lm pie 4,3W jaudas, tai ir plats 300\u00b0 stara le\u0146\u0137is un t\u0101 aizvieto 48W kv\u0113lspuldzi. Labs risin\u0101jums dekorat\u012bvam un funkcion\u0101lam apgaismojumam.<\/p>\n<h2 data-section-id=\"7cpzmo\" data-start=\"21760\" data-end=\"21780\">Galven\u0101s \u012bpa\u0161\u012bbas<\/h2>\n<ul data-start=\"21781\" data-end=\"22029\">\n<li data-section-id=\"d2ms9k\" data-start=\"21781\" data-end=\"21807\">LED spuldze ar G9 cokolu<\/li>\n<li data-section-id=\"u6bedr\" data-start=\"21808\" data-end=\"21820\">Jauda 4,3W<\/li>\n<li data-section-id=\"d4kmok\" data-start=\"21821\" data-end=\"21843\">Gaismas pl\u016bsma 600lm<\/li>\n<li data-section-id=\"7igrrk\" data-start=\"21844\" data-end=\"21871\">Gaismas kr\u0101sa silti balta<\/li>\n<li data-section-id=\"fptvxk\" data-start=\"21872\" data-end=\"21897\">Kr\u0101su temperat\u016bra 3000K<\/li>\n<li data-section-id=\"tutmg5\" data-start=\"21898\" data-end=\"21928\">Kv\u0113lspuldzes ekvivalents 48W<\/li>\n<li data-section-id=\"1rfbz5i\" data-start=\"21929\" data-end=\"21939\">Forma JC<\/li>\n<li data-section-id=\"12guos\" data-start=\"21940\" data-end=\"21959\">Stara le\u0146\u0137is 300\u00b0<\/li>\n<li data-section-id=\"1up7djs\" data-start=\"21960\" data-end=\"21968\">CRI 80<\/li>\n<li data-section-id=\"1l79kh8\" data-start=\"21969\" data-end=\"21999\">Gaismas efektivit\u0101te 140lm\/W<\/li>\n<li data-section-id=\"1afg7ww\" data-start=\"22000\" data-end=\"22029\">Energoefektivit\u0101tes klase D<\/li>\n<\/ul>\n<p><\/p>","protected":false},"excerpt":{"rendered":"<p>Jaud\u012bg\u0101ka G9 LED spuldze ar silti baltu gaismu kompaktam iek\u0161telpu apgaismojumam. T\u0101 ir piem\u0113rota gaismek\u013ciem, kuros nepiecie\u0161ama liel\u0101ka gaismas atdeve pie zema pat\u0113ri\u0146a. Spuldze nodro\u0161ina 600lm pie 4,3W jaudas, tai ir plats 300\u00b0 stara le\u0146\u0137is un t\u0101 aizvieto 48W kv\u0113lspuldzi. Labs risin\u0101jums dekorat\u012bvam un funkcion\u0101lam apgaismojumam. Galven\u0101s \u012bpa\u0161\u012bbas LED spuldze ar G9 cokolu Jauda 4,3W [&hellip;]<\/p>\n","protected":false},"featured_media":111435,"comment_status":"closed","ping_status":"closed","template":"","meta":{"inline_featured_image":false},"product_cat":[854],"product_tag":[],"yst_prominent_words":[],"class_list":{"0":"post-111366","1":"product","2":"type-product","3":"status-publish","4":"has-post-thumbnail","6":"product_cat-g9-spuldzes","8":"first","9":"instock","10":"taxable","11":"shipping-taxable","12":"purchasable","13":"product-type-simple"},"jetpack_sharing_enabled":true,"_links":{"self":[{"href":"https:\/\/ddt.lv\/lv\/wp-json\/wp\/v2\/product\/111366"}],"collection":[{"href":"https:\/\/ddt.lv\/lv\/wp-json\/wp\/v2\/product"}],"about":[{"href":"https:\/\/ddt.lv\/lv\/wp-json\/wp\/v2\/types\/product"}],"replies":[{"embeddable":true,"href":"https:\/\/ddt.lv\/lv\/wp-json\/wp\/v2\/comments?post=111366"}],"wp:featuredmedia":[{"embeddable":true,"href":"https:\/\/ddt.lv\/lv\/wp-json\/wp\/v2\/media\/111435"}],"wp:attachment":[{"href":"https:\/\/ddt.lv\/lv\/wp-json\/wp\/v2\/media?parent=111366"}],"wp:term":[{"taxonomy":"product_cat","embeddable":true,"href":"https:\/\/ddt.lv\/lv\/wp-json\/wp\/v2\/product_cat?post=111366"},{"taxonomy":"product_tag","embeddable":true,"href":"https:\/\/ddt.lv\/lv\/wp-json\/wp\/v2\/product_tag?post=111366"},{"taxonomy":"yst_prominent_words","embeddable":true,"href":"https:\/\/ddt.lv\/lv\/wp-json\/wp\/v2\/yst_prominent_words?post=111366"}],"curies":[{"name":"wp","href":"https:\/\/api.w.org\/{rel}","templated":true}]}}