{"id":111365,"date":"2026-04-13T00:20:34","date_gmt":"2026-04-12T21:20:34","guid":{"rendered":"https:\/\/ddt.lv\/lv\/product\/led-spuldze-classic-jc-g9-42w-470lm-neitrali-balta-emos\/"},"modified":"2026-05-02T12:16:50","modified_gmt":"2026-05-02T09:16:50","slug":"led-spuldze-classic-jc-g9-42w-470lm-neitrali-balta-emos","status":"publish","type":"product","link":"https:\/\/ddt.lv\/lv\/product\/led-spuldze-classic-jc-g9-42w-470lm-neitrali-balta-emos\/","title":{"rendered":"LED spuldze Classic JC G9 4,2W 470lm neitr\u0101li balta EMOS"},"content":{"rendered":"<p><\/p>\n<p data-start=\"18184\" data-end=\"18373\">Kompakta G9 LED spuldze ar neitr\u0101li baltu gaismu ikdienas iek\u0161telpu apgaismojumam. T\u0101 ir piem\u0113rota gaismek\u013ciem ar mazu spuldzes korpusu, kur svar\u012bga ir laba gaismas atdeve un zems pat\u0113ri\u0146\u0161.<\/p>\n<p data-start=\"18375\" data-end=\"18538\">Spuldze nodro\u0161ina 470lm pie 4,2W jaudas, tai ir plats 300\u00b0 stara le\u0146\u0137is un t\u0101 aizvieto 40W kv\u0113lspuldzi. Praktiska izv\u0113le dekorat\u012bviem un funkcion\u0101liem gaismek\u013ciem.<\/p>\n<h2 data-section-id=\"7cpzmo\" data-start=\"18540\" data-end=\"18560\">Galven\u0101s \u012bpa\u0161\u012bbas<\/h2>\n<ul data-start=\"18561\" data-end=\"18812\">\n<li data-section-id=\"d2ms9k\" data-start=\"18561\" data-end=\"18587\">LED spuldze ar G9 cokolu<\/li>\n<li data-section-id=\"u6beem\" data-start=\"18588\" data-end=\"18600\">Jauda 4,2W<\/li>\n<li data-section-id=\"d5vnw1\" data-start=\"18601\" data-end=\"18623\">Gaismas pl\u016bsma 470lm<\/li>\n<li data-section-id=\"14a9np7\" data-start=\"18624\" data-end=\"18654\">Gaismas kr\u0101sa neitr\u0101li balta<\/li>\n<li data-section-id=\"frwnan\" data-start=\"18655\" data-end=\"18680\">Kr\u0101su temperat\u016bra 4000K<\/li>\n<li data-section-id=\"tutmnh\" data-start=\"18681\" data-end=\"18711\">Kv\u0113lspuldzes ekvivalents 40W<\/li>\n<li data-section-id=\"1rfbz5i\" data-start=\"18712\" data-end=\"18722\">Forma JC<\/li>\n<li data-section-id=\"12guos\" data-start=\"18723\" data-end=\"18742\">Stara le\u0146\u0137is 300\u00b0<\/li>\n<li data-section-id=\"1up7djs\" data-start=\"18743\" data-end=\"18751\">CRI 80<\/li>\n<li data-section-id=\"1goajd7\" data-start=\"18752\" data-end=\"18782\">Gaismas efektivit\u0101te 112lm\/W<\/li>\n<li data-section-id=\"1afg7wx\" data-start=\"18783\" data-end=\"18812\">Energoefektivit\u0101tes klase E<\/li>\n<\/ul>\n<p><\/p>","protected":false},"excerpt":{"rendered":"<p>Kompakta G9 LED spuldze ar neitr\u0101li baltu gaismu ikdienas iek\u0161telpu apgaismojumam. T\u0101 ir piem\u0113rota gaismek\u013ciem ar mazu spuldzes korpusu, kur svar\u012bga ir laba gaismas atdeve un zems pat\u0113ri\u0146\u0161. Spuldze nodro\u0161ina 470lm pie 4,2W jaudas, tai ir plats 300\u00b0 stara le\u0146\u0137is un t\u0101 aizvieto 40W kv\u0113lspuldzi. Praktiska izv\u0113le dekorat\u012bviem un funkcion\u0101liem gaismek\u013ciem. Galven\u0101s \u012bpa\u0161\u012bbas LED spuldze [&hellip;]<\/p>\n","protected":false},"featured_media":111441,"comment_status":"closed","ping_status":"closed","template":"","meta":{"inline_featured_image":false},"product_cat":[854],"product_tag":[],"yst_prominent_words":[],"class_list":{"0":"post-111365","1":"product","2":"type-product","3":"status-publish","4":"has-post-thumbnail","6":"product_cat-g9-spuldzes","8":"first","9":"instock","10":"taxable","11":"shipping-taxable","12":"purchasable","13":"product-type-simple"},"jetpack_sharing_enabled":true,"_links":{"self":[{"href":"https:\/\/ddt.lv\/lv\/wp-json\/wp\/v2\/product\/111365"}],"collection":[{"href":"https:\/\/ddt.lv\/lv\/wp-json\/wp\/v2\/product"}],"about":[{"href":"https:\/\/ddt.lv\/lv\/wp-json\/wp\/v2\/types\/product"}],"replies":[{"embeddable":true,"href":"https:\/\/ddt.lv\/lv\/wp-json\/wp\/v2\/comments?post=111365"}],"wp:featuredmedia":[{"embeddable":true,"href":"https:\/\/ddt.lv\/lv\/wp-json\/wp\/v2\/media\/111441"}],"wp:attachment":[{"href":"https:\/\/ddt.lv\/lv\/wp-json\/wp\/v2\/media?parent=111365"}],"wp:term":[{"taxonomy":"product_cat","embeddable":true,"href":"https:\/\/ddt.lv\/lv\/wp-json\/wp\/v2\/product_cat?post=111365"},{"taxonomy":"product_tag","embeddable":true,"href":"https:\/\/ddt.lv\/lv\/wp-json\/wp\/v2\/product_tag?post=111365"},{"taxonomy":"yst_prominent_words","embeddable":true,"href":"https:\/\/ddt.lv\/lv\/wp-json\/wp\/v2\/yst_prominent_words?post=111365"}],"curies":[{"name":"wp","href":"https:\/\/api.w.org\/{rel}","templated":true}]}}