{"id":111364,"date":"2026-04-13T00:20:34","date_gmt":"2026-04-12T21:20:34","guid":{"rendered":"https:\/\/ddt.lv\/lv\/product\/led-prozektors-50w-ip65-5000lm-4000k-melns-tambo-emos\/"},"modified":"2026-04-13T13:04:57","modified_gmt":"2026-04-13T10:04:57","slug":"led-prozektors-50w-ip65-5000lm-4000k-melns-tambo-emos","status":"publish","type":"product","link":"https:\/\/ddt.lv\/lv\/product\/led-prozektors-50w-ip65-5000lm-4000k-melns-tambo-emos\/","title":{"rendered":"LED pro\u017eektors 50W IP65 5000lm 4000K melns TAMBO EMOS"},"content":{"rendered":"<p><\/p>\n<p data-start=\"114\" data-end=\"379\">LED pro\u017eektors TAMBO ir paredz\u0113ts \u0101ra un iek\u0161telpu apgaismojumam viet\u0101s, kur nepiecie\u0161ama sp\u0113c\u012bga un vienm\u0113r\u012bga gaisma. Tas ir piem\u0113rots pagalmiem, piebrauktuv\u0113m, saimniec\u012bbas \u0113k\u0101m, noliktav\u0101m un cit\u0101m zon\u0101m ar virsmas mont\u0101\u017eu.<\/p>\n<p data-start=\"381\" data-end=\"654\">Pro\u017eektors nodro\u0161ina 5000lm gaismas pl\u016bsmu pie 50W jaudas, tam ir neitr\u0101li balta 4000K gaisma, 120\u00b0 stara le\u0146\u0137is un IP65 aizsardz\u012bba. Modelim nav PIR sensora, korpuss ir melns, bet korpusa materi\u0101ls ir alum\u012bnijs ar plastmasas difuzoru.<\/p>\n<h2 data-section-id=\"7cpzmo\" data-start=\"656\" data-end=\"676\">Galven\u0101s \u012bpa\u0161\u012bbas<\/h2>\n<ul data-start=\"677\" data-end=\"1066\">\n<li data-section-id=\"a7iagy\" data-start=\"677\" data-end=\"693\">LED pro\u017eektors<\/li>\n<li data-section-id=\"m9jf65\" data-start=\"694\" data-end=\"708\">S\u0113rija TAMBO<\/li>\n<li data-section-id=\"olagbl\" data-start=\"709\" data-end=\"720\">Jauda 50W<\/li>\n<li data-section-id=\"8wshev\" data-start=\"721\" data-end=\"744\">Gaismas pl\u016bsma 5000lm<\/li>\n<li data-section-id=\"14a9np7\" data-start=\"745\" data-end=\"775\">Gaismas kr\u0101sa neitr\u0101li balta<\/li>\n<li data-section-id=\"frwnan\" data-start=\"776\" data-end=\"801\">Kr\u0101su temperat\u016bra 4000K<\/li>\n<li data-section-id=\"q7of4m\" data-start=\"802\" data-end=\"820\">IP65 aizsardz\u012bba<\/li>\n<li data-section-id=\"12icnw\" data-start=\"821\" data-end=\"840\">Stara le\u0146\u0137is 120\u00b0<\/li>\n<li data-section-id=\"1qua81h\" data-start=\"841\" data-end=\"852\">CRI Ra&gt;80<\/li>\n<li data-section-id=\"1im8bjc\" data-start=\"853\" data-end=\"883\">Gaismas efektivit\u0101te 100lm\/W<\/li>\n<li data-section-id=\"inrccp\" data-start=\"884\" data-end=\"920\">Meh\u0101nisk\u0101s aizsardz\u012bbas klase IK08<\/li>\n<li data-section-id=\"hz8od9\" data-start=\"921\" data-end=\"943\">Flicker free darb\u012bba<\/li>\n<li data-section-id=\"1oqbnrm\" data-start=\"944\" data-end=\"983\">Darba temperat\u016bra no -20\u00b0C l\u012bdz +40\u00b0C<\/li>\n<li data-section-id=\"1c48cge\" data-start=\"984\" data-end=\"1009\">Kalpo\u0161anas laiks 25000h<\/li>\n<li data-section-id=\"7n1f7g\" data-start=\"1010\" data-end=\"1066\">3 gadu garantija<\/li>\n<\/ul>\n<p><\/p>","protected":false},"excerpt":{"rendered":"<p>LED pro\u017eektors TAMBO ir paredz\u0113ts \u0101ra un iek\u0161telpu apgaismojumam viet\u0101s, kur nepiecie\u0161ama sp\u0113c\u012bga un vienm\u0113r\u012bga gaisma. Tas ir piem\u0113rots pagalmiem, piebrauktuv\u0113m, saimniec\u012bbas \u0113k\u0101m, noliktav\u0101m un cit\u0101m zon\u0101m ar virsmas mont\u0101\u017eu. Pro\u017eektors nodro\u0161ina 5000lm gaismas pl\u016bsmu pie 50W jaudas, tam ir neitr\u0101li balta 4000K gaisma, 120\u00b0 stara le\u0146\u0137is un IP65 aizsardz\u012bba. Modelim nav PIR sensora, korpuss [&hellip;]<\/p>\n","protected":false},"featured_media":111425,"comment_status":"closed","ping_status":"closed","template":"","meta":{"inline_featured_image":false},"product_cat":[908],"product_tag":[],"yst_prominent_words":[],"class_list":{"0":"post-111364","1":"product","2":"type-product","3":"status-publish","4":"has-post-thumbnail","6":"product_cat-led-prozektori","8":"first","9":"instock","10":"taxable","11":"shipping-taxable","12":"purchasable","13":"product-type-simple"},"jetpack_sharing_enabled":true,"_links":{"self":[{"href":"https:\/\/ddt.lv\/lv\/wp-json\/wp\/v2\/product\/111364"}],"collection":[{"href":"https:\/\/ddt.lv\/lv\/wp-json\/wp\/v2\/product"}],"about":[{"href":"https:\/\/ddt.lv\/lv\/wp-json\/wp\/v2\/types\/product"}],"replies":[{"embeddable":true,"href":"https:\/\/ddt.lv\/lv\/wp-json\/wp\/v2\/comments?post=111364"}],"wp:featuredmedia":[{"embeddable":true,"href":"https:\/\/ddt.lv\/lv\/wp-json\/wp\/v2\/media\/111425"}],"wp:attachment":[{"href":"https:\/\/ddt.lv\/lv\/wp-json\/wp\/v2\/media?parent=111364"}],"wp:term":[{"taxonomy":"product_cat","embeddable":true,"href":"https:\/\/ddt.lv\/lv\/wp-json\/wp\/v2\/product_cat?post=111364"},{"taxonomy":"product_tag","embeddable":true,"href":"https:\/\/ddt.lv\/lv\/wp-json\/wp\/v2\/product_tag?post=111364"},{"taxonomy":"yst_prominent_words","embeddable":true,"href":"https:\/\/ddt.lv\/lv\/wp-json\/wp\/v2\/yst_prominent_words?post=111364"}],"curies":[{"name":"wp","href":"https:\/\/api.w.org\/{rel}","templated":true}]}}