{"id":111363,"date":"2026-04-13T00:20:33","date_gmt":"2026-04-12T21:20:33","guid":{"rendered":"https:\/\/ddt.lv\/lv\/product\/spiedpoga-1-0-virsapmetuma-ip54-peleks-balts-emos\/"},"modified":"2026-04-14T15:55:34","modified_gmt":"2026-04-14T12:55:34","slug":"spiedpoga-1-0-virsapmetuma-ip54-peleks-balts-emos","status":"publish","type":"product","link":"https:\/\/ddt.lv\/lv\/product\/spiedpoga-1-0-virsapmetuma-ip54-peleks-balts-emos\/","title":{"rendered":"Spiedpoga 1\/0  virsapmetuma IP54 pel\u0113ks\/balts EMOS"},"content":{"rendered":"<p><\/p>\n<p data-start=\"24558\" data-end=\"24722\">Spiedpogas sl\u0113dzis ir paredz\u0113ts sienas mont\u0101\u017eai un piem\u0113rots viet\u0101m, kur nepiecie\u0161ama vienk\u0101r\u0161a un dro\u0161a vad\u012bba. IP54 aizsardz\u012bba \u013cauj to izmantot ar\u012b pras\u012bg\u0101k\u0101 vid\u0113.<\/p>\n<p data-start=\"24724\" data-end=\"24867\">Modelim ir viens tausti\u0146\u0161, pel\u0113ki melns korpuss un darba spriegums 250V ar str\u0101vu l\u012bdz 10A. Praktiska izv\u0113le \u0101r\u0113jai vai tehniskai uzst\u0101d\u012b\u0161anai.<\/p>\n<ul>\n<li data-section-id=\"6wbm7h\" data-start=\"24909\" data-end=\"24925\">Sienas mont\u0101\u017ea<\/li>\n<li data-section-id=\"174u1o4\" data-start=\"24926\" data-end=\"24944\">IP54 aizsardz\u012bba<\/li>\n<li data-section-id=\"1xm9q6o\" data-start=\"24945\" data-end=\"24957\">1 tausti\u0146\u0161<\/li>\n<li data-section-id=\"1fs4dgh\" data-start=\"24958\" data-end=\"24978\">Pel\u0113ki melna kr\u0101sa<\/li>\n<li data-section-id=\"1mynbty\" data-start=\"24979\" data-end=\"25000\">Spriegums 250V~ 10A<\/li>\n<li data-section-id=\"1whrcu4\" data-start=\"25001\" data-end=\"25016\">Augstums 92mm<\/li>\n<li data-section-id=\"zvi9zd\" data-start=\"25017\" data-end=\"25031\">Platums 65mm<\/li>\n<li data-section-id=\"1lt773c\" data-start=\"25032\" data-end=\"25046\">Dzi\u013cums 55mm<\/li>\n<\/ul>\n<p><\/p>","protected":false},"excerpt":{"rendered":"<p>Spiedpogas sl\u0113dzis ir paredz\u0113ts sienas mont\u0101\u017eai un piem\u0113rots viet\u0101m, kur nepiecie\u0161ama vienk\u0101r\u0161a un dro\u0161a vad\u012bba. IP54 aizsardz\u012bba \u013cauj to izmantot ar\u012b pras\u012bg\u0101k\u0101 vid\u0113. Modelim ir viens tausti\u0146\u0161, pel\u0113ki melns korpuss un darba spriegums 250V ar str\u0101vu l\u012bdz 10A. Praktiska izv\u0113le \u0101r\u0113jai vai tehniskai uzst\u0101d\u012b\u0161anai. Sienas mont\u0101\u017ea IP54 aizsardz\u012bba 1 tausti\u0146\u0161 Pel\u0113ki melna kr\u0101sa Spriegums 250V~ [&hellip;]<\/p>\n","protected":false},"featured_media":111431,"comment_status":"closed","ping_status":"closed","template":"","meta":{"inline_featured_image":false},"product_cat":[1303],"product_tag":[],"yst_prominent_words":[],"class_list":{"0":"post-111363","1":"product","2":"type-product","3":"status-publish","4":"has-post-thumbnail","6":"product_cat-spiedpogas","8":"first","9":"instock","10":"taxable","11":"shipping-taxable","12":"purchasable","13":"product-type-simple"},"jetpack_sharing_enabled":true,"_links":{"self":[{"href":"https:\/\/ddt.lv\/lv\/wp-json\/wp\/v2\/product\/111363"}],"collection":[{"href":"https:\/\/ddt.lv\/lv\/wp-json\/wp\/v2\/product"}],"about":[{"href":"https:\/\/ddt.lv\/lv\/wp-json\/wp\/v2\/types\/product"}],"replies":[{"embeddable":true,"href":"https:\/\/ddt.lv\/lv\/wp-json\/wp\/v2\/comments?post=111363"}],"wp:featuredmedia":[{"embeddable":true,"href":"https:\/\/ddt.lv\/lv\/wp-json\/wp\/v2\/media\/111431"}],"wp:attachment":[{"href":"https:\/\/ddt.lv\/lv\/wp-json\/wp\/v2\/media?parent=111363"}],"wp:term":[{"taxonomy":"product_cat","embeddable":true,"href":"https:\/\/ddt.lv\/lv\/wp-json\/wp\/v2\/product_cat?post=111363"},{"taxonomy":"product_tag","embeddable":true,"href":"https:\/\/ddt.lv\/lv\/wp-json\/wp\/v2\/product_tag?post=111363"},{"taxonomy":"yst_prominent_words","embeddable":true,"href":"https:\/\/ddt.lv\/lv\/wp-json\/wp\/v2\/yst_prominent_words?post=111363"}],"curies":[{"name":"wp","href":"https:\/\/api.w.org\/{rel}","templated":true}]}}