{"id":110273,"date":"2026-04-04T21:15:33","date_gmt":"2026-04-04T18:15:33","guid":{"rendered":"https:\/\/ddt.lv\/lv\/product\/bluetooth-talvadibas-pults-sylremote-sylvania-smart-gaismam\/"},"modified":"2026-04-04T21:22:27","modified_gmt":"2026-04-04T18:22:27","slug":"bluetooth-talvadibas-pults-sylremote-sylvania-smart-gaismam","status":"publish","type":"product","link":"https:\/\/ddt.lv\/lv\/product\/bluetooth-talvadibas-pults-sylremote-sylvania-smart-gaismam\/","title":{"rendered":"Bluetooth t\u0101lvad\u012bbas pults SylRemote Sylvania Smart gaism\u0101m"},"content":{"rendered":"<p><\/p>\n<p data-start=\"136\" data-end=\"402\">Bluetooth t\u0101lvad\u012bbas pults SylRemote ir \u0113rts risin\u0101jums Sylvania viedo gaismu vad\u012bbai bez WiFi savienojuma. T\u0101 ir paredz\u0113ta Sylvania viedaj\u0101m lamp\u0101m un gaismek\u013ciem, \u013caujot vienk\u0101r\u0161i p\u0101rvald\u012bt apgaismojumu m\u0101j\u0101s vai cit\u0101s telp\u0101s.<\/p>\n<p data-start=\"404\" data-end=\"694\">Ar vienu pulti iesp\u0113jams vad\u012bt l\u012bdz 10 SylSmart Home gaism\u0101m, t\u0101p\u0113c t\u0101 ir praktiska izv\u0113le lietot\u0101jiem, kuri v\u0113las \u0101tru un saprotamu apgaismojuma kontroli bez sare\u017e\u0123\u012btas uzst\u0101d\u012b\u0161anas. Kompaktais un slaidais dizains padara pulti \u0113rtu ikdienas lieto\u0161an\u0101.<\/p>\n<h2 data-section-id=\"7cpzmo\" data-start=\"696\" data-end=\"716\">Galven\u0101s \u012bpa\u0161\u012bbas<\/h2>\n<ul data-start=\"717\" data-end=\"1536\">\n<li data-section-id=\"ruhu27\" data-start=\"717\" data-end=\"809\">Bluetooth t\u0101lvad\u012bbas pults Sylvania viedaj\u0101m gaism\u0101m<\/li>\n<li data-section-id=\"16hjvgi\" data-start=\"810\" data-end=\"867\">Modelis SylRemote<\/li>\n<li data-section-id=\"1s9uqio\" data-start=\"868\" data-end=\"957\">Paredz\u0113ta Sylvania viedaj\u0101m lamp\u0101m un gaismek\u013ciem<\/li>\n<li data-section-id=\"1bxch29\" data-start=\"958\" data-end=\"1027\">Darbojas bez WiFi savienojuma<\/li>\n<li data-section-id=\"8po16x\" data-start=\"1028\" data-end=\"1107\">Var vad\u012bt l\u012bdz 10 SylSmart Home gaism\u0101m<\/li>\n<li data-section-id=\"1qedjw0\" data-start=\"1108\" data-end=\"1169\">Vienk\u0101r\u0161a uzst\u0101d\u012b\u0161ana<\/li>\n<li data-section-id=\"1002lg8\" data-start=\"1170\" data-end=\"1236\">Kompakts un slaids dizains<\/li>\n<li data-section-id=\"f0hgrt\" data-start=\"1237\" data-end=\"1302\">Aizsardz\u012bbas klase IP20<\/li>\n<li data-section-id=\"lgn0u8\" data-start=\"1303\" data-end=\"1374\">Darbojas ar 2 x AAA baterij\u0101m<\/li>\n<li data-section-id=\"broyp\" data-start=\"1375\" data-end=\"1477\">Piem\u0113rota m\u0101jsaimniec\u012bb\u0101m, viesm\u012bl\u012bbai un mazumtirdzniec\u012bbai<\/li>\n<\/ul>\n<p><\/p>","protected":false},"excerpt":{"rendered":"<p>Bluetooth t\u0101lvad\u012bbas pults SylRemote ir \u0113rts risin\u0101jums Sylvania viedo gaismu vad\u012bbai bez WiFi savienojuma. T\u0101 ir paredz\u0113ta Sylvania viedaj\u0101m lamp\u0101m un gaismek\u013ciem, \u013caujot vienk\u0101r\u0161i p\u0101rvald\u012bt apgaismojumu m\u0101j\u0101s vai cit\u0101s telp\u0101s. Ar vienu pulti iesp\u0113jams vad\u012bt l\u012bdz 10 SylSmart Home gaism\u0101m, t\u0101p\u0113c t\u0101 ir praktiska izv\u0113le lietot\u0101jiem, kuri v\u0113las \u0101tru un saprotamu apgaismojuma kontroli bez sare\u017e\u0123\u012btas [&hellip;]<\/p>\n","protected":false},"featured_media":110275,"comment_status":"closed","ping_status":"closed","template":"","meta":{"inline_featured_image":false},"product_cat":[907],"product_tag":[],"yst_prominent_words":[],"class_list":{"0":"post-110273","1":"product","2":"type-product","3":"status-publish","4":"has-post-thumbnail","6":"product_cat-iekares-ramji-u-c-piederumi-led-iekstelpu-gaismekli","8":"first","9":"instock","10":"taxable","11":"shipping-taxable","12":"purchasable","13":"product-type-simple"},"jetpack_sharing_enabled":true,"_links":{"self":[{"href":"https:\/\/ddt.lv\/lv\/wp-json\/wp\/v2\/product\/110273"}],"collection":[{"href":"https:\/\/ddt.lv\/lv\/wp-json\/wp\/v2\/product"}],"about":[{"href":"https:\/\/ddt.lv\/lv\/wp-json\/wp\/v2\/types\/product"}],"replies":[{"embeddable":true,"href":"https:\/\/ddt.lv\/lv\/wp-json\/wp\/v2\/comments?post=110273"}],"wp:featuredmedia":[{"embeddable":true,"href":"https:\/\/ddt.lv\/lv\/wp-json\/wp\/v2\/media\/110275"}],"wp:attachment":[{"href":"https:\/\/ddt.lv\/lv\/wp-json\/wp\/v2\/media?parent=110273"}],"wp:term":[{"taxonomy":"product_cat","embeddable":true,"href":"https:\/\/ddt.lv\/lv\/wp-json\/wp\/v2\/product_cat?post=110273"},{"taxonomy":"product_tag","embeddable":true,"href":"https:\/\/ddt.lv\/lv\/wp-json\/wp\/v2\/product_tag?post=110273"},{"taxonomy":"yst_prominent_words","embeddable":true,"href":"https:\/\/ddt.lv\/lv\/wp-json\/wp\/v2\/yst_prominent_words?post=110273"}],"curies":[{"name":"wp","href":"https:\/\/api.w.org\/{rel}","templated":true}]}}