{"id":109722,"date":"2026-04-02T08:55:35","date_gmt":"2026-04-02T05:55:35","guid":{"rendered":"https:\/\/ddt.lv\/lv\/product\/led-spuldze-classic-jc-g9-42w-470lm-silti-balta-emos\/"},"modified":"2026-04-22T08:51:23","modified_gmt":"2026-04-22T05:51:23","slug":"led-spuldze-classic-jc-g9-42w-470lm-silti-balta-emos","status":"publish","type":"product","link":"https:\/\/ddt.lv\/lv\/product\/led-spuldze-classic-jc-g9-42w-470lm-silti-balta-emos\/","title":{"rendered":"LED spuldze Classic JC G9 4,2W 470lm silti balta EMOS"},"content":{"rendered":"<p><\/p>\n<p data-start=\"101\" data-end=\"378\">LED spuldze Classic JC G9 ir kompakts un efekt\u012bvs risin\u0101jums dekorat\u012bvajam un ikdienas apgaismojumam, kur nepiecie\u0161ama G9 cokola spuldze ar siltu un pat\u012bkamu gaismu. T\u0101 ir piem\u0113rota sienas lamp\u0101m, griestu gaismek\u013ciem, galda lamp\u0101m un citiem interjera apgaismojuma risin\u0101jumiem.<\/p>\n<p data-start=\"380\" data-end=\"602\">Ar 470lm gaismas pl\u016bsmu un 3000K silti baltu gaismu \u0161\u012b LED spuldze pal\u012bdz rad\u012bt m\u0101j\u012bgu atmosf\u0113ru dz\u012bvojam\u0101s telp\u0101s. T\u0101 aizst\u0101j 40W kv\u0113lspuldzi, pat\u0113r\u0113jot tikai 4,2W, t\u0101p\u0113c nodro\u0161ina iev\u0113rojami ekonomisk\u0101ku darb\u012bbu ikdien\u0101.<\/p>\n<p data-start=\"604\" data-end=\"815\">30 000 stundu kalpo\u0161anas laiks un l\u012bdz 25 000 iesl\u0113g\u0161anas ciklu padara \u0161o modeli par uzticamu izv\u0113li ilgtermi\u0146a lieto\u0161anai. T\u0101 ir laba izv\u0113le pirc\u0113jiem, kuri v\u0113las vienk\u0101r\u0161u, efekt\u012bvu un klasisku G9 LED spuldzi.<\/p>\n<h2 data-section-id=\"7cpzmo\" data-start=\"817\" data-end=\"837\">Galven\u0101s \u012bpa\u0161\u012bbas<\/h2>\n<ul data-start=\"838\" data-end=\"1197\">\n<li data-section-id=\"d2ms9k\" data-start=\"838\" data-end=\"864\">LED spuldze ar G9 cokolu<\/li>\n<li data-section-id=\"1tzqj1s\" data-start=\"865\" data-end=\"885\">Modelis Classic JC<\/li>\n<li data-section-id=\"u6beem\" data-start=\"886\" data-end=\"898\">Jauda 4,2W<\/li>\n<li data-section-id=\"d5vnw1\" data-start=\"899\" data-end=\"921\">Gaismas pl\u016bsma 470lm<\/li>\n<li data-section-id=\"7igrrk\" data-start=\"922\" data-end=\"949\">Gaismas kr\u0101sa silti balta<\/li>\n<li data-section-id=\"fptvxk\" data-start=\"950\" data-end=\"975\">Kr\u0101su temperat\u016bra 3000K<\/li>\n<li data-section-id=\"fsv3jr\" data-start=\"976\" data-end=\"1006\">Ekvivalents kv\u0113lspuldzei 40W<\/li>\n<li data-section-id=\"12guos\" data-start=\"1007\" data-end=\"1026\">Stara le\u0146\u0137is 300\u00b0<\/li>\n<li data-section-id=\"1goajd7\" data-start=\"1027\" data-end=\"1057\">Gaismas efektivit\u0101te 112lm\/W<\/li>\n<li data-section-id=\"dukw51\" data-start=\"1058\" data-end=\"1070\">CRI Ra &gt;80<\/li>\n<li data-section-id=\"ox8fd4\" data-start=\"1071\" data-end=\"1086\">Nav dimm\u0113jama<\/li>\n<li data-section-id=\"1dki84q\" data-start=\"1087\" data-end=\"1114\">Kalpo\u0161anas laiks 30 000 h<\/li>\n<li data-section-id=\"weo8gb\" data-start=\"1115\" data-end=\"1148\">Iesl\u0113g\u0161anas ciklu skaits 25 000<\/li>\n<li data-section-id=\"1h3yzyc\" data-start=\"1149\" data-end=\"1197\">Piem\u0113rota dekorat\u012bvajam un m\u0101jas apgaismojumam<\/li>\n<\/ul>\n<p><\/p>","protected":false},"excerpt":{"rendered":"<p>LED spuldze Classic JC G9 ir kompakts un efekt\u012bvs risin\u0101jums dekorat\u012bvajam un ikdienas apgaismojumam, kur nepiecie\u0161ama G9 cokola spuldze ar siltu un pat\u012bkamu gaismu. T\u0101 ir piem\u0113rota sienas lamp\u0101m, griestu gaismek\u013ciem, galda lamp\u0101m un citiem interjera apgaismojuma risin\u0101jumiem. Ar 470lm gaismas pl\u016bsmu un 3000K silti baltu gaismu \u0161\u012b LED spuldze pal\u012bdz rad\u012bt m\u0101j\u012bgu atmosf\u0113ru dz\u012bvojam\u0101s [&hellip;]<\/p>\n","protected":false},"featured_media":110440,"comment_status":"closed","ping_status":"closed","template":"","meta":{"inline_featured_image":false},"product_cat":[854],"product_tag":[],"yst_prominent_words":[],"class_list":{"0":"post-109722","1":"product","2":"type-product","3":"status-publish","4":"has-post-thumbnail","6":"product_cat-g9-spuldzes","8":"first","9":"instock","10":"taxable","11":"shipping-taxable","12":"purchasable","13":"product-type-simple"},"jetpack_sharing_enabled":true,"_links":{"self":[{"href":"https:\/\/ddt.lv\/lv\/wp-json\/wp\/v2\/product\/109722"}],"collection":[{"href":"https:\/\/ddt.lv\/lv\/wp-json\/wp\/v2\/product"}],"about":[{"href":"https:\/\/ddt.lv\/lv\/wp-json\/wp\/v2\/types\/product"}],"replies":[{"embeddable":true,"href":"https:\/\/ddt.lv\/lv\/wp-json\/wp\/v2\/comments?post=109722"}],"wp:featuredmedia":[{"embeddable":true,"href":"https:\/\/ddt.lv\/lv\/wp-json\/wp\/v2\/media\/110440"}],"wp:attachment":[{"href":"https:\/\/ddt.lv\/lv\/wp-json\/wp\/v2\/media?parent=109722"}],"wp:term":[{"taxonomy":"product_cat","embeddable":true,"href":"https:\/\/ddt.lv\/lv\/wp-json\/wp\/v2\/product_cat?post=109722"},{"taxonomy":"product_tag","embeddable":true,"href":"https:\/\/ddt.lv\/lv\/wp-json\/wp\/v2\/product_tag?post=109722"},{"taxonomy":"yst_prominent_words","embeddable":true,"href":"https:\/\/ddt.lv\/lv\/wp-json\/wp\/v2\/yst_prominent_words?post=109722"}],"curies":[{"name":"wp","href":"https:\/\/api.w.org\/{rel}","templated":true}]}}