{"id":109721,"date":"2026-04-02T08:55:34","date_gmt":"2026-04-02T05:55:34","guid":{"rendered":"https:\/\/ddt.lv\/lv\/product\/led-gls-filament-a70-e27-18w-240v-2452lm-2700k-spuldze-emos\/"},"modified":"2026-04-22T08:50:23","modified_gmt":"2026-04-22T05:50:23","slug":"led-gls-filament-a70-e27-18w-240v-2452lm-2700k-spuldze-emos","status":"publish","type":"product","link":"https:\/\/ddt.lv\/lv\/product\/led-gls-filament-a70-e27-18w-240v-2452lm-2700k-spuldze-emos\/","title":{"rendered":"LED GLS FILAMENT A70 E27 18W 240V 2452lm 2700K spuldze EMOS"},"content":{"rendered":"<p><\/p>\n<p data-start=\"110\" data-end=\"413\">EMOS LED spuldze Filament A70 ar E27 cokolu ir piem\u0113rota telp\u0101m, kur nepiecie\u0161ams sp\u0113c\u012bgs un vienm\u0113r\u012bgs silti baltas gaismas apgaismojums. 2452lm gaismas pl\u016bsma un 360\u00b0 starojuma le\u0146\u0137is padara to par labu izv\u0113li viesistab\u0101m, \u0113damzon\u0101m, gaite\u0146iem un cit\u0101m viet\u0101m, kur svar\u012bgs ir pla\u0161s gaismas p\u0101rkl\u0101jums.<\/p>\n<p data-start=\"415\" data-end=\"631\">\u0160\u012b 18W LED spuldze aizst\u0101j l\u012bdz 150W kv\u0113lspuldzi, t\u0101p\u0113c pal\u012bdz samazin\u0101t elektroener\u0123ijas pat\u0113ri\u0146u, nezaud\u0113jot gaismas jaudu. Filament tipa izpild\u012bjums apvieno klasisku spuldzes izskatu ar m\u016bsdien\u012bgu LED tehnolo\u0123iju.<\/p>\n<h2 data-section-id=\"7cpzmo\" data-start=\"633\" data-end=\"653\">Galven\u0101s \u012bpa\u0161\u012bbas<\/h2>\n<ul data-start=\"654\" data-end=\"915\">\n<li data-section-id=\"1ob5m9e\" data-start=\"654\" data-end=\"680\">LED spuldze Filament A70<\/li>\n<li data-section-id=\"t4zjen\" data-start=\"681\" data-end=\"693\">Cokols E27<\/li>\n<li data-section-id=\"olad65\" data-start=\"694\" data-end=\"705\">Jauda 18W<\/li>\n<li data-section-id=\"4htmxv\" data-start=\"706\" data-end=\"729\">Gaismas pl\u016bsma 2452lm<\/li>\n<li data-section-id=\"7igrrk\" data-start=\"730\" data-end=\"757\">Gaismas kr\u0101sa silti balta<\/li>\n<li data-section-id=\"fqlm4u\" data-start=\"758\" data-end=\"783\">Kr\u0101su temperat\u016bra 2700K<\/li>\n<li data-section-id=\"o8s65j\" data-start=\"784\" data-end=\"815\">Ekvivalents kv\u0113lspuldzei 150W<\/li>\n<li data-section-id=\"12gt7e\" data-start=\"816\" data-end=\"835\">Stara le\u0146\u0137is 360\u00b0<\/li>\n<li data-section-id=\"3tl8qp\" data-start=\"836\" data-end=\"860\">Gaismas atdeve 136lm\/W<\/li>\n<li data-section-id=\"1c48cge\" data-start=\"861\" data-end=\"886\">Kalpo\u0161anas laiks 25000h<\/li>\n<li data-section-id=\"dukw51\" data-start=\"887\" data-end=\"899\">CRI Ra &gt;80<\/li>\n<li data-section-id=\"ox8fd4\" data-start=\"900\" data-end=\"915\">Nav dimm\u0113jama<\/li>\n<\/ul>\n<p><\/p>","protected":false},"excerpt":{"rendered":"<p>EMOS LED spuldze Filament A70 ar E27 cokolu ir piem\u0113rota telp\u0101m, kur nepiecie\u0161ams sp\u0113c\u012bgs un vienm\u0113r\u012bgs silti baltas gaismas apgaismojums. 2452lm gaismas pl\u016bsma un 360\u00b0 starojuma le\u0146\u0137is padara to par labu izv\u0113li viesistab\u0101m, \u0113damzon\u0101m, gaite\u0146iem un cit\u0101m viet\u0101m, kur svar\u012bgs ir pla\u0161s gaismas p\u0101rkl\u0101jums. \u0160\u012b 18W LED spuldze aizst\u0101j l\u012bdz 150W kv\u0113lspuldzi, t\u0101p\u0113c pal\u012bdz samazin\u0101t [&hellip;]<\/p>\n","protected":false},"featured_media":110513,"comment_status":"closed","ping_status":"closed","template":"","meta":{"inline_featured_image":false},"product_cat":[850],"product_tag":[],"yst_prominent_words":[],"class_list":{"0":"post-109721","1":"product","2":"type-product","3":"status-publish","4":"has-post-thumbnail","6":"product_cat-e27-spuldzes","8":"first","9":"instock","10":"taxable","11":"shipping-taxable","12":"purchasable","13":"product-type-simple"},"jetpack_sharing_enabled":true,"_links":{"self":[{"href":"https:\/\/ddt.lv\/lv\/wp-json\/wp\/v2\/product\/109721"}],"collection":[{"href":"https:\/\/ddt.lv\/lv\/wp-json\/wp\/v2\/product"}],"about":[{"href":"https:\/\/ddt.lv\/lv\/wp-json\/wp\/v2\/types\/product"}],"replies":[{"embeddable":true,"href":"https:\/\/ddt.lv\/lv\/wp-json\/wp\/v2\/comments?post=109721"}],"wp:featuredmedia":[{"embeddable":true,"href":"https:\/\/ddt.lv\/lv\/wp-json\/wp\/v2\/media\/110513"}],"wp:attachment":[{"href":"https:\/\/ddt.lv\/lv\/wp-json\/wp\/v2\/media?parent=109721"}],"wp:term":[{"taxonomy":"product_cat","embeddable":true,"href":"https:\/\/ddt.lv\/lv\/wp-json\/wp\/v2\/product_cat?post=109721"},{"taxonomy":"product_tag","embeddable":true,"href":"https:\/\/ddt.lv\/lv\/wp-json\/wp\/v2\/product_tag?post=109721"},{"taxonomy":"yst_prominent_words","embeddable":true,"href":"https:\/\/ddt.lv\/lv\/wp-json\/wp\/v2\/yst_prominent_words?post=109721"}],"curies":[{"name":"wp","href":"https:\/\/api.w.org\/{rel}","templated":true}]}}