{"id":109720,"date":"2026-04-02T08:50:37","date_gmt":"2026-04-02T05:50:37","guid":{"rendered":"https:\/\/ddt.lv\/lv\/product\/led-spuldze-filament-a60-e27-11w-1521lm-neitrali-balta-dim-emos\/"},"modified":"2026-04-22T08:51:44","modified_gmt":"2026-04-22T05:51:44","slug":"led-spuldze-filament-a60-e27-11w-1521lm-neitrali-balta-dim-emos","status":"publish","type":"product","link":"https:\/\/ddt.lv\/lv\/product\/led-spuldze-filament-a60-e27-11w-1521lm-neitrali-balta-dim-emos\/","title":{"rendered":"LED spuldze Filament A60 E27 11W 1521lm neitr\u0101li balta DIM EMOS"},"content":{"rendered":"<p><\/p>\n<p data-start=\"113\" data-end=\"415\">EMOS LED spuldze Filament A60 ar E27 cokolu nodro\u0161ina spilgtu un vienm\u0113r\u012bgu neitr\u0101li baltu apgaismojumu telp\u0101s, kur svar\u012bga ir laba redzam\u012bba un komforts. 1521lm gaismas pl\u016bsma un 4000K kr\u0101su temperat\u016bra padara to piem\u0113rotu virtuvei, darba zonai, gaitenim vai cit\u0101m ikdien\u0101 intens\u012bvi izmantot\u0101m telp\u0101m.<\/p>\n<p data-start=\"417\" data-end=\"624\">Dimm\u0113jam\u0101 funkcija \u013cauj piel\u0101got gaismas intensit\u0101ti atbilsto\u0161i situ\u0101cijai. Ja nepiecie\u0161ams spilgt\u0101ks apgaismojums darbam vai mier\u012bg\u0101ka atmosf\u0113ra vakaram, \u0161o spuldzi var \u0113rti piel\u0101got konkr\u0113taj\u0101m vajadz\u012bb\u0101m.<\/p>\n<h2 data-section-id=\"7cpzmo\" data-start=\"626\" data-end=\"646\">Galven\u0101s \u012bpa\u0161\u012bbas<\/h2>\n<ul data-start=\"647\" data-end=\"907\">\n<li data-section-id=\"1ob5m8j\" data-start=\"647\" data-end=\"673\">LED spuldze Filament A60<\/li>\n<li data-section-id=\"t4zjen\" data-start=\"674\" data-end=\"686\">Cokols E27<\/li>\n<li data-section-id=\"olad38\" data-start=\"687\" data-end=\"698\">Jauda 11W<\/li>\n<li data-section-id=\"6gg2xx\" data-start=\"699\" data-end=\"722\">Gaismas pl\u016bsma 1521lm<\/li>\n<li data-section-id=\"14a9np7\" data-start=\"723\" data-end=\"753\">Gaismas kr\u0101sa neitr\u0101li balta<\/li>\n<li data-section-id=\"frwnan\" data-start=\"754\" data-end=\"779\">Kr\u0101su temperat\u016bra 4000K<\/li>\n<li data-section-id=\"o8s8pu\" data-start=\"780\" data-end=\"811\">Ekvivalents kv\u0113lspuldzei 100W<\/li>\n<li data-section-id=\"obvvw1\" data-start=\"812\" data-end=\"823\">Dimm\u0113jama<\/li>\n<li data-section-id=\"12gwke\" data-start=\"824\" data-end=\"843\">Stara le\u0146\u0137is 320\u00b0<\/li>\n<li data-section-id=\"3plsi7\" data-start=\"844\" data-end=\"868\">Gaismas atdeve 138lm\/W<\/li>\n<li data-section-id=\"1c48cge\" data-start=\"869\" data-end=\"894\">Kalpo\u0161anas laiks 25000h<\/li>\n<li data-section-id=\"dukw51\" data-start=\"895\" data-end=\"907\">CRI Ra &gt;80<\/li>\n<\/ul>\n<p><\/p>","protected":false},"excerpt":{"rendered":"<p>EMOS LED spuldze Filament A60 ar E27 cokolu nodro\u0161ina spilgtu un vienm\u0113r\u012bgu neitr\u0101li baltu apgaismojumu telp\u0101s, kur svar\u012bga ir laba redzam\u012bba un komforts. 1521lm gaismas pl\u016bsma un 4000K kr\u0101su temperat\u016bra padara to piem\u0113rotu virtuvei, darba zonai, gaitenim vai cit\u0101m ikdien\u0101 intens\u012bvi izmantot\u0101m telp\u0101m. Dimm\u0113jam\u0101 funkcija \u013cauj piel\u0101got gaismas intensit\u0101ti atbilsto\u0161i situ\u0101cijai. Ja nepiecie\u0161ams spilgt\u0101ks apgaismojums [&hellip;]<\/p>\n","protected":false},"featured_media":110526,"comment_status":"closed","ping_status":"closed","template":"","meta":{"inline_featured_image":false},"product_cat":[850],"product_tag":[],"yst_prominent_words":[],"class_list":{"0":"post-109720","1":"product","2":"type-product","3":"status-publish","4":"has-post-thumbnail","6":"product_cat-e27-spuldzes","8":"first","9":"instock","10":"taxable","11":"shipping-taxable","12":"purchasable","13":"product-type-simple"},"jetpack_sharing_enabled":true,"_links":{"self":[{"href":"https:\/\/ddt.lv\/lv\/wp-json\/wp\/v2\/product\/109720"}],"collection":[{"href":"https:\/\/ddt.lv\/lv\/wp-json\/wp\/v2\/product"}],"about":[{"href":"https:\/\/ddt.lv\/lv\/wp-json\/wp\/v2\/types\/product"}],"replies":[{"embeddable":true,"href":"https:\/\/ddt.lv\/lv\/wp-json\/wp\/v2\/comments?post=109720"}],"wp:featuredmedia":[{"embeddable":true,"href":"https:\/\/ddt.lv\/lv\/wp-json\/wp\/v2\/media\/110526"}],"wp:attachment":[{"href":"https:\/\/ddt.lv\/lv\/wp-json\/wp\/v2\/media?parent=109720"}],"wp:term":[{"taxonomy":"product_cat","embeddable":true,"href":"https:\/\/ddt.lv\/lv\/wp-json\/wp\/v2\/product_cat?post=109720"},{"taxonomy":"product_tag","embeddable":true,"href":"https:\/\/ddt.lv\/lv\/wp-json\/wp\/v2\/product_tag?post=109720"},{"taxonomy":"yst_prominent_words","embeddable":true,"href":"https:\/\/ddt.lv\/lv\/wp-json\/wp\/v2\/yst_prominent_words?post=109720"}],"curies":[{"name":"wp","href":"https:\/\/api.w.org\/{rel}","templated":true}]}}