{"id":109718,"date":"2026-04-02T08:50:36","date_gmt":"2026-04-02T05:50:36","guid":{"rendered":"https:\/\/ddt.lv\/lv\/product\/led-spuldze-filament-mini-globe-e14-7w-1055lm-silti-balta-emos\/"},"modified":"2026-04-22T08:45:58","modified_gmt":"2026-04-22T05:45:58","slug":"led-spuldze-filament-mini-globe-e14-7w-1055lm-silti-balta-emos","status":"publish","type":"product","link":"https:\/\/ddt.lv\/lv\/product\/led-spuldze-filament-mini-globe-e14-7w-1055lm-silti-balta-emos\/","title":{"rendered":"LED spuldze Filament Mini Globe E14 7W 1055lm silti balta EMOS"},"content":{"rendered":"<p><\/p>\n<p data-start=\"116\" data-end=\"415\">EMOS LED spuldze Filament Mini Globe ar E14 cokolu ir piem\u0113rota gaismek\u013ciem, kuros nepiecie\u0161ama kompakta spuldze ar izteikti spilgtu silti baltu apgaismojumu. 1055lm gaismas pl\u016bsma un 360\u00b0 starojuma le\u0146\u0137is nodro\u0161ina vienm\u0113r\u012bgu gaismas izkliedi gan dekorat\u012bvos, gan ikdienas apgaismojuma risin\u0101jumos.<\/p>\n<p data-start=\"417\" data-end=\"627\">\u0160\u012b 7W LED spuldze aizst\u0101j l\u012bdz 75W kv\u0113lspuldzi, t\u0101p\u0113c \u013cauj samazin\u0101t elektroener\u0123ijas pat\u0113ri\u0146u, vienlaikus saglab\u0101jot augstu gaismas atdevi. Filament dizains apvieno klasisku izskatu ar modernu LED tehnolo\u0123iju.<\/p>\n<h2 data-section-id=\"7cpzmo\" data-start=\"629\" data-end=\"649\">Galven\u0101s \u012bpa\u0161\u012bbas<\/h2>\n<ul data-start=\"650\" data-end=\"916\">\n<li data-section-id=\"k5f2no\" data-start=\"650\" data-end=\"683\">LED spuldze Filament Mini Globe<\/li>\n<li data-section-id=\"t4zjfj\" data-start=\"684\" data-end=\"696\">Cokols E14<\/li>\n<li data-section-id=\"hyqdxv\" data-start=\"697\" data-end=\"707\">Jauda 7W<\/li>\n<li data-section-id=\"6bnjlv\" data-start=\"708\" data-end=\"731\">Gaismas pl\u016bsma 1055lm<\/li>\n<li data-section-id=\"7igrrk\" data-start=\"732\" data-end=\"759\">Gaismas kr\u0101sa silti balta<\/li>\n<li data-section-id=\"fqlm4u\" data-start=\"760\" data-end=\"785\">Kr\u0101su temperat\u016bra 2700K<\/li>\n<li data-section-id=\"fsv4i9\" data-start=\"786\" data-end=\"816\">Ekvivalents kv\u0113lspuldzei 75W<\/li>\n<li data-section-id=\"12gt7e\" data-start=\"817\" data-end=\"836\">Stara le\u0146\u0137is 360\u00b0<\/li>\n<li data-section-id=\"1yzthc0\" data-start=\"837\" data-end=\"861\">Gaismas atdeve 151lm\/W<\/li>\n<li data-section-id=\"1c48cge\" data-start=\"862\" data-end=\"887\">Kalpo\u0161anas laiks 25000h<\/li>\n<li data-section-id=\"dukw51\" data-start=\"888\" data-end=\"900\">CRI Ra &gt;80<\/li>\n<li data-section-id=\"ox8fd4\" data-start=\"901\" data-end=\"916\">Nav dimm\u0113jama<\/li>\n<\/ul>\n<p><\/p>","protected":false},"excerpt":{"rendered":"<p>EMOS LED spuldze Filament Mini Globe ar E14 cokolu ir piem\u0113rota gaismek\u013ciem, kuros nepiecie\u0161ama kompakta spuldze ar izteikti spilgtu silti baltu apgaismojumu. 1055lm gaismas pl\u016bsma un 360\u00b0 starojuma le\u0146\u0137is nodro\u0161ina vienm\u0113r\u012bgu gaismas izkliedi gan dekorat\u012bvos, gan ikdienas apgaismojuma risin\u0101jumos. \u0160\u012b 7W LED spuldze aizst\u0101j l\u012bdz 75W kv\u0113lspuldzi, t\u0101p\u0113c \u013cauj samazin\u0101t elektroener\u0123ijas pat\u0113ri\u0146u, vienlaikus saglab\u0101jot augstu [&hellip;]<\/p>\n","protected":false},"featured_media":110532,"comment_status":"closed","ping_status":"closed","template":"","meta":{"inline_featured_image":false},"product_cat":[851],"product_tag":[],"yst_prominent_words":[],"class_list":{"0":"post-109718","1":"product","2":"type-product","3":"status-publish","4":"has-post-thumbnail","6":"product_cat-e14-spuldzes","8":"first","9":"instock","10":"taxable","11":"shipping-taxable","12":"purchasable","13":"product-type-simple"},"jetpack_sharing_enabled":true,"_links":{"self":[{"href":"https:\/\/ddt.lv\/lv\/wp-json\/wp\/v2\/product\/109718"}],"collection":[{"href":"https:\/\/ddt.lv\/lv\/wp-json\/wp\/v2\/product"}],"about":[{"href":"https:\/\/ddt.lv\/lv\/wp-json\/wp\/v2\/types\/product"}],"replies":[{"embeddable":true,"href":"https:\/\/ddt.lv\/lv\/wp-json\/wp\/v2\/comments?post=109718"}],"wp:featuredmedia":[{"embeddable":true,"href":"https:\/\/ddt.lv\/lv\/wp-json\/wp\/v2\/media\/110532"}],"wp:attachment":[{"href":"https:\/\/ddt.lv\/lv\/wp-json\/wp\/v2\/media?parent=109718"}],"wp:term":[{"taxonomy":"product_cat","embeddable":true,"href":"https:\/\/ddt.lv\/lv\/wp-json\/wp\/v2\/product_cat?post=109718"},{"taxonomy":"product_tag","embeddable":true,"href":"https:\/\/ddt.lv\/lv\/wp-json\/wp\/v2\/product_tag?post=109718"},{"taxonomy":"yst_prominent_words","embeddable":true,"href":"https:\/\/ddt.lv\/lv\/wp-json\/wp\/v2\/yst_prominent_words?post=109718"}],"curies":[{"name":"wp","href":"https:\/\/api.w.org\/{rel}","templated":true}]}}