{"id":109717,"date":"2026-04-02T08:50:35","date_gmt":"2026-04-02T05:50:35","guid":{"rendered":"https:\/\/ddt.lv\/lv\/product\/led-spuldze-classic-jc-g9-43w-600lm-neitrali-balta-emos\/"},"modified":"2026-04-27T08:46:36","modified_gmt":"2026-04-27T05:46:36","slug":"led-spuldze-classic-jc-g9-43w-600lm-neitrali-balta-emos","status":"publish","type":"product","link":"https:\/\/ddt.lv\/lv\/product\/led-spuldze-classic-jc-g9-43w-600lm-neitrali-balta-emos\/","title":{"rendered":"LED spuldze Classic JC G9 4,3W 600lm neitr\u0101li balta EMOS"},"content":{"rendered":"<p><\/p>\n<p data-start=\"110\" data-end=\"388\">EMOS LED spuldze Classic JC ar G9 cokolu ir piem\u0113rota kompaktajiem gaismek\u013ciem, kur nepiecie\u0161ams ekonomisks un stabils apgaismojums. T\u0101 nodro\u0161ina 600lm gaismas pl\u016bsmu un 4000K neitr\u0101li baltu gaismu, kas ir piem\u0113rota ikdienas lieto\u0161anai m\u0101j\u0101s, biroj\u0101 un dekorat\u012bvajos gaismek\u013cos.<\/p>\n<p data-start=\"390\" data-end=\"646\">\u0160\u012b 4,3W LED spuldze aizst\u0101j l\u012bdz 48W kv\u0113lspuldzi, pal\u012bdzot samazin\u0101t elektroener\u0123ijas pat\u0113ri\u0146u, vienlaikus saglab\u0101jot labu apgaismojuma kvalit\u0101ti. Kompaktais izm\u0113rs un t\u016bl\u012bt\u0113ja iesl\u0113g\u0161an\u0101s padara to par praktisku risin\u0101jumu maz\u0101kiem apgaismojuma \u0137erme\u0146iem.<\/p>\n<h2 data-section-id=\"7cpzmo\" data-start=\"648\" data-end=\"668\">Galven\u0101s \u012bpa\u0161\u012bbas<\/h2>\n<ul data-start=\"669\" data-end=\"929\">\n<li data-section-id=\"1agork9\" data-start=\"669\" data-end=\"693\">LED spuldze Classic JC<\/li>\n<li data-section-id=\"1ray3cx\" data-start=\"694\" data-end=\"705\">Cokols G9<\/li>\n<li data-section-id=\"u6bedr\" data-start=\"706\" data-end=\"718\">Jauda 4,3W<\/li>\n<li data-section-id=\"d4kmok\" data-start=\"719\" data-end=\"741\">Gaismas pl\u016bsma 600lm<\/li>\n<li data-section-id=\"14a9np7\" data-start=\"742\" data-end=\"772\">Gaismas kr\u0101sa neitr\u0101li balta<\/li>\n<li data-section-id=\"frwnan\" data-start=\"773\" data-end=\"798\">Kr\u0101su temperat\u016bra 4000K<\/li>\n<li data-section-id=\"fsv3r3\" data-start=\"799\" data-end=\"829\">Ekvivalents kv\u0113lspuldzei 48W<\/li>\n<li data-section-id=\"12guos\" data-start=\"830\" data-end=\"849\">Stara le\u0146\u0137is 300\u00b0<\/li>\n<li data-section-id=\"1vtcm8\" data-start=\"850\" data-end=\"874\">Gaismas atdeve 140lm\/W<\/li>\n<li data-section-id=\"1cmo7qi\" data-start=\"875\" data-end=\"900\">Kalpo\u0161anas laiks 30000h<\/li>\n<li data-section-id=\"dukw51\" data-start=\"901\" data-end=\"913\">CRI Ra &gt;80<\/li>\n<li data-section-id=\"ox8fd4\" data-start=\"914\" data-end=\"929\">Nav dimm\u0113jama<\/li>\n<\/ul>\n<p><\/p>","protected":false},"excerpt":{"rendered":"<p>EMOS LED spuldze Classic JC ar G9 cokolu ir piem\u0113rota kompaktajiem gaismek\u013ciem, kur nepiecie\u0161ams ekonomisks un stabils apgaismojums. T\u0101 nodro\u0161ina 600lm gaismas pl\u016bsmu un 4000K neitr\u0101li baltu gaismu, kas ir piem\u0113rota ikdienas lieto\u0161anai m\u0101j\u0101s, biroj\u0101 un dekorat\u012bvajos gaismek\u013cos. \u0160\u012b 4,3W LED spuldze aizst\u0101j l\u012bdz 48W kv\u0113lspuldzi, pal\u012bdzot samazin\u0101t elektroener\u0123ijas pat\u0113ri\u0146u, vienlaikus saglab\u0101jot labu apgaismojuma kvalit\u0101ti. [&hellip;]<\/p>\n","protected":false},"featured_media":110558,"comment_status":"closed","ping_status":"closed","template":"","meta":{"inline_featured_image":false},"product_cat":[854],"product_tag":[],"yst_prominent_words":[],"class_list":{"0":"post-109717","1":"product","2":"type-product","3":"status-publish","4":"has-post-thumbnail","6":"product_cat-g9-spuldzes","8":"first","9":"instock","10":"taxable","11":"shipping-taxable","12":"purchasable","13":"product-type-simple"},"jetpack_sharing_enabled":true,"_links":{"self":[{"href":"https:\/\/ddt.lv\/lv\/wp-json\/wp\/v2\/product\/109717"}],"collection":[{"href":"https:\/\/ddt.lv\/lv\/wp-json\/wp\/v2\/product"}],"about":[{"href":"https:\/\/ddt.lv\/lv\/wp-json\/wp\/v2\/types\/product"}],"replies":[{"embeddable":true,"href":"https:\/\/ddt.lv\/lv\/wp-json\/wp\/v2\/comments?post=109717"}],"wp:featuredmedia":[{"embeddable":true,"href":"https:\/\/ddt.lv\/lv\/wp-json\/wp\/v2\/media\/110558"}],"wp:attachment":[{"href":"https:\/\/ddt.lv\/lv\/wp-json\/wp\/v2\/media?parent=109717"}],"wp:term":[{"taxonomy":"product_cat","embeddable":true,"href":"https:\/\/ddt.lv\/lv\/wp-json\/wp\/v2\/product_cat?post=109717"},{"taxonomy":"product_tag","embeddable":true,"href":"https:\/\/ddt.lv\/lv\/wp-json\/wp\/v2\/product_tag?post=109717"},{"taxonomy":"yst_prominent_words","embeddable":true,"href":"https:\/\/ddt.lv\/lv\/wp-json\/wp\/v2\/yst_prominent_words?post=109717"}],"curies":[{"name":"wp","href":"https:\/\/api.w.org\/{rel}","templated":true}]}}